{"id":427801,"date":"2019-08-05T10:14:00","date_gmt":"2019-08-05T08:14:00","guid":{"rendered":"https:\/\/www.speedcube.nl\/unkategorisiert\/yuxin-kleine-magie-7x7x7-m\/"},"modified":"2026-04-09T05:02:21","modified_gmt":"2026-04-09T03:02:21","slug":"yuxin-kleine-magie-7x7x7-m","status":"publish","type":"product","link":"https:\/\/www.speedcube.nl\/de\/speedcube-de\/7x7-de\/yuxin-kleine-magie-7x7x7-m\/","title":{"rendered":"Yuxin Kleine Magie 7x7x7 M"},"content":{"rendered":"<p>Der YuXin Little Magic 7&#215;7 M ist ein neuer preisg\u00fcnstiger magnetischer 7&#215;7 Speed Cube. Dieser W\u00fcrfel hat leuchtende, klebstofffreie, klare Farben, eine mittelstarke Magnetwirkung und l\u00e4sst sich sofort nach dem Auspacken problemlos drehen.<\/p>\n","protected":false},"excerpt":{"rendered":"<p>YUXIN<\/p>\n","protected":false},"featured_media":379400,"template":"","meta":{"_improvement_type_select":"improve_an_existing","_thumb_yes_seoaic":false,"_frame_yes_seoaic":false,"seoaic_generate_description":"","seoaic_improve_instructions_prompt":"","seoaic_rollback_content_improvement":"","seoaic_idea_thumbnail_generator":"","thumbnail_generated":false,"thumbnail_generate_prompt":"","seoaic_article_description":"","product-afmeting-lengte-mm":"","product-afmeting-breedte-mm":"","product-afmeting-hoogte-mm":""},"product_brand":[],"product_cat":[1897,1377,1211],"product_tag":[],"class_list":{"0":"post-427801","1":"product","2":"type-product","3":"status-publish","4":"has-post-thumbnail","6":"product_cat-7x7-de","7":"product_cat-yuxin-de","8":"product_cat-speedcube-de","9":"pa_merken-yuxin-de","11":"first","12":"instock","13":"taxable","14":"shipping-taxable","15":"purchasable","16":"product-type-simple"},"df_price":28.95,"df_sale_price":"","df_regular_price":28.95,"df_image_link":"https:\/\/www.speedcube.nl\/wp-content\/uploads\/2023\/06\/Productvisuals_Speedcubes-yuxin-little-magic-7x7x7-m-285x300.jpg","_links":{"self":[{"href":"https:\/\/www.speedcube.nl\/de\/wp-json\/wp\/v2\/product\/427801","targetHints":{"allow":["GET"]}}],"collection":[{"href":"https:\/\/www.speedcube.nl\/de\/wp-json\/wp\/v2\/product"}],"about":[{"href":"https:\/\/www.speedcube.nl\/de\/wp-json\/wp\/v2\/types\/product"}],"version-history":[{"count":0,"href":"https:\/\/www.speedcube.nl\/de\/wp-json\/wp\/v2\/product\/427801\/revisions"}],"wp:featuredmedia":[{"embeddable":true,"href":"https:\/\/www.speedcube.nl\/de\/wp-json\/wp\/v2\/media\/379400"}],"wp:attachment":[{"href":"https:\/\/www.speedcube.nl\/de\/wp-json\/wp\/v2\/media?parent=427801"}],"wp:term":[{"taxonomy":"product_brand","embeddable":true,"href":"https:\/\/www.speedcube.nl\/de\/wp-json\/wp\/v2\/product_brand?post=427801"},{"taxonomy":"product_cat","embeddable":true,"href":"https:\/\/www.speedcube.nl\/de\/wp-json\/wp\/v2\/product_cat?post=427801"},{"taxonomy":"product_tag","embeddable":true,"href":"https:\/\/www.speedcube.nl\/de\/wp-json\/wp\/v2\/product_tag?post=427801"}],"curies":[{"name":"wp","href":"https:\/\/api.w.org\/{rel}","templated":true}]}}