{"id":427780,"date":"2019-07-08T07:17:00","date_gmt":"2019-07-08T05:17:00","guid":{"rendered":"https:\/\/www.speedcube.nl\/unkategorisiert\/qiyi-oel-m\/"},"modified":"2026-04-29T05:07:17","modified_gmt":"2026-04-29T03:07:17","slug":"qiyi-oel-m","status":"publish","type":"product","link":"https:\/\/www.speedcube.nl\/de\/speedcube-de\/schmierstoffe\/qiyi-oel-m\/","title":{"rendered":"Qiyi \u00d6l M"},"content":{"rendered":"<p>QiYi hat neue Schmierstoffe auf den Markt gebracht. Es gibt zwei verschiedene Versionen: die M1 (blaue Variante) und die M2 (rote Variante). M1 (blau) ist ein Gleitmittel auf Wasserbasis, um den W\u00fcrfel zu beschleunigen, und M2 (rot) ist ein Gleitmittel auf Silikonbasis, das den W\u00fcrfel geschmeidiger und besser handhabbar macht. Sie sind jeweils in 5ml-Flaschen erh\u00e4ltlich. <strong>Derzeit verkaufen wir nur die blaue Version.<\/strong><\/p>\n","protected":false},"excerpt":{"rendered":"<p>QIYI<\/p>\n","protected":false},"featured_media":469946,"template":"","meta":{"_improvement_type_select":"improve_an_existing","_thumb_yes_seoaic":false,"_frame_yes_seoaic":false,"seoaic_generate_description":"","seoaic_improve_instructions_prompt":"","seoaic_rollback_content_improvement":"","seoaic_idea_thumbnail_generator":"","thumbnail_generated":false,"thumbnail_generate_prompt":"","seoaic_article_description":"","product-afmeting-lengte-mm":"","product-afmeting-breedte-mm":"","product-afmeting-hoogte-mm":""},"product_brand":[],"product_cat":[1235,2564,1211],"product_tag":[],"class_list":{"0":"post-427780","1":"product","2":"type-product","3":"status-publish","4":"has-post-thumbnail","6":"product_cat-qiyi-de","7":"product_cat-schmierstoffe","8":"product_cat-speedcube-de","9":"pa_merken-qiyi-de","11":"first","12":"outofstock","13":"taxable","14":"shipping-taxable","15":"purchasable","16":"product-type-variable"},"df_price":6.95,"df_sale_price":"","df_regular_price":6.95,"df_image_link":"https:\/\/www.speedcube.nl\/wp-content\/uploads\/2019\/07\/Productvisuals_Speedcubes-QiYi-olie-m-9-285x300.jpg","_links":{"self":[{"href":"https:\/\/www.speedcube.nl\/de\/wp-json\/wp\/v2\/product\/427780","targetHints":{"allow":["GET"]}}],"collection":[{"href":"https:\/\/www.speedcube.nl\/de\/wp-json\/wp\/v2\/product"}],"about":[{"href":"https:\/\/www.speedcube.nl\/de\/wp-json\/wp\/v2\/types\/product"}],"version-history":[{"count":0,"href":"https:\/\/www.speedcube.nl\/de\/wp-json\/wp\/v2\/product\/427780\/revisions"}],"wp:featuredmedia":[{"embeddable":true,"href":"https:\/\/www.speedcube.nl\/de\/wp-json\/wp\/v2\/media\/469946"}],"wp:attachment":[{"href":"https:\/\/www.speedcube.nl\/de\/wp-json\/wp\/v2\/media?parent=427780"}],"wp:term":[{"taxonomy":"product_brand","embeddable":true,"href":"https:\/\/www.speedcube.nl\/de\/wp-json\/wp\/v2\/product_brand?post=427780"},{"taxonomy":"product_cat","embeddable":true,"href":"https:\/\/www.speedcube.nl\/de\/wp-json\/wp\/v2\/product_cat?post=427780"},{"taxonomy":"product_tag","embeddable":true,"href":"https:\/\/www.speedcube.nl\/de\/wp-json\/wp\/v2\/product_tag?post=427780"}],"curies":[{"name":"wp","href":"https:\/\/api.w.org\/{rel}","templated":true}]}}