{"id":427764,"date":"2019-08-19T06:04:00","date_gmt":"2019-08-19T04:04:00","guid":{"rendered":"https:\/\/www.speedcube.nl\/unkategorisiert\/henrys-yoyo-eidechse\/"},"modified":"2026-04-29T05:07:16","modified_gmt":"2026-04-29T03:07:16","slug":"henrys-yoyo-eidechse","status":"publish","type":"product","link":"https:\/\/www.speedcube.nl\/de\/aanbieding-de\/henrys-yoyo-eidechse\/","title":{"rendered":"Henrys Yoyo-Eidechse"},"content":{"rendered":"<p>Wenn du mit dem Jo-Jo-Spielen anf\u00e4ngst, dann ist dieses Henrys Yo-Yo perfekt. Es ist tats\u00e4chlich besser als andere Yo-Yos in dieser Preisklasse. Das Henrys Yo-Yo wird mit einem &#8222;Slider&#8220; AXYS Schaft geliefert, der f\u00fcr ein geschmeidiges Yo-Yo sorgt (der Schaft kann sp\u00e4ter jederzeit ausgetauscht werden, um dieses Yo-Yo aufzur\u00fcsten). Perfekt f\u00fcr Looping- und Seiltricks. Das Henrys Yoyo Lizard ist in verschiedenen Farben erh\u00e4ltlich.<\/p>\n<p>Lager AXYS Slider (austauschbar)<br \/>\nGewicht: 48 Gramm<br \/>\nDurchmesser: 61 mm<br \/>\nBreite: 34 mm<br \/>\n(Un)ansprechbar<\/p>\n","protected":false},"excerpt":{"rendered":"<p>HENRYS YOYO<\/p>\n","protected":false},"featured_media":379636,"template":"","meta":{"_improvement_type_select":"improve_an_existing","_thumb_yes_seoaic":false,"_frame_yes_seoaic":false,"seoaic_generate_description":"","seoaic_improve_instructions_prompt":"","seoaic_rollback_content_improvement":"","seoaic_idea_thumbnail_generator":"","thumbnail_generated":false,"thumbnail_generate_prompt":"","seoaic_article_description":"","product-afmeting-lengte-mm":"","product-afmeting-breedte-mm":"","product-afmeting-hoogte-mm":""},"product_brand":[],"product_cat":[1238,2558],"product_tag":[],"class_list":{"0":"post-427764","1":"product","2":"type-product","3":"status-publish","4":"has-post-thumbnail","6":"product_cat-yo-yos","7":"product_cat-aanbieding-de","8":"pa_merken-henrys-yoyo-de","10":"first","11":"instock","12":"sale","13":"taxable","14":"shipping-taxable","15":"purchasable","16":"product-type-variable"},"df_price":8.48,"df_sale_price":"","df_regular_price":8.48,"df_image_link":"https:\/\/www.speedcube.nl\/wp-content\/uploads\/2023\/06\/Productvisuals_yoyo-Henrys-Yoyo-Lizard-285x300.jpg","_links":{"self":[{"href":"https:\/\/www.speedcube.nl\/de\/wp-json\/wp\/v2\/product\/427764","targetHints":{"allow":["GET"]}}],"collection":[{"href":"https:\/\/www.speedcube.nl\/de\/wp-json\/wp\/v2\/product"}],"about":[{"href":"https:\/\/www.speedcube.nl\/de\/wp-json\/wp\/v2\/types\/product"}],"version-history":[{"count":0,"href":"https:\/\/www.speedcube.nl\/de\/wp-json\/wp\/v2\/product\/427764\/revisions"}],"wp:featuredmedia":[{"embeddable":true,"href":"https:\/\/www.speedcube.nl\/de\/wp-json\/wp\/v2\/media\/379636"}],"wp:attachment":[{"href":"https:\/\/www.speedcube.nl\/de\/wp-json\/wp\/v2\/media?parent=427764"}],"wp:term":[{"taxonomy":"product_brand","embeddable":true,"href":"https:\/\/www.speedcube.nl\/de\/wp-json\/wp\/v2\/product_brand?post=427764"},{"taxonomy":"product_cat","embeddable":true,"href":"https:\/\/www.speedcube.nl\/de\/wp-json\/wp\/v2\/product_cat?post=427764"},{"taxonomy":"product_tag","embeddable":true,"href":"https:\/\/www.speedcube.nl\/de\/wp-json\/wp\/v2\/product_tag?post=427764"}],"curies":[{"name":"wp","href":"https:\/\/api.w.org\/{rel}","templated":true}]}}