{"id":427762,"date":"2019-09-16T13:46:00","date_gmt":"2019-09-16T11:46:00","guid":{"rendered":"https:\/\/www.speedcube.nl\/unkategorisiert\/duncan-limelight\/"},"modified":"2026-05-04T05:19:08","modified_gmt":"2026-05-04T03:19:08","slug":"duncan-limelight","status":"publish","type":"product","link":"https:\/\/www.speedcube.nl\/de\/yo-yos\/ansprechbar\/duncan-limelight\/","title":{"rendered":"Duncan Limelight"},"content":{"rendered":"<p>Mit dem duncan Limelight ist es ganz einfach, eine Lichtshow an einer Schnur zu erzeugen! Das Yo-Yo verf\u00fcgt \u00fcber einen kantenbeschwerten K\u00f6rper aus strapazierf\u00e4higem Polycarbonat-Kunststoffgeh\u00e4use. Spezielle LED-Lichttechnik, die beim Drehen blinkt und Farbe und Muster \u00e4ndert! Das Limelight verf\u00fcgt \u00fcber eine austauschbare Trans-Achse f\u00fcr Loop-Tricks, die ihm das Gef\u00fchl eines klassischen Effekts in einem modernen Kunststoffdesign verleiht.<\/p>\n<p>Gewicht: 56,5 Gramm<br \/>\nDurchmesser: 57,48 mm<br \/>\nBreite: 27,48 mm<br \/>\nNiveau: Anf\u00e4nger<\/p>\n","protected":false},"excerpt":{"rendered":"<p>DUNCAN<\/p>\n","protected":false},"featured_media":380056,"template":"","meta":{"_improvement_type_select":"improve_an_existing","_thumb_yes_seoaic":false,"_frame_yes_seoaic":false,"seoaic_generate_description":"","seoaic_improve_instructions_prompt":"","seoaic_rollback_content_improvement":"","seoaic_idea_thumbnail_generator":"","thumbnail_generated":false,"thumbnail_generate_prompt":"","seoaic_article_description":"","product-afmeting-lengte-mm":"","product-afmeting-breedte-mm":"","product-afmeting-hoogte-mm":""},"product_brand":[],"product_cat":[1419,1242,1418,1238],"product_tag":[],"class_list":{"0":"post-427762","1":"product","2":"type-product","3":"status-publish","4":"has-post-thumbnail","6":"product_cat-ansprechbar","7":"product_cat-duncan-de","8":"product_cat-kunststoff","9":"product_cat-yo-yos","10":"pa_merken-duncan-de","12":"first","13":"outofstock","14":"sale","15":"taxable","16":"shipping-taxable","17":"purchasable","18":"product-type-variable"},"df_price":5.25,"df_sale_price":"","df_regular_price":5.25,"df_image_link":"https:\/\/www.speedcube.nl\/wp-content\/uploads\/2023\/06\/Productvisuals_yoyo-duncan-limelight-1-285x300.jpg","_links":{"self":[{"href":"https:\/\/www.speedcube.nl\/de\/wp-json\/wp\/v2\/product\/427762","targetHints":{"allow":["GET"]}}],"collection":[{"href":"https:\/\/www.speedcube.nl\/de\/wp-json\/wp\/v2\/product"}],"about":[{"href":"https:\/\/www.speedcube.nl\/de\/wp-json\/wp\/v2\/types\/product"}],"version-history":[{"count":0,"href":"https:\/\/www.speedcube.nl\/de\/wp-json\/wp\/v2\/product\/427762\/revisions"}],"wp:featuredmedia":[{"embeddable":true,"href":"https:\/\/www.speedcube.nl\/de\/wp-json\/wp\/v2\/media\/380056"}],"wp:attachment":[{"href":"https:\/\/www.speedcube.nl\/de\/wp-json\/wp\/v2\/media?parent=427762"}],"wp:term":[{"taxonomy":"product_brand","embeddable":true,"href":"https:\/\/www.speedcube.nl\/de\/wp-json\/wp\/v2\/product_brand?post=427762"},{"taxonomy":"product_cat","embeddable":true,"href":"https:\/\/www.speedcube.nl\/de\/wp-json\/wp\/v2\/product_cat?post=427762"},{"taxonomy":"product_tag","embeddable":true,"href":"https:\/\/www.speedcube.nl\/de\/wp-json\/wp\/v2\/product_tag?post=427762"}],"curies":[{"name":"wp","href":"https:\/\/api.w.org\/{rel}","templated":true}]}}