{"id":427691,"date":"2019-09-15T10:31:00","date_gmt":"2019-09-15T08:31:00","guid":{"rendered":"https:\/\/www.speedcube.nl\/unkategorisiert\/iyoyo-oil-run-thick\/"},"modified":"2026-05-09T05:01:25","modified_gmt":"2026-05-09T03:01:25","slug":"iyoyo-oil-run-thick","status":"publish","type":"product","link":"https:\/\/www.speedcube.nl\/de\/yo-yos\/schmierstoffe-de\/iyoyo-oil-run-thick\/","title":{"rendered":"iYoYo Oil Run Thick"},"content":{"rendered":"<p>Eine der besten Investitionen in Zubeh\u00f6r ist ein Fl\u00e4schchen Yo-Yo \u00d6l f\u00fcr die Pflege des Lagerbestands. Der Hintergrund ist, dass viele der \u00fcblichen mechanischen \u00d6le, die man zu Hause hat, viel zu dickfl\u00fcssig f\u00fcr Kugellager sind und somit die Leistung beeintr\u00e4chtigen! iYoYo hat sich daher mit einem bekannten deutschen Silikon\u00f6lhersteller zusammengetan und zwei Varianten entwickelt, die speziell auf die Bed\u00fcrfnisse von Yo-Yo-Spielern zugeschnitten sind.<\/p>\n<p>Dieses dickfl\u00fcssige \u00d6l eignet sich auch hervorragend, um Anf\u00e4nger-Yojos mit schmalen Lagern, wie z.B. das eine, schmale Lager des iYoYo 2, wieder ansprechbar zu machen. So kommt sie durch Bewegung leicht wieder an die Hand. Empfehlung: bei Loop vor jedem Leinenwechsel einen Tropfen Br\u00fche einf\u00fcllen, bei Anf\u00e4nger-Yojos nur wenn n\u00f6tig, wenn das YoYo durch Ziehen nicht wieder zur Hand kommt.<\/p>\n<p>Die Flaschen enthalten jeweils 25 ml. Die Erfahrung hat gezeigt, dass dies bei normalem Spielverhalten mehr als genug f\u00fcr 2 Jahre ist.<\/p>\n","protected":false},"excerpt":{"rendered":"<p>IYOYO<\/p>\n","protected":false},"featured_media":380222,"template":"","meta":{"_improvement_type_select":"improve_an_existing","_thumb_yes_seoaic":false,"_frame_yes_seoaic":false,"seoaic_generate_description":"","seoaic_improve_instructions_prompt":"","seoaic_rollback_content_improvement":"","seoaic_idea_thumbnail_generator":"","thumbnail_generated":false,"thumbnail_generate_prompt":"","seoaic_article_description":"","product-afmeting-lengte-mm":"","product-afmeting-breedte-mm":"","product-afmeting-hoogte-mm":""},"product_brand":[],"product_cat":[2712,2949,1238],"product_tag":[],"class_list":{"0":"post-427691","1":"product","2":"type-product","3":"status-publish","4":"has-post-thumbnail","6":"product_cat-iyoyo-de","7":"product_cat-schmierstoffe-de","8":"product_cat-yo-yos","9":"pa_merken-iyoyo-de","11":"first","12":"onbackorder","13":"taxable","14":"shipping-taxable","15":"purchasable","16":"product-type-simple"},"df_price":6.99,"df_sale_price":"","df_regular_price":6.99,"df_image_link":"https:\/\/www.speedcube.nl\/wp-content\/uploads\/2023\/06\/Productvisuals_yoyo-iyoyo-olie-loop-dik-1-285x300.jpg","_links":{"self":[{"href":"https:\/\/www.speedcube.nl\/de\/wp-json\/wp\/v2\/product\/427691","targetHints":{"allow":["GET"]}}],"collection":[{"href":"https:\/\/www.speedcube.nl\/de\/wp-json\/wp\/v2\/product"}],"about":[{"href":"https:\/\/www.speedcube.nl\/de\/wp-json\/wp\/v2\/types\/product"}],"version-history":[{"count":0,"href":"https:\/\/www.speedcube.nl\/de\/wp-json\/wp\/v2\/product\/427691\/revisions"}],"wp:featuredmedia":[{"embeddable":true,"href":"https:\/\/www.speedcube.nl\/de\/wp-json\/wp\/v2\/media\/380222"}],"wp:attachment":[{"href":"https:\/\/www.speedcube.nl\/de\/wp-json\/wp\/v2\/media?parent=427691"}],"wp:term":[{"taxonomy":"product_brand","embeddable":true,"href":"https:\/\/www.speedcube.nl\/de\/wp-json\/wp\/v2\/product_brand?post=427691"},{"taxonomy":"product_cat","embeddable":true,"href":"https:\/\/www.speedcube.nl\/de\/wp-json\/wp\/v2\/product_cat?post=427691"},{"taxonomy":"product_tag","embeddable":true,"href":"https:\/\/www.speedcube.nl\/de\/wp-json\/wp\/v2\/product_tag?post=427691"}],"curies":[{"name":"wp","href":"https:\/\/api.w.org\/{rel}","templated":true}]}}