{"id":427671,"date":"2019-08-16T12:15:00","date_gmt":"2019-08-16T10:15:00","guid":{"rendered":"https:\/\/www.speedcube.nl\/unkategorisiert\/yuxin-9x9-kleine-magie\/"},"modified":"2026-05-10T05:04:26","modified_gmt":"2026-05-10T03:04:26","slug":"yuxin-9x9-kleine-magie","status":"publish","type":"product","link":"https:\/\/www.speedcube.nl\/de\/speedcube-de\/9x9-de\/yuxin-9x9-kleine-magie\/","title":{"rendered":"Yuxin 9&#215;9 Kleine Magie"},"content":{"rendered":"<p>Der YuXin Little Magic hat sehr sch\u00f6ne leuchtende Farben, wie wir es von der Serie gewohnt sind. Au\u00dferdem haben die St\u00fccke eine matte Oberfl\u00e4che, was uns pers\u00f6nlich sehr gut gef\u00e4llt. Der YuXin Little Magic l\u00e4uft sehr fl\u00fcssig und dreht sich gro\u00dfartig, ein sehr sch\u00f6ner W\u00fcrfel zu einem guten Preis.<\/p>\n<p>&nbsp;<\/p>\n<p><strong>Sind Sie neu im Cubing oder ein Anf\u00e4nger?<\/strong><\/p>\n<p><strong>Pops und Expolsians sind nicht von der Garantie abgedeckt.<\/strong><\/p>\n<p><strong>Seien Sie also vorsichtig, wenn Sie die ersten Kurven fahren.<\/strong><\/p>\n<p><strong>Passen Sie den W\u00fcrfel bei Bedarf fester an.<\/strong><\/p>\n<p><strong>R\u00fccksendungen werden nur f\u00fcr vollst\u00e4ndig montierte W\u00fcrfel akzeptiert.<\/strong><\/p>\n<p><strong>Es gibt 2 Arten von &#8218;Pops&#8216; beim W\u00fcrfeln:<\/strong><\/p>\n<p><strong> <\/strong><strong>-Pops &#8211; Ein einzelnes St\u00fcck (oder mehrere St\u00fccke) f\u00e4llt aus dem W\u00fcrfel.<\/strong><\/p>\n<p><strong>-Explosionen &#8211; der ganze W\u00fcrfel f\u00e4llt auseinander und Sie haben nur noch einen Haufen Scherben.<\/strong><\/p>\n<p><strong><br \/>\n<\/strong><strong>Hinweis: Dies kann bei einem brandneuen W\u00fcrfel bei Ihrer ersten L\u00f6sung passieren. Es ist immer eine gute Idee, einige langsame Drehungen zu machen und die Spannung des W\u00fcrfels zu \u00fcberpr\u00fcfen.<br \/>\n<\/strong><\/p>\n<p><strong>In jedem Fall sind Sie vielleicht ein wenig irritiert und verwirrt, wie Sie es wieder zusammensetzen sollen.  <\/strong><\/p>\n<p><strong>Wenn Ihr W\u00fcrfel explodiert ist und Sie nur noch einen Haufen Scherben haben oder ein<\/strong><strong>Wenn Ihr W\u00fcrfel geplatzt ist und ein einzelnes St\u00fcck oder ein paar St\u00fccke herausgekommen sind, lassen Sie es uns bitte wissen und wir k\u00f6nnen Ihnen ein Anleitungsvideo schicken.<\/strong><\/p>\n<p><strong>Hinweis: Sollte ein St\u00fcck brechen, ersetzen wir das St\u00fcck und nicht den ganzen W\u00fcrfel.<\/strong><\/p>\n","protected":false},"excerpt":{"rendered":"<p>YUXIN<\/p>\n","protected":false},"featured_media":379488,"template":"","meta":{"_improvement_type_select":"improve_an_existing","_thumb_yes_seoaic":false,"_frame_yes_seoaic":false,"seoaic_generate_description":"","seoaic_improve_instructions_prompt":"","seoaic_rollback_content_improvement":"","seoaic_idea_thumbnail_generator":"","thumbnail_generated":false,"thumbnail_generate_prompt":"","seoaic_article_description":"","product-afmeting-lengte-mm":"","product-afmeting-breedte-mm":"","product-afmeting-hoogte-mm":""},"product_brand":[],"product_cat":[1379,1377,1211],"product_tag":[],"class_list":{"0":"post-427671","1":"product","2":"type-product","3":"status-publish","4":"has-post-thumbnail","6":"product_cat-9x9-de","7":"product_cat-yuxin-de","8":"product_cat-speedcube-de","9":"pa_merken-yuxin-de","11":"first","12":"outofstock","13":"taxable","14":"shipping-taxable","15":"purchasable","16":"product-type-simple"},"df_price":36.95,"df_sale_price":"","df_regular_price":36.95,"df_image_link":"https:\/\/www.speedcube.nl\/wp-content\/uploads\/2023\/06\/Productvisuals_Speedcubes-yuxin-9x9-little-magic-285x300.jpg","_links":{"self":[{"href":"https:\/\/www.speedcube.nl\/de\/wp-json\/wp\/v2\/product\/427671","targetHints":{"allow":["GET"]}}],"collection":[{"href":"https:\/\/www.speedcube.nl\/de\/wp-json\/wp\/v2\/product"}],"about":[{"href":"https:\/\/www.speedcube.nl\/de\/wp-json\/wp\/v2\/types\/product"}],"version-history":[{"count":1,"href":"https:\/\/www.speedcube.nl\/de\/wp-json\/wp\/v2\/product\/427671\/revisions"}],"predecessor-version":[{"id":520736,"href":"https:\/\/www.speedcube.nl\/de\/wp-json\/wp\/v2\/product\/427671\/revisions\/520736"}],"wp:featuredmedia":[{"embeddable":true,"href":"https:\/\/www.speedcube.nl\/de\/wp-json\/wp\/v2\/media\/379488"}],"wp:attachment":[{"href":"https:\/\/www.speedcube.nl\/de\/wp-json\/wp\/v2\/media?parent=427671"}],"wp:term":[{"taxonomy":"product_brand","embeddable":true,"href":"https:\/\/www.speedcube.nl\/de\/wp-json\/wp\/v2\/product_brand?post=427671"},{"taxonomy":"product_cat","embeddable":true,"href":"https:\/\/www.speedcube.nl\/de\/wp-json\/wp\/v2\/product_cat?post=427671"},{"taxonomy":"product_tag","embeddable":true,"href":"https:\/\/www.speedcube.nl\/de\/wp-json\/wp\/v2\/product_tag?post=427671"}],"curies":[{"name":"wp","href":"https:\/\/api.w.org\/{rel}","templated":true}]}}