{"id":427614,"date":"2019-09-16T13:46:00","date_gmt":"2019-09-16T11:46:00","guid":{"rendered":"https:\/\/www.speedcube.nl\/unkategorisiert\/duncan-grosser-spass-yo-yo\/"},"modified":"2026-05-12T05:04:18","modified_gmt":"2026-05-12T03:04:18","slug":"duncan-grosser-spass-yo-yo","status":"publish","type":"product","link":"https:\/\/www.speedcube.nl\/de\/aanbieding-de\/duncan-grosser-spass-yo-yo\/","title":{"rendered":"Duncan Gro\u00dfer Spa\u00df Yo-Yo"},"content":{"rendered":"<p>Duncan bietet wettbewerbsf\u00e4hige Metall-Jojos der Einstiegsklasse f\u00fcr ein breites Spektrum von Verbrauchern an, aber wir waren der Meinung, dass es an der Zeit war, eine unterhaltsamere Auswahl zu bieten. Unser Ziel war so, wie der Name schon sagt: GROSS und SPASS! &#8211; Gro\u00dfe Gr\u00f6\u00dfe, gro\u00dfer Drall, gro\u00dfes konkaves Lager! &#8211; FUN time mit Fingertip-Design, hoher Haltbarkeit und verst\u00e4rkten Hop Combo Tricks.<\/p>\n<p>Gewicht: 63,6 Gramm<br \/>\nDurchmesser: 63,5 mm<br \/>\nBreite: 44,25 mm<br \/>\nStufe: Experte<\/p>\n","protected":false},"excerpt":{"rendered":"<p>DUNCAN<\/p>\n","protected":false},"featured_media":379818,"template":"","meta":{"_improvement_type_select":"improve_an_existing","_thumb_yes_seoaic":false,"_frame_yes_seoaic":false,"seoaic_generate_description":"","seoaic_improve_instructions_prompt":"","seoaic_rollback_content_improvement":"","seoaic_idea_thumbnail_generator":"","thumbnail_generated":false,"thumbnail_generate_prompt":"","seoaic_article_description":"","product-afmeting-lengte-mm":"","product-afmeting-breedte-mm":"","product-afmeting-hoogte-mm":""},"product_brand":[],"product_cat":[1242,2558,1238],"product_tag":[],"class_list":{"0":"post-427614","1":"product","2":"type-product","3":"status-publish","4":"has-post-thumbnail","6":"product_cat-duncan-de","7":"product_cat-aanbieding-de","8":"product_cat-yo-yos","9":"pa_merken-duncan-de","11":"first","12":"onbackorder","13":"sale","14":"taxable","15":"shipping-taxable","16":"purchasable","17":"product-type-variable"},"df_price":7.2,"df_sale_price":"","df_regular_price":7.2,"df_image_link":"https:\/\/www.speedcube.nl\/wp-content\/uploads\/2023\/06\/Productvisuals_yoyo-duncan-big-fun-yo-yo-1-285x300.jpg","_links":{"self":[{"href":"https:\/\/www.speedcube.nl\/de\/wp-json\/wp\/v2\/product\/427614","targetHints":{"allow":["GET"]}}],"collection":[{"href":"https:\/\/www.speedcube.nl\/de\/wp-json\/wp\/v2\/product"}],"about":[{"href":"https:\/\/www.speedcube.nl\/de\/wp-json\/wp\/v2\/types\/product"}],"version-history":[{"count":0,"href":"https:\/\/www.speedcube.nl\/de\/wp-json\/wp\/v2\/product\/427614\/revisions"}],"wp:featuredmedia":[{"embeddable":true,"href":"https:\/\/www.speedcube.nl\/de\/wp-json\/wp\/v2\/media\/379818"}],"wp:attachment":[{"href":"https:\/\/www.speedcube.nl\/de\/wp-json\/wp\/v2\/media?parent=427614"}],"wp:term":[{"taxonomy":"product_brand","embeddable":true,"href":"https:\/\/www.speedcube.nl\/de\/wp-json\/wp\/v2\/product_brand?post=427614"},{"taxonomy":"product_cat","embeddable":true,"href":"https:\/\/www.speedcube.nl\/de\/wp-json\/wp\/v2\/product_cat?post=427614"},{"taxonomy":"product_tag","embeddable":true,"href":"https:\/\/www.speedcube.nl\/de\/wp-json\/wp\/v2\/product_tag?post=427614"}],"curies":[{"name":"wp","href":"https:\/\/api.w.org\/{rel}","templated":true}]}}