{"id":427567,"date":"2019-11-04T16:11:00","date_gmt":"2019-11-04T15:11:00","guid":{"rendered":"https:\/\/www.speedcube.nl\/unkategorisiert\/moyu-meilong-kubische-kohlenstofffaser-geschenkbox\/"},"modified":"2026-04-26T05:18:46","modified_gmt":"2026-04-26T03:18:46","slug":"moyu-meilong-kubische-kohlenstofffaser-geschenkbox","status":"publish","type":"product","link":"https:\/\/www.speedcube.nl\/de\/speedcube-de\/5x5-de\/moyu-meilong-kubische-kohlenstofffaser-geschenkbox\/","title":{"rendered":"Moyu Meilong Kubische Kohlenstofffaser-Geschenkbox"},"content":{"rendered":"<p>Die MFJS Meilong Carbon Fiber Cubic Gift Box (Geschenkbox) enth\u00e4lt einen Satz von vier W\u00fcrfeln, 2&#215;2, 3&#215;3, 4&#215;4, 5&#215;5. Diese W\u00fcrfel sind frei von Aufklebern und haben sch\u00f6ne leuchtende Farben. Sie haben jedoch schwarze Aufkleber im Stil von Karbonfasern auf den Teilen.<\/p>\n","protected":false},"excerpt":{"rendered":"<p>MOYU<\/p>\n","protected":false},"featured_media":380554,"template":"","meta":{"_improvement_type_select":"improve_an_existing","_thumb_yes_seoaic":false,"_frame_yes_seoaic":false,"seoaic_generate_description":"","seoaic_improve_instructions_prompt":"","seoaic_rollback_content_improvement":"","seoaic_idea_thumbnail_generator":"","thumbnail_generated":false,"thumbnail_generate_prompt":"","seoaic_article_description":"","product-afmeting-lengte-mm":"","product-afmeting-breedte-mm":"","product-afmeting-hoogte-mm":""},"product_brand":[],"product_cat":[1267,1221,1229,1872,1332,1211],"product_tag":[],"class_list":{"0":"post-427567","1":"product","2":"type-product","3":"status-publish","4":"has-post-thumbnail","6":"product_cat-2x2-de","7":"product_cat-3x3-de","8":"product_cat-4x4-de","9":"product_cat-5x5-de","10":"product_cat-moyu-de","11":"product_cat-speedcube-de","12":"pa_merken-moyu-de","14":"first","15":"instock","16":"taxable","17":"shipping-taxable","18":"purchasable","19":"product-type-simple"},"df_price":34.95,"df_sale_price":"","df_regular_price":34.95,"df_image_link":"https:\/\/www.speedcube.nl\/wp-content\/uploads\/2023\/06\/Productvisuals_Speedcubes-moyu-meilong-carbon-fiber-cubic-geschenkdoos-285x300.jpg","_links":{"self":[{"href":"https:\/\/www.speedcube.nl\/de\/wp-json\/wp\/v2\/product\/427567","targetHints":{"allow":["GET"]}}],"collection":[{"href":"https:\/\/www.speedcube.nl\/de\/wp-json\/wp\/v2\/product"}],"about":[{"href":"https:\/\/www.speedcube.nl\/de\/wp-json\/wp\/v2\/types\/product"}],"version-history":[{"count":0,"href":"https:\/\/www.speedcube.nl\/de\/wp-json\/wp\/v2\/product\/427567\/revisions"}],"wp:featuredmedia":[{"embeddable":true,"href":"https:\/\/www.speedcube.nl\/de\/wp-json\/wp\/v2\/media\/380554"}],"wp:attachment":[{"href":"https:\/\/www.speedcube.nl\/de\/wp-json\/wp\/v2\/media?parent=427567"}],"wp:term":[{"taxonomy":"product_brand","embeddable":true,"href":"https:\/\/www.speedcube.nl\/de\/wp-json\/wp\/v2\/product_brand?post=427567"},{"taxonomy":"product_cat","embeddable":true,"href":"https:\/\/www.speedcube.nl\/de\/wp-json\/wp\/v2\/product_cat?post=427567"},{"taxonomy":"product_tag","embeddable":true,"href":"https:\/\/www.speedcube.nl\/de\/wp-json\/wp\/v2\/product_tag?post=427567"}],"curies":[{"name":"wp","href":"https:\/\/api.w.org\/{rel}","templated":true}]}}