{"id":427543,"date":"2019-11-26T18:49:00","date_gmt":"2019-11-26T17:49:00","guid":{"rendered":"https:\/\/www.speedcube.nl\/unkategorisiert\/neu-spielzeug-gear-cube-xxl\/"},"modified":"2026-04-28T05:01:01","modified_gmt":"2026-04-28T03:01:01","slug":"neu-spielzeug-gear-cube-xxl","status":"publish","type":"product","link":"https:\/\/www.speedcube.nl\/de\/aanbieding-de\/neu-spielzeug-gear-cube-xxl\/","title":{"rendered":"Neu Spielzeug Gear Cube XXL"},"content":{"rendered":"<p>Mit diesem Gear Cube XXL haben Sie alle H\u00e4nde voll zu tun, um dieses Problem zu l\u00f6sen! Der Gear Cube XXL verwendet ein einzigartiges neues Konzept. F\u00fcr eine vollst\u00e4ndige Umdrehung des Getriebes sind 12 Kippvorg\u00e4nge von 90 Grad erforderlich. Geniales Design und jetzt in XXL-Version von fast 12 cm.<\/p>\n<p>Schwierigkeitsgrad: 3 Sterne<br \/>\nAbmessungen: 120 x 120 x 140 mm<br \/>\nMaterial: Kunststoff<\/p>\n","protected":false},"excerpt":{"rendered":"<p>NEUES SPIELZEUG<\/p>\n","protected":false},"featured_media":381044,"template":"","meta":{"_improvement_type_select":"improve_an_existing","_thumb_yes_seoaic":false,"_frame_yes_seoaic":false,"seoaic_generate_description":"","seoaic_improve_instructions_prompt":"","seoaic_rollback_content_improvement":"","seoaic_idea_thumbnail_generator":"","thumbnail_generated":false,"thumbnail_generate_prompt":"","seoaic_article_description":"","product-afmeting-lengte-mm":"","product-afmeting-breedte-mm":"","product-afmeting-hoogte-mm":""},"product_brand":[],"product_cat":[1227,2053,2558],"product_tag":[],"class_list":{"0":"post-427543","1":"product","2":"type-product","3":"status-publish","4":"has-post-thumbnail","6":"product_cat-knobelaufgaben","7":"product_cat-neueste-spielzeuge","8":"product_cat-aanbieding-de","9":"pa_merken-neues-spielzeug","11":"first","12":"instock","13":"sale","14":"taxable","15":"shipping-taxable","16":"purchasable","17":"product-type-simple"},"df_price":17.48,"df_sale_price":17.48,"df_regular_price":34.95,"df_image_link":"https:\/\/www.speedcube.nl\/wp-content\/uploads\/2023\/06\/Productvisuals_Breinbrekers-Recent-Toys-Gear-Cube-XXL-285x300.jpg","_links":{"self":[{"href":"https:\/\/www.speedcube.nl\/de\/wp-json\/wp\/v2\/product\/427543","targetHints":{"allow":["GET"]}}],"collection":[{"href":"https:\/\/www.speedcube.nl\/de\/wp-json\/wp\/v2\/product"}],"about":[{"href":"https:\/\/www.speedcube.nl\/de\/wp-json\/wp\/v2\/types\/product"}],"version-history":[{"count":0,"href":"https:\/\/www.speedcube.nl\/de\/wp-json\/wp\/v2\/product\/427543\/revisions"}],"wp:featuredmedia":[{"embeddable":true,"href":"https:\/\/www.speedcube.nl\/de\/wp-json\/wp\/v2\/media\/381044"}],"wp:attachment":[{"href":"https:\/\/www.speedcube.nl\/de\/wp-json\/wp\/v2\/media?parent=427543"}],"wp:term":[{"taxonomy":"product_brand","embeddable":true,"href":"https:\/\/www.speedcube.nl\/de\/wp-json\/wp\/v2\/product_brand?post=427543"},{"taxonomy":"product_cat","embeddable":true,"href":"https:\/\/www.speedcube.nl\/de\/wp-json\/wp\/v2\/product_cat?post=427543"},{"taxonomy":"product_tag","embeddable":true,"href":"https:\/\/www.speedcube.nl\/de\/wp-json\/wp\/v2\/product_tag?post=427543"}],"curies":[{"name":"wp","href":"https:\/\/api.w.org\/{rel}","templated":true}]}}