{"id":427537,"date":"2019-11-20T14:52:00","date_gmt":"2019-11-20T13:52:00","guid":{"rendered":"https:\/\/www.speedcube.nl\/unkategorisiert\/sengso-phoenix-megaminx\/"},"modified":"2026-04-16T05:28:08","modified_gmt":"2026-04-16T03:28:08","slug":"sengso-phoenix-megaminx","status":"publish","type":"product","link":"https:\/\/www.speedcube.nl\/de\/aanbieding-de\/sengso-phoenix-megaminx\/","title":{"rendered":"Sengso Phoenix Megaminx"},"content":{"rendered":"<p>Das Phoenix ist ein neues und selbst entworfenes Puzzle von SengSo. Dieser dreifarbige W\u00fcrfel sieht zwar recht einfach aus, ist aber \u00fcberraschenderweise doch eine ziemliche Herausforderung. Mit 12 Rotationen und Bandagensch\u00e4ften ist dies ein echtes Must-Have f\u00fcr echte Cuber.<\/p>\n","protected":false},"excerpt":{"rendered":"<p>SENGSO<\/p>\n","protected":false},"featured_media":380918,"template":"","meta":{"_improvement_type_select":"improve_an_existing","_thumb_yes_seoaic":false,"_frame_yes_seoaic":false,"seoaic_generate_description":"","seoaic_improve_instructions_prompt":"","seoaic_rollback_content_improvement":"","seoaic_idea_thumbnail_generator":"","thumbnail_generated":false,"thumbnail_generate_prompt":"","seoaic_article_description":"","product-afmeting-lengte-mm":"","product-afmeting-breedte-mm":"","product-afmeting-hoogte-mm":""},"product_brand":[],"product_cat":[1778,1211,2558],"product_tag":[],"class_list":{"0":"post-427537","1":"product","2":"type-product","3":"status-publish","4":"has-post-thumbnail","6":"product_cat-sengso-de","7":"product_cat-speedcube-de","8":"product_cat-aanbieding-de","9":"pa_merken-sengso-de","11":"first","12":"instock","13":"sale","14":"taxable","15":"shipping-taxable","16":"purchasable","17":"product-type-simple"},"df_price":11.96,"df_sale_price":11.96,"df_regular_price":15.95,"df_image_link":"https:\/\/www.speedcube.nl\/wp-content\/uploads\/2023\/06\/Productvisuals_Speedcubes-sengso-phoenix-megaminx-285x300.jpg","_links":{"self":[{"href":"https:\/\/www.speedcube.nl\/de\/wp-json\/wp\/v2\/product\/427537","targetHints":{"allow":["GET"]}}],"collection":[{"href":"https:\/\/www.speedcube.nl\/de\/wp-json\/wp\/v2\/product"}],"about":[{"href":"https:\/\/www.speedcube.nl\/de\/wp-json\/wp\/v2\/types\/product"}],"version-history":[{"count":0,"href":"https:\/\/www.speedcube.nl\/de\/wp-json\/wp\/v2\/product\/427537\/revisions"}],"wp:featuredmedia":[{"embeddable":true,"href":"https:\/\/www.speedcube.nl\/de\/wp-json\/wp\/v2\/media\/380918"}],"wp:attachment":[{"href":"https:\/\/www.speedcube.nl\/de\/wp-json\/wp\/v2\/media?parent=427537"}],"wp:term":[{"taxonomy":"product_brand","embeddable":true,"href":"https:\/\/www.speedcube.nl\/de\/wp-json\/wp\/v2\/product_brand?post=427537"},{"taxonomy":"product_cat","embeddable":true,"href":"https:\/\/www.speedcube.nl\/de\/wp-json\/wp\/v2\/product_cat?post=427537"},{"taxonomy":"product_tag","embeddable":true,"href":"https:\/\/www.speedcube.nl\/de\/wp-json\/wp\/v2\/product_tag?post=427537"}],"curies":[{"name":"wp","href":"https:\/\/api.w.org\/{rel}","templated":true}]}}