{"id":427534,"date":"2019-11-04T16:11:00","date_gmt":"2019-11-04T15:11:00","guid":{"rendered":"https:\/\/www.speedcube.nl\/unkategorisiert\/moyu-meilong-kohlenstofffaser-nicht-kubische-geschenkbox\/"},"modified":"2026-05-04T05:15:46","modified_gmt":"2026-05-04T03:15:46","slug":"moyu-meilong-kohlenstofffaser-nicht-kubische-geschenkbox","status":"publish","type":"product","link":"https:\/\/www.speedcube.nl\/de\/speedcube-de\/megaminx-de\/moyu-meilong-kohlenstofffaser-nicht-kubische-geschenkbox\/","title":{"rendered":"Moyu Meilong Kohlenstofffaser Nicht kubische Geschenkbox"},"content":{"rendered":"<p>Die MFJS Meilong Carbon Fiber Non-Cubic Gift Box ist ein Bundle und enth\u00e4lt die folgenden Puzzles: FJS Megaminx, Pyraminx, Square-1 und das Skewb. Die W\u00fcrfel sind wundersch\u00f6n gef\u00e4rbt mit hellen Farben und ohne Aufkleber. Die Teile enthalten schwarze Aufkleber im Carbon-Stil, die dem Ganzen ein gespenstisches Aussehen verleihen.<\/p>\n","protected":false},"excerpt":{"rendered":"<p>MOYU<\/p>\n","protected":false},"featured_media":380570,"template":"","meta":{"_improvement_type_select":"improve_an_existing","_thumb_yes_seoaic":false,"_frame_yes_seoaic":false,"seoaic_generate_description":"","seoaic_improve_instructions_prompt":"","seoaic_rollback_content_improvement":"","seoaic_idea_thumbnail_generator":"","thumbnail_generated":false,"thumbnail_generate_prompt":"","seoaic_article_description":"","product-afmeting-lengte-mm":"","product-afmeting-breedte-mm":"","product-afmeting-hoogte-mm":""},"product_brand":[],"product_cat":[1378,1332,1259,1339,1211],"product_tag":[],"class_list":{"0":"post-427534","1":"product","2":"type-product","3":"status-publish","4":"has-post-thumbnail","6":"product_cat-megaminx-de","7":"product_cat-moyu-de","8":"product_cat-pyraminx-de","9":"product_cat-skewb-de","10":"product_cat-speedcube-de","11":"pa_merken-moyu-de","13":"first","14":"instock","15":"taxable","16":"shipping-taxable","17":"purchasable","18":"product-type-simple"},"df_price":34.95,"df_sale_price":"","df_regular_price":34.95,"df_image_link":"https:\/\/www.speedcube.nl\/wp-content\/uploads\/2023\/06\/Productvisuals_Speedcubes-moyu-meilong-carbon-fiber-noncubic-geschenkdoos-285x300.jpg","_links":{"self":[{"href":"https:\/\/www.speedcube.nl\/de\/wp-json\/wp\/v2\/product\/427534","targetHints":{"allow":["GET"]}}],"collection":[{"href":"https:\/\/www.speedcube.nl\/de\/wp-json\/wp\/v2\/product"}],"about":[{"href":"https:\/\/www.speedcube.nl\/de\/wp-json\/wp\/v2\/types\/product"}],"version-history":[{"count":0,"href":"https:\/\/www.speedcube.nl\/de\/wp-json\/wp\/v2\/product\/427534\/revisions"}],"wp:featuredmedia":[{"embeddable":true,"href":"https:\/\/www.speedcube.nl\/de\/wp-json\/wp\/v2\/media\/380570"}],"wp:attachment":[{"href":"https:\/\/www.speedcube.nl\/de\/wp-json\/wp\/v2\/media?parent=427534"}],"wp:term":[{"taxonomy":"product_brand","embeddable":true,"href":"https:\/\/www.speedcube.nl\/de\/wp-json\/wp\/v2\/product_brand?post=427534"},{"taxonomy":"product_cat","embeddable":true,"href":"https:\/\/www.speedcube.nl\/de\/wp-json\/wp\/v2\/product_cat?post=427534"},{"taxonomy":"product_tag","embeddable":true,"href":"https:\/\/www.speedcube.nl\/de\/wp-json\/wp\/v2\/product_tag?post=427534"}],"curies":[{"name":"wp","href":"https:\/\/api.w.org\/{rel}","templated":true}]}}