{"id":427519,"date":"2019-11-27T18:37:00","date_gmt":"2019-11-27T17:37:00","guid":{"rendered":"https:\/\/www.speedcube.nl\/unkategorisiert\/constantin-de-haven\/"},"modified":"2026-05-11T05:01:52","modified_gmt":"2026-05-11T03:01:52","slug":"constantin-de-haven","status":"publish","type":"product","link":"https:\/\/www.speedcube.nl\/de\/aanbieding-de\/constantin-de-haven\/","title":{"rendered":"Constantin De Haven"},"content":{"rendered":"<p>Eine sch\u00f6ne Auswahl dieser besonderen &#8222;Puzzlespiele&#8220;. Keine gew\u00f6hnlichen Puzzles, sondern ein eigenst\u00e4ndiges Kunstwerk. Das Ziel ist es, die Teile so anzuordnen, dass sie in das Puzzle passen. In der Regel gibt es nur eine M\u00f6glichkeit, dies zu tun. Das Thema dieser Serie ist der Verkehr. Auswahl aus 4 verschiedenen Puzzles. N\u00e4mlich den Flughafen, Fahrr\u00e4der, den Hafen und Autos.<\/p>\n<p>Schwierigkeitsgrad: 3 Sterne<br \/>\nAbmessungen: 148 x 109 x 8 mm<br \/>\nMaterial: Holz<\/p>\n","protected":false},"excerpt":{"rendered":"<p>CONSTANTIN<\/p>\n","protected":false},"featured_media":381064,"template":"","meta":{"_improvement_type_select":"improve_an_existing","_thumb_yes_seoaic":false,"_frame_yes_seoaic":false,"seoaic_generate_description":"","seoaic_improve_instructions_prompt":"","seoaic_rollback_content_improvement":"","seoaic_idea_thumbnail_generator":"","thumbnail_generated":false,"thumbnail_generate_prompt":"","seoaic_article_description":"","product-afmeting-lengte-mm":"","product-afmeting-breedte-mm":"","product-afmeting-hoogte-mm":""},"product_brand":[],"product_cat":[2517,1227,2558],"product_tag":[],"class_list":{"0":"post-427519","1":"product","2":"type-product","3":"status-publish","4":"has-post-thumbnail","6":"product_cat-constantin-de","7":"product_cat-knobelaufgaben","8":"product_cat-aanbieding-de","9":"pa_merken-constantin-de","11":"first","12":"instock","13":"sale","14":"taxable","15":"shipping-taxable","16":"purchasable","17":"product-type-simple"},"df_price":3.98,"df_sale_price":3.98,"df_regular_price":9.95,"df_image_link":"https:\/\/www.speedcube.nl\/wp-content\/uploads\/2023\/06\/Productvisuals_Breinbrekers-Constantin-De-Haven-285x300.jpg","_links":{"self":[{"href":"https:\/\/www.speedcube.nl\/de\/wp-json\/wp\/v2\/product\/427519","targetHints":{"allow":["GET"]}}],"collection":[{"href":"https:\/\/www.speedcube.nl\/de\/wp-json\/wp\/v2\/product"}],"about":[{"href":"https:\/\/www.speedcube.nl\/de\/wp-json\/wp\/v2\/types\/product"}],"version-history":[{"count":0,"href":"https:\/\/www.speedcube.nl\/de\/wp-json\/wp\/v2\/product\/427519\/revisions"}],"wp:featuredmedia":[{"embeddable":true,"href":"https:\/\/www.speedcube.nl\/de\/wp-json\/wp\/v2\/media\/381064"}],"wp:attachment":[{"href":"https:\/\/www.speedcube.nl\/de\/wp-json\/wp\/v2\/media?parent=427519"}],"wp:term":[{"taxonomy":"product_brand","embeddable":true,"href":"https:\/\/www.speedcube.nl\/de\/wp-json\/wp\/v2\/product_brand?post=427519"},{"taxonomy":"product_cat","embeddable":true,"href":"https:\/\/www.speedcube.nl\/de\/wp-json\/wp\/v2\/product_cat?post=427519"},{"taxonomy":"product_tag","embeddable":true,"href":"https:\/\/www.speedcube.nl\/de\/wp-json\/wp\/v2\/product_tag?post=427519"}],"curies":[{"name":"wp","href":"https:\/\/api.w.org\/{rel}","templated":true}]}}