{"id":427515,"date":"2019-12-12T08:03:00","date_gmt":"2019-12-12T07:03:00","guid":{"rendered":"https:\/\/www.speedcube.nl\/unkategorisiert\/leonardos-mind-tetris-3d-wuerfel\/"},"modified":"2026-04-17T05:15:37","modified_gmt":"2026-04-17T03:15:37","slug":"leonardos-mind-tetris-3d-wuerfel","status":"publish","type":"product","link":"https:\/\/www.speedcube.nl\/de\/knobelaufgaben\/leonardos-geist\/leonardos-mind-tetris-3d-wuerfel\/","title":{"rendered":"Leonardo&#8217;s Mind Tetris 3D-W\u00fcrfel"},"content":{"rendered":"<p>100 R\u00e4tsel in 1! Zerlege den Tetris-3D-W\u00fcrfel und baue ihn zusammen! Das Puzzle besteht aus 7 Teilen, mit denen man viele verschiedene Formen bauen kann. Ich fordere dich heraus, die 240 verschiedenen L\u00f6sungen zu finden, um den W\u00fcrfel zu bilden, und dies kann auch auf 100 andere Arten geschehen. Wenden Sie keine Gewalt an, das ist eine Frage der Logik. Viel Gl\u00fcck und sei ein Genie!<\/p>\n<p>Schwierigkeitsgrad: 3 Sterne<br \/>\nAbmessungen <strong>klein<\/strong>: 50 x 50 x 50 mm<br \/>\nAbmessungen <strong>gro\u00df<\/strong>: 70 x 70 x 70 mm<br \/>\nMaterial: Holz<\/p>\n","protected":false},"excerpt":{"rendered":"<p>LEONARDOS GEIST<\/p>\n","protected":false},"featured_media":381264,"template":"","meta":{"_improvement_type_select":"improve_an_existing","_thumb_yes_seoaic":false,"_frame_yes_seoaic":false,"seoaic_generate_description":"","seoaic_improve_instructions_prompt":"","seoaic_rollback_content_improvement":"","seoaic_idea_thumbnail_generator":"","thumbnail_generated":false,"thumbnail_generate_prompt":"","seoaic_article_description":"","product-afmeting-lengte-mm":"","product-afmeting-breedte-mm":"","product-afmeting-hoogte-mm":""},"product_brand":[],"product_cat":[1511,1795,1244,1227,1233,1237,2933],"product_tag":[],"class_list":{"0":"post-427515","1":"product","2":"type-product","3":"status-publish","4":"has-post-thumbnail","6":"product_cat-3-sterne-normal","7":"product_cat-holzerne-knobelaufgaben","8":"product_cat-knobelaufgaben-de","9":"product_cat-knobelaufgaben","10":"product_cat-knobelaufgaben-fur-erwachsene","11":"product_cat-knobelaufgaben-fur-kinder","12":"product_cat-leonardos-geist","13":"pa_merken-leonardos-geist","15":"first","16":"outofstock","17":"taxable","18":"shipping-taxable","19":"purchasable","20":"product-type-variable"},"df_price":9.99,"df_sale_price":"","df_regular_price":9.99,"df_image_link":"https:\/\/www.speedcube.nl\/wp-content\/uploads\/2023\/06\/Productvisuals_Breinbrekers-Leonardos-Mind-Tetris-3D-Kubus-285x300.jpg","_links":{"self":[{"href":"https:\/\/www.speedcube.nl\/de\/wp-json\/wp\/v2\/product\/427515","targetHints":{"allow":["GET"]}}],"collection":[{"href":"https:\/\/www.speedcube.nl\/de\/wp-json\/wp\/v2\/product"}],"about":[{"href":"https:\/\/www.speedcube.nl\/de\/wp-json\/wp\/v2\/types\/product"}],"version-history":[{"count":0,"href":"https:\/\/www.speedcube.nl\/de\/wp-json\/wp\/v2\/product\/427515\/revisions"}],"wp:featuredmedia":[{"embeddable":true,"href":"https:\/\/www.speedcube.nl\/de\/wp-json\/wp\/v2\/media\/381264"}],"wp:attachment":[{"href":"https:\/\/www.speedcube.nl\/de\/wp-json\/wp\/v2\/media?parent=427515"}],"wp:term":[{"taxonomy":"product_brand","embeddable":true,"href":"https:\/\/www.speedcube.nl\/de\/wp-json\/wp\/v2\/product_brand?post=427515"},{"taxonomy":"product_cat","embeddable":true,"href":"https:\/\/www.speedcube.nl\/de\/wp-json\/wp\/v2\/product_cat?post=427515"},{"taxonomy":"product_tag","embeddable":true,"href":"https:\/\/www.speedcube.nl\/de\/wp-json\/wp\/v2\/product_tag?post=427515"}],"curies":[{"name":"wp","href":"https:\/\/api.w.org\/{rel}","templated":true}]}}