{"id":427511,"date":"2019-12-13T13:36:00","date_gmt":"2019-12-13T12:36:00","guid":{"rendered":"https:\/\/www.speedcube.nl\/unkategorisiert\/ugears-tugboat\/"},"modified":"2026-04-28T05:00:20","modified_gmt":"2026-04-28T03:00:20","slug":"ugears-tugboat","status":"publish","type":"product","link":"https:\/\/www.speedcube.nl\/de\/modellbau\/modellboote\/ugears-tugboat\/","title":{"rendered":"Ugears Tugboat"},"content":{"rendered":"<p>Wie Sie vielleicht schon bemerkt haben, lieben wir die Meere und maritime Ger\u00e4te inspirieren unsere Kreativit\u00e4t. Die Idee hinter dem Tug war es, einen voll funktionsf\u00e4higen Mechanismus zu entwickeln, aber mit einer gewissen Portion Pfiff, so dass er sowohl praktisch als auch interessant ist&#8230; und er sollte auch eine Art Schiff sein. Wir gehen davon aus, dass viele von Ihnen genauso wie wir gerne sehen, wie Zahnr\u00e4der funktionieren. Deshalb haben wir den detaillierten Rumpf des Schleppers ge\u00f6ffnet, um den wunderbaren Mechanismus in Betrieb zu zeigen. Auf diese Weise werden die wichtigsten technischen Merkmale, die wir in dieses Modell eingebaut haben, geb\u00fchrend gew\u00fcrdigt. Er wird von einem Gummibandmotor angetrieben, bei dem die Spannung der B\u00e4nder in eine Bewegung der Zahnr\u00e4der umgesetzt wird. Das Untersetzungsrad \u00fcbertr\u00e4gt die Energie auf das Antriebsrad und dann weiter auf das asymmetrische R\u00e4derpaar.<\/p>\n<p>Die Asymmetrie der R\u00e4derpaare verleiht dem Modell eine einzigartige Bewegungsart, die ein auf den Wellen schaukelndes Boot imitiert. Gleichzeitig erzeugt die Kurbel ein spezifisches Ger\u00e4usch, das dem Ger\u00e4usch eines altmodischen, aber immer noch sehr beliebten Dieselmotors \u00e4hnelt, der immer noch viele Boote antreibt. Der Schl\u00fcssel zum Aufziehen des Motors ist durch ein Ratschengetriebe blockiert. Es gibt zwei Steuerhebel, von denen einer den Mechanismus anh\u00e4lt und der andere ihn startet &#8211; der Stopp- bzw. Starthebel. Benutze zwei Seile mit Haken, um kleine Frachtmodelle mit R\u00e4dern oder ein Papierboot mit deinem Tugboat zu verbinden und zu transportieren. Ihr Boot segelt je nach Beladung und Fl\u00e4che eineinhalb bis drei Meter weit.<\/p>\n<p>Produktabmessungen in mm: 285 x 120 x 185<br \/>\nVerpackungsgr\u00f6\u00dfe in mm: 378 x 170 x 32<br \/>\nAnzahl der Teile: 169<br \/>\nGesch\u00e4tzte Montagezeit: 3 Stunden<\/p>\n","protected":false},"excerpt":{"rendered":"<p>UGEARS<\/p>\n","protected":false},"featured_media":381444,"template":"","meta":{"_improvement_type_select":"improve_an_existing","_thumb_yes_seoaic":false,"_frame_yes_seoaic":false,"seoaic_generate_description":"","seoaic_improve_instructions_prompt":"","seoaic_rollback_content_improvement":"","seoaic_idea_thumbnail_generator":"","thumbnail_generated":false,"thumbnail_generate_prompt":"","seoaic_article_description":"","product-afmeting-lengte-mm":"","product-afmeting-breedte-mm":"","product-afmeting-hoogte-mm":""},"product_brand":[],"product_cat":[1617,1500,1499,2011,1709,1713],"product_tag":[],"class_list":{"0":"post-427511","1":"product","2":"type-product","3":"status-publish","4":"has-post-thumbnail","6":"product_cat-baukasten-aus-holz","7":"product_cat-baukasten-fur-erwachsene","8":"product_cat-modellbau","9":"product_cat-modellboote","10":"product_cat-modellfahrzeuge","11":"product_cat-ugears-modellbau","12":"pa_merken-ugears-de","14":"first","15":"outofstock","16":"taxable","17":"shipping-taxable","18":"purchasable","19":"product-type-simple"},"df_price":42.95,"df_sale_price":"","df_regular_price":42.95,"df_image_link":"https:\/\/www.speedcube.nl\/wp-content\/uploads\/2023\/06\/Productvisuals_Modelbouw-Ugears-sleepboot-1-285x300.jpg","_links":{"self":[{"href":"https:\/\/www.speedcube.nl\/de\/wp-json\/wp\/v2\/product\/427511","targetHints":{"allow":["GET"]}}],"collection":[{"href":"https:\/\/www.speedcube.nl\/de\/wp-json\/wp\/v2\/product"}],"about":[{"href":"https:\/\/www.speedcube.nl\/de\/wp-json\/wp\/v2\/types\/product"}],"version-history":[{"count":0,"href":"https:\/\/www.speedcube.nl\/de\/wp-json\/wp\/v2\/product\/427511\/revisions"}],"wp:featuredmedia":[{"embeddable":true,"href":"https:\/\/www.speedcube.nl\/de\/wp-json\/wp\/v2\/media\/381444"}],"wp:attachment":[{"href":"https:\/\/www.speedcube.nl\/de\/wp-json\/wp\/v2\/media?parent=427511"}],"wp:term":[{"taxonomy":"product_brand","embeddable":true,"href":"https:\/\/www.speedcube.nl\/de\/wp-json\/wp\/v2\/product_brand?post=427511"},{"taxonomy":"product_cat","embeddable":true,"href":"https:\/\/www.speedcube.nl\/de\/wp-json\/wp\/v2\/product_cat?post=427511"},{"taxonomy":"product_tag","embeddable":true,"href":"https:\/\/www.speedcube.nl\/de\/wp-json\/wp\/v2\/product_tag?post=427511"}],"curies":[{"name":"wp","href":"https:\/\/api.w.org\/{rel}","templated":true}]}}