{"id":427490,"date":"2019-12-12T18:15:00","date_gmt":"2019-12-12T17:15:00","guid":{"rendered":"https:\/\/www.speedcube.nl\/unkategorisiert\/leonardos-gedankenschlange\/"},"modified":"2026-05-06T05:01:26","modified_gmt":"2026-05-06T03:01:26","slug":"leonardos-gedankenschlange","status":"publish","type":"product","link":"https:\/\/www.speedcube.nl\/de\/stunt-bb-de\/leonardos-gedankenschlange\/","title":{"rendered":"Leonardos Gedankenschlange"},"content":{"rendered":"<p>Zerlege und baue Leonardos Gedankenschlange zusammen, die aus 27 Miniw\u00fcrfeln besteht, die asymmetrisch mit einem Gummi verbunden sind. Einfach \u00fcberall hin mitzunehmen: zur Arbeit, in die Schule, auf Reisen oder in den Urlaub. Wunderbares klassisches R\u00e4tsel, das schwer zu l\u00f6sen ist.<\/p>\n<p>Alter: 8+<br \/>\nSchwierigkeitsgrad: 3 Sterne<br \/>\nAbmessungen: 60 x 60 x 60 mm<\/p>\n","protected":false},"excerpt":{"rendered":"<p>LEONARDOS GEIST<\/p>\n","protected":false},"featured_media":381356,"template":"","meta":{"_improvement_type_select":"improve_an_existing","_thumb_yes_seoaic":false,"_frame_yes_seoaic":false,"seoaic_generate_description":"","seoaic_improve_instructions_prompt":"","seoaic_rollback_content_improvement":"","seoaic_idea_thumbnail_generator":"","thumbnail_generated":false,"thumbnail_generate_prompt":"","seoaic_article_description":"","product-afmeting-lengte-mm":"","product-afmeting-breedte-mm":"","product-afmeting-hoogte-mm":""},"product_brand":[],"product_cat":[1511,1795,1244,1227,1233,1237,2933,5227],"product_tag":[],"class_list":{"0":"post-427490","1":"product","2":"type-product","3":"status-publish","4":"has-post-thumbnail","6":"product_cat-3-sterne-normal","7":"product_cat-holzerne-knobelaufgaben","8":"product_cat-knobelaufgaben-de","9":"product_cat-knobelaufgaben","10":"product_cat-knobelaufgaben-fur-erwachsene","11":"product_cat-knobelaufgaben-fur-kinder","12":"product_cat-leonardos-geist","13":"product_cat-stunt-bb-de","14":"pa_merken-leonardos-geist","16":"first","17":"outofstock","18":"taxable","19":"shipping-taxable","20":"purchasable","21":"product-type-simple"},"df_price":9.99,"df_sale_price":"","df_regular_price":9.99,"df_image_link":"https:\/\/www.speedcube.nl\/wp-content\/uploads\/2023\/06\/Productvisuals_Breinbrekers-Leonardos-Mind-Snake-285x300.jpg","_links":{"self":[{"href":"https:\/\/www.speedcube.nl\/de\/wp-json\/wp\/v2\/product\/427490","targetHints":{"allow":["GET"]}}],"collection":[{"href":"https:\/\/www.speedcube.nl\/de\/wp-json\/wp\/v2\/product"}],"about":[{"href":"https:\/\/www.speedcube.nl\/de\/wp-json\/wp\/v2\/types\/product"}],"version-history":[{"count":0,"href":"https:\/\/www.speedcube.nl\/de\/wp-json\/wp\/v2\/product\/427490\/revisions"}],"wp:featuredmedia":[{"embeddable":true,"href":"https:\/\/www.speedcube.nl\/de\/wp-json\/wp\/v2\/media\/381356"}],"wp:attachment":[{"href":"https:\/\/www.speedcube.nl\/de\/wp-json\/wp\/v2\/media?parent=427490"}],"wp:term":[{"taxonomy":"product_brand","embeddable":true,"href":"https:\/\/www.speedcube.nl\/de\/wp-json\/wp\/v2\/product_brand?post=427490"},{"taxonomy":"product_cat","embeddable":true,"href":"https:\/\/www.speedcube.nl\/de\/wp-json\/wp\/v2\/product_cat?post=427490"},{"taxonomy":"product_tag","embeddable":true,"href":"https:\/\/www.speedcube.nl\/de\/wp-json\/wp\/v2\/product_tag?post=427490"}],"curies":[{"name":"wp","href":"https:\/\/api.w.org\/{rel}","templated":true}]}}