{"id":427488,"date":"2019-12-13T14:01:00","date_gmt":"2019-12-13T13:01:00","guid":{"rendered":"https:\/\/www.speedcube.nl\/unkategorisiert\/ugears-antike-box\/"},"modified":"2026-04-19T05:00:39","modified_gmt":"2026-04-19T03:00:39","slug":"ugears-antike-box","status":"publish","type":"product","link":"https:\/\/www.speedcube.nl\/de\/ugears\/ugears-antike-box\/","title":{"rendered":"Ugears Antike Box"},"content":{"rendered":"<p>Zart und sch\u00f6n. Das Antique Case von UGears wurde f\u00fcr die sichere Aufbewahrung von kleinen Wertgegenst\u00e4nden wie Schmuck entwickelt und ist ein Schmuckst\u00fcck f\u00fcr Ihre Sammlung. Neben seinem sch\u00f6nen Design hat es einige spannende Geheimnisse, wie zum Beispiel eine einzigartige Mechanik zum \u00d6ffnen der Box. Ziehen Sie den oberen Hebel und aktivieren Sie drei Hauptmechanismen; 2 davon sind auf beiden Seiten des Kastens gespiegelt und sorgen daf\u00fcr, dass sich das obere Fach bewegt und dreht. Der dritte Mechanismus erm\u00f6glicht die Bewegung der mittleren Schublade. Nach diesem mechanischen Tanz haben Sie Zugang zu sechs F\u00e4chern, in denen Sie Ihre Wertsachen unterbringen k\u00f6nnen. Dieser einzigartige, praktische und sch\u00f6ne Modellbausatz f\u00fcr eine antike Truhe ist ein sch\u00f6nes dekoratives Element f\u00fcr jedes Zuhause. Oder man kann es verschenken.<\/p>\n<p>Produktabmessungen in mm: 175 x 140 x 100<br \/>\nVerpackungsgr\u00f6\u00dfe in mm: 378 x 170 x 32<br \/>\nAnzahl der Teile: 185<br \/>\nGesch\u00e4tzte Montagezeit: 2-3 Stunden<\/p>\n","protected":false},"excerpt":{"rendered":"<p>UGEARS<\/p>\n","protected":false},"featured_media":381468,"template":"","meta":{"_improvement_type_select":"improve_an_existing","_thumb_yes_seoaic":false,"_frame_yes_seoaic":false,"seoaic_generate_description":"","seoaic_improve_instructions_prompt":"","seoaic_rollback_content_improvement":"","seoaic_idea_thumbnail_generator":"","thumbnail_generated":false,"thumbnail_generate_prompt":"","seoaic_article_description":"","product-afmeting-lengte-mm":"","product-afmeting-breedte-mm":"","product-afmeting-hoogte-mm":""},"product_brand":[],"product_cat":[1499,5352,2558],"product_tag":[],"class_list":{"0":"post-427488","1":"product","2":"type-product","3":"status-publish","4":"has-post-thumbnail","6":"product_cat-modellbau","7":"product_cat-ugears","8":"product_cat-aanbieding-de","9":"pa_merken-ugears-de","11":"first","12":"outofstock","13":"sale","14":"taxable","15":"shipping-taxable","16":"purchasable","17":"product-type-simple"},"df_price":35.96,"df_sale_price":35.96,"df_regular_price":47.95,"df_image_link":"https:\/\/www.speedcube.nl\/wp-content\/uploads\/2023\/06\/Productvisuals_Modelbouw-Ugears-antiek-kistje-1-285x300.jpg","_links":{"self":[{"href":"https:\/\/www.speedcube.nl\/de\/wp-json\/wp\/v2\/product\/427488","targetHints":{"allow":["GET"]}}],"collection":[{"href":"https:\/\/www.speedcube.nl\/de\/wp-json\/wp\/v2\/product"}],"about":[{"href":"https:\/\/www.speedcube.nl\/de\/wp-json\/wp\/v2\/types\/product"}],"version-history":[{"count":0,"href":"https:\/\/www.speedcube.nl\/de\/wp-json\/wp\/v2\/product\/427488\/revisions"}],"wp:featuredmedia":[{"embeddable":true,"href":"https:\/\/www.speedcube.nl\/de\/wp-json\/wp\/v2\/media\/381468"}],"wp:attachment":[{"href":"https:\/\/www.speedcube.nl\/de\/wp-json\/wp\/v2\/media?parent=427488"}],"wp:term":[{"taxonomy":"product_brand","embeddable":true,"href":"https:\/\/www.speedcube.nl\/de\/wp-json\/wp\/v2\/product_brand?post=427488"},{"taxonomy":"product_cat","embeddable":true,"href":"https:\/\/www.speedcube.nl\/de\/wp-json\/wp\/v2\/product_cat?post=427488"},{"taxonomy":"product_tag","embeddable":true,"href":"https:\/\/www.speedcube.nl\/de\/wp-json\/wp\/v2\/product_tag?post=427488"}],"curies":[{"name":"wp","href":"https:\/\/api.w.org\/{rel}","templated":true}]}}