{"id":427470,"date":"2019-12-28T14:26:00","date_gmt":"2019-12-28T13:26:00","guid":{"rendered":"https:\/\/www.speedcube.nl\/unkategorisiert\/metall-erde-haus-stark-sigil\/"},"modified":"2026-05-03T05:27:32","modified_gmt":"2026-05-03T03:27:32","slug":"metall-erde-haus-stark-sigil","status":"publish","type":"product","link":"https:\/\/www.speedcube.nl\/de\/modellbau\/film-de\/metall-erde-haus-stark-sigil\/","title":{"rendered":"Metall Erde Haus Stark Sigil"},"content":{"rendered":"<div class=\"slot slot--description slot--seperated js_slot-description\" data-group-name=\"ProductDescription\" data-bltgg=\"lxT62yLOUFJ12uv7zjBGXA.2_26\">\n<div data-test=\"product-description\" data-bltgi=\"lxT62yLOUFJ12uv7zjBGXA.2_26.27\">\n<div class=\"product-description\" data-test=\"description\">Mit diesem coolen Wappen des Hauses Stark in deinem Zuhause wirst du selbst ein bisschen zum K\u00f6nig des Nordens! Dieser sch\u00f6ne Metal Earth-Bausatz besteht aus 1 d\u00fcnnen Metallplatte, aus der die Teile dieses Artikels lasergeschnitten wurden. Falte, drehe oder schneide die Teile aus dem Blech und puzzle dann weiter: Teil in die richtige Form falten, Lasche oder Stift durch einen Schlitz stecken, 2 Teile zusammenf\u00fcgen, Lasche falten, und so weiter! Kleber ist nicht notwendig, aber Sie k\u00f6nnen eine feine Spitze und einen Cutter verwenden. Schritt-f\u00fcr-Schritt-Montage; Anleitungen sind immer enthalten.<\/p>\n<p>Anleitung PDF: ICX125<br \/>\nAnzahl der Bl\u00e4tter: 1 Blatt<br \/>\nSchwierigkeitsgrad: Moderat<br \/>\nAbmessungen des Produkts: 3,39 x 2,44 x 4,61<\/p><\/div>\n<\/div>\n<\/div>\n","protected":false},"excerpt":{"rendered":"<p>METALLERDE<\/p>\n","protected":false},"featured_media":382062,"template":"","meta":{"_improvement_type_select":"improve_an_existing","_thumb_yes_seoaic":false,"_frame_yes_seoaic":false,"seoaic_generate_description":"","seoaic_improve_instructions_prompt":"","seoaic_rollback_content_improvement":"","seoaic_idea_thumbnail_generator":"","thumbnail_generated":false,"thumbnail_generate_prompt":"","seoaic_article_description":"","product-afmeting-lengte-mm":"","product-afmeting-breedte-mm":"","product-afmeting-hoogte-mm":""},"product_brand":[],"product_cat":[1500,1724,1714,1720,1499],"product_tag":[],"class_list":{"0":"post-427470","1":"product","2":"type-product","3":"status-publish","4":"has-post-thumbnail","6":"product_cat-baukasten-fur-erwachsene","7":"product_cat-film-de","8":"product_cat-metall-erde","9":"product_cat-metallbaukasten","10":"product_cat-modellbau","11":"pa_merken-metallerde","13":"first","14":"outofstock","15":"taxable","16":"shipping-taxable","17":"purchasable","18":"product-type-simple"},"df_price":17.95,"df_sale_price":"","df_regular_price":17.95,"df_image_link":"https:\/\/www.speedcube.nl\/wp-content\/uploads\/2023\/06\/Productvisuals_Modelbouw-Metal-Earth-house-stark-sigil-1-285x300.jpg","_links":{"self":[{"href":"https:\/\/www.speedcube.nl\/de\/wp-json\/wp\/v2\/product\/427470","targetHints":{"allow":["GET"]}}],"collection":[{"href":"https:\/\/www.speedcube.nl\/de\/wp-json\/wp\/v2\/product"}],"about":[{"href":"https:\/\/www.speedcube.nl\/de\/wp-json\/wp\/v2\/types\/product"}],"version-history":[{"count":0,"href":"https:\/\/www.speedcube.nl\/de\/wp-json\/wp\/v2\/product\/427470\/revisions"}],"wp:featuredmedia":[{"embeddable":true,"href":"https:\/\/www.speedcube.nl\/de\/wp-json\/wp\/v2\/media\/382062"}],"wp:attachment":[{"href":"https:\/\/www.speedcube.nl\/de\/wp-json\/wp\/v2\/media?parent=427470"}],"wp:term":[{"taxonomy":"product_brand","embeddable":true,"href":"https:\/\/www.speedcube.nl\/de\/wp-json\/wp\/v2\/product_brand?post=427470"},{"taxonomy":"product_cat","embeddable":true,"href":"https:\/\/www.speedcube.nl\/de\/wp-json\/wp\/v2\/product_cat?post=427470"},{"taxonomy":"product_tag","embeddable":true,"href":"https:\/\/www.speedcube.nl\/de\/wp-json\/wp\/v2\/product_tag?post=427470"}],"curies":[{"name":"wp","href":"https:\/\/api.w.org\/{rel}","templated":true}]}}