{"id":427468,"date":"2019-12-28T16:43:00","date_gmt":"2019-12-28T15:43:00","guid":{"rendered":"https:\/\/www.speedcube.nl\/unkategorisiert\/innerhalb-von-mortal-0\/"},"modified":"2026-05-09T05:00:39","modified_gmt":"2026-05-09T03:00:39","slug":"innerhalb-von-mortal-0","status":"publish","type":"product","link":"https:\/\/www.speedcube.nl\/de\/stunt-bb-de\/innerhalb-von-mortal-0\/","title":{"rendered":"Innerhalb von Mortal 0"},"content":{"rendered":"<p>Der ultimative W\u00fcrfel. Schwarz wie Ebenholz. Werfen Sie den Ball und stellen Sie sich ihm blind und ohne Plan. Vorsicht, sie l\u00e4sst sich nicht \u00f6ffnen. Einmal gestartet, ist der Ball f\u00fcr immer in der Dunkelheit verloren. Sie brauchen ihn nicht zu kaufen, er macht Sie betrunken.<\/p>\n<p>Alter: 12+<br \/>\nSchwierigkeitsgrad: 5 Sterne<br \/>\nAbmessungen: 60 x 60 x 60 mm<br \/>\nGewicht: 150 Gramm<\/p>\n<p>&nbsp;<\/p>\n","protected":false},"excerpt":{"rendered":"<p>INNEN<\/p>\n","protected":false},"featured_media":382146,"template":"","meta":{"_improvement_type_select":"improve_an_existing","_thumb_yes_seoaic":false,"_frame_yes_seoaic":false,"seoaic_generate_description":"","seoaic_improve_instructions_prompt":"","seoaic_rollback_content_improvement":"","seoaic_idea_thumbnail_generator":"","thumbnail_generated":false,"thumbnail_generate_prompt":"","seoaic_article_description":"","product-afmeting-lengte-mm":"","product-afmeting-breedte-mm":"","product-afmeting-hoogte-mm":""},"product_brand":[],"product_cat":[1490,2183,1244,1227,1233,1237,1241,5227],"product_tag":[],"class_list":{"0":"post-427468","1":"product","2":"type-product","3":"status-publish","4":"has-post-thumbnail","6":"product_cat-5-sterne-oder-mehr-experte","7":"product_cat-innen","8":"product_cat-knobelaufgaben-de","9":"product_cat-knobelaufgaben","10":"product_cat-knobelaufgaben-fur-erwachsene","11":"product_cat-knobelaufgaben-fur-kinder","12":"product_cat-plastik-ratsel","13":"product_cat-stunt-bb-de","14":"pa_merken-innen","16":"first","17":"instock","18":"taxable","19":"shipping-taxable","20":"purchasable","21":"product-type-simple"},"df_price":17.99,"df_sale_price":"","df_regular_price":17.99,"df_image_link":"https:\/\/www.speedcube.nl\/wp-content\/uploads\/2023\/06\/Productvisuals_Breinbrekers-Inside-Mortal-0-285x300.jpg","_links":{"self":[{"href":"https:\/\/www.speedcube.nl\/de\/wp-json\/wp\/v2\/product\/427468","targetHints":{"allow":["GET"]}}],"collection":[{"href":"https:\/\/www.speedcube.nl\/de\/wp-json\/wp\/v2\/product"}],"about":[{"href":"https:\/\/www.speedcube.nl\/de\/wp-json\/wp\/v2\/types\/product"}],"version-history":[{"count":0,"href":"https:\/\/www.speedcube.nl\/de\/wp-json\/wp\/v2\/product\/427468\/revisions"}],"wp:featuredmedia":[{"embeddable":true,"href":"https:\/\/www.speedcube.nl\/de\/wp-json\/wp\/v2\/media\/382146"}],"wp:attachment":[{"href":"https:\/\/www.speedcube.nl\/de\/wp-json\/wp\/v2\/media?parent=427468"}],"wp:term":[{"taxonomy":"product_brand","embeddable":true,"href":"https:\/\/www.speedcube.nl\/de\/wp-json\/wp\/v2\/product_brand?post=427468"},{"taxonomy":"product_cat","embeddable":true,"href":"https:\/\/www.speedcube.nl\/de\/wp-json\/wp\/v2\/product_cat?post=427468"},{"taxonomy":"product_tag","embeddable":true,"href":"https:\/\/www.speedcube.nl\/de\/wp-json\/wp\/v2\/product_tag?post=427468"}],"curies":[{"name":"wp","href":"https:\/\/api.w.org\/{rel}","templated":true}]}}