{"id":427461,"date":"2019-12-28T16:06:00","date_gmt":"2019-12-28T15:06:00","guid":{"rendered":"https:\/\/www.speedcube.nl\/unkategorisiert\/inside-easy-novice\/"},"modified":"2026-05-11T05:00:48","modified_gmt":"2026-05-11T03:00:48","slug":"inside-easy-novice","status":"publish","type":"product","link":"https:\/\/www.speedcube.nl\/de\/stunt-bb-de\/inside-easy-novice\/","title":{"rendered":"Inside Easy Novice"},"content":{"rendered":"<p>Das Easy noVICE ist der perfekte W\u00fcrfel zum Verst\u00e4ndnis und f\u00fcr den Einstieg. Kein Problem. Eine leichte, sehr sch\u00f6ne Fahrt, nur bergab. Sich mit dem Lesen der Oberfl\u00e4chenkarte vertraut machen. Das Easy noVICE ist ein kleiner und leichter zug\u00e4nglicher Bereich mit 5 F\u00e4chern zum \u00dcberqueren. Das noVICE ist eine gute M\u00f6glichkeit, INSIDE3 zu erkunden.<\/p>\n<p>Alter: 8+<br \/>\nSchwierigkeitsgrad: 1 Stern<br \/>\nAbmessungen: 50 x 50 x 50 mm<br \/>\nGewicht: 120 Gramm<\/p>\n<p>&nbsp;<\/p>\n","protected":false},"excerpt":{"rendered":"<p>INNEN<\/p>\n","protected":false},"featured_media":382086,"template":"","meta":{"_improvement_type_select":"improve_an_existing","_thumb_yes_seoaic":false,"_frame_yes_seoaic":false,"seoaic_generate_description":"","seoaic_improve_instructions_prompt":"","seoaic_rollback_content_improvement":"","seoaic_idea_thumbnail_generator":"","thumbnail_generated":false,"thumbnail_generate_prompt":"","seoaic_article_description":"","product-afmeting-lengte-mm":"","product-afmeting-breedte-mm":"","product-afmeting-hoogte-mm":""},"product_brand":[],"product_cat":[1661,2183,1244,1227,1233,1237,1241,5227],"product_tag":[],"class_list":{"0":"post-427461","1":"product","2":"type-product","3":"status-publish","4":"has-post-thumbnail","6":"product_cat-1-stern-sehr-leicht","7":"product_cat-innen","8":"product_cat-knobelaufgaben-de","9":"product_cat-knobelaufgaben","10":"product_cat-knobelaufgaben-fur-erwachsene","11":"product_cat-knobelaufgaben-fur-kinder","12":"product_cat-plastik-ratsel","13":"product_cat-stunt-bb-de","14":"pa_merken-innen","16":"first","17":"instock","18":"taxable","19":"shipping-taxable","20":"purchasable","21":"product-type-simple"},"df_price":12.99,"df_sale_price":"","df_regular_price":12.99,"df_image_link":"https:\/\/www.speedcube.nl\/wp-content\/uploads\/2023\/06\/Productvisuals_Breinbrekers-Inside-Easy-Novice-285x300.jpg","_links":{"self":[{"href":"https:\/\/www.speedcube.nl\/de\/wp-json\/wp\/v2\/product\/427461","targetHints":{"allow":["GET"]}}],"collection":[{"href":"https:\/\/www.speedcube.nl\/de\/wp-json\/wp\/v2\/product"}],"about":[{"href":"https:\/\/www.speedcube.nl\/de\/wp-json\/wp\/v2\/types\/product"}],"version-history":[{"count":0,"href":"https:\/\/www.speedcube.nl\/de\/wp-json\/wp\/v2\/product\/427461\/revisions"}],"wp:featuredmedia":[{"embeddable":true,"href":"https:\/\/www.speedcube.nl\/de\/wp-json\/wp\/v2\/media\/382086"}],"wp:attachment":[{"href":"https:\/\/www.speedcube.nl\/de\/wp-json\/wp\/v2\/media?parent=427461"}],"wp:term":[{"taxonomy":"product_brand","embeddable":true,"href":"https:\/\/www.speedcube.nl\/de\/wp-json\/wp\/v2\/product_brand?post=427461"},{"taxonomy":"product_cat","embeddable":true,"href":"https:\/\/www.speedcube.nl\/de\/wp-json\/wp\/v2\/product_cat?post=427461"},{"taxonomy":"product_tag","embeddable":true,"href":"https:\/\/www.speedcube.nl\/de\/wp-json\/wp\/v2\/product_tag?post=427461"}],"curies":[{"name":"wp","href":"https:\/\/api.w.org\/{rel}","templated":true}]}}