{"id":427460,"date":"2019-12-28T16:53:00","date_gmt":"2019-12-28T15:53:00","guid":{"rendered":"https:\/\/www.speedcube.nl\/unkategorisiert\/innerhalb-von-vicious-0\/"},"modified":"2026-05-09T05:00:39","modified_gmt":"2026-05-09T03:00:39","slug":"innerhalb-von-vicious-0","status":"publish","type":"product","link":"https:\/\/www.speedcube.nl\/de\/aanbieding-de\/innerhalb-von-vicious-0\/","title":{"rendered":"Innerhalb von Vicious 0"},"content":{"rendered":"<p>Der gro\u00dfe Bruder des Awful0, der nicht demontiert werden kann und daher sehr schwierig ist&#8230; Reserviert f\u00fcr Furchtlose. Au\u00dferdem hat es eine h\u00e4ssliche Farbe, die suggeriert, dass wir nicht zum Lachen hier sind!<\/p>\n<p>Alter: 12+<br \/>\nSchwierigkeitsgrad: 4 Sterne<br \/>\nAbmessungen: 60 x 60 x 60 mm<br \/>\nGewicht: 150 Gramm<\/p>\n","protected":false},"excerpt":{"rendered":"<p>INNEN<\/p>\n","protected":false},"featured_media":382162,"template":"","meta":{"_improvement_type_select":"improve_an_existing","_thumb_yes_seoaic":false,"_frame_yes_seoaic":false,"seoaic_generate_description":"","seoaic_improve_instructions_prompt":"","seoaic_rollback_content_improvement":"","seoaic_idea_thumbnail_generator":"","thumbnail_generated":false,"thumbnail_generate_prompt":"","seoaic_article_description":"","product-afmeting-lengte-mm":"","product-afmeting-breedte-mm":"","product-afmeting-hoogte-mm":""},"product_brand":[],"product_cat":[2183,1227,2558],"product_tag":[],"class_list":{"0":"post-427460","1":"product","2":"type-product","3":"status-publish","4":"has-post-thumbnail","6":"product_cat-innen","7":"product_cat-knobelaufgaben","8":"product_cat-aanbieding-de","9":"pa_merken-innen","11":"first","12":"instock","13":"sale","14":"taxable","15":"shipping-taxable","16":"purchasable","17":"product-type-simple"},"df_price":10.79,"df_sale_price":10.79,"df_regular_price":17.99,"df_image_link":"https:\/\/www.speedcube.nl\/wp-content\/uploads\/2023\/06\/Productvisuals_Breinbrekers-Inside-Vicious-0-285x300.jpg","_links":{"self":[{"href":"https:\/\/www.speedcube.nl\/de\/wp-json\/wp\/v2\/product\/427460","targetHints":{"allow":["GET"]}}],"collection":[{"href":"https:\/\/www.speedcube.nl\/de\/wp-json\/wp\/v2\/product"}],"about":[{"href":"https:\/\/www.speedcube.nl\/de\/wp-json\/wp\/v2\/types\/product"}],"version-history":[{"count":0,"href":"https:\/\/www.speedcube.nl\/de\/wp-json\/wp\/v2\/product\/427460\/revisions"}],"wp:featuredmedia":[{"embeddable":true,"href":"https:\/\/www.speedcube.nl\/de\/wp-json\/wp\/v2\/media\/382162"}],"wp:attachment":[{"href":"https:\/\/www.speedcube.nl\/de\/wp-json\/wp\/v2\/media?parent=427460"}],"wp:term":[{"taxonomy":"product_brand","embeddable":true,"href":"https:\/\/www.speedcube.nl\/de\/wp-json\/wp\/v2\/product_brand?post=427460"},{"taxonomy":"product_cat","embeddable":true,"href":"https:\/\/www.speedcube.nl\/de\/wp-json\/wp\/v2\/product_cat?post=427460"},{"taxonomy":"product_tag","embeddable":true,"href":"https:\/\/www.speedcube.nl\/de\/wp-json\/wp\/v2\/product_tag?post=427460"}],"curies":[{"name":"wp","href":"https:\/\/api.w.org\/{rel}","templated":true}]}}