{"id":427448,"date":"2019-12-19T17:44:00","date_gmt":"2019-12-19T16:44:00","guid":{"rendered":"https:\/\/www.speedcube.nl\/unkategorisiert\/yj-mgc-6x6-m\/"},"modified":"2026-04-22T05:07:10","modified_gmt":"2026-04-22T03:07:10","slug":"yj-mgc-6x6-m","status":"publish","type":"product","link":"https:\/\/www.speedcube.nl\/de\/speedcube-de\/yj-de\/yj-mgc-6x6-m\/","title":{"rendered":"YJ MGC 6&#215;6 M"},"content":{"rendered":"<p>Dies ist der neue magnetische Speedcube von YJ. Der Name MGC steht f\u00fcr einen Mehrwert gegen\u00fcber anderen W\u00fcrfeln, und dieser ist keine Ausnahme. Mit seinen mittelstarken Magneten l\u00e4sst er sich sofort nach dem Auspacken leichtg\u00e4ngig drehen. Dieser W\u00fcrfel bietet eine vergleichbare Leistung wie andere W\u00fcrfel, die doppelt so teuer sind. Dieser W\u00fcrfel wird die L\u00f6ser mit seinen umfangreichen Funktionen fesseln.<\/p>\n","protected":false},"excerpt":{"rendered":"<p>YJ<\/p>\n","protected":false},"featured_media":333959,"template":"","meta":{"_improvement_type_select":"improve_an_existing","_thumb_yes_seoaic":false,"_frame_yes_seoaic":false,"seoaic_generate_description":"","seoaic_improve_instructions_prompt":"","seoaic_rollback_content_improvement":"","seoaic_idea_thumbnail_generator":"","thumbnail_generated":false,"thumbnail_generate_prompt":"","seoaic_article_description":"","product-afmeting-lengte-mm":"","product-afmeting-breedte-mm":"","product-afmeting-hoogte-mm":""},"product_brand":[],"product_cat":[2143,2174,1211],"product_tag":[],"class_list":{"0":"post-427448","1":"product","2":"type-product","3":"status-publish","4":"has-post-thumbnail","6":"product_cat-6x6-de","7":"product_cat-yj-de","8":"product_cat-speedcube-de","9":"pa_merken-yj-de","11":"first","12":"instock","13":"taxable","14":"shipping-taxable","15":"purchasable","16":"product-type-variable"},"df_price":29.95,"df_sale_price":"","df_regular_price":29.95,"df_image_link":"https:\/\/www.speedcube.nl\/wp-content\/uploads\/2023\/03\/Productvisuals_Speedcubes-yj-mgc-6x6-m-285x300.jpg","_links":{"self":[{"href":"https:\/\/www.speedcube.nl\/de\/wp-json\/wp\/v2\/product\/427448","targetHints":{"allow":["GET"]}}],"collection":[{"href":"https:\/\/www.speedcube.nl\/de\/wp-json\/wp\/v2\/product"}],"about":[{"href":"https:\/\/www.speedcube.nl\/de\/wp-json\/wp\/v2\/types\/product"}],"version-history":[{"count":0,"href":"https:\/\/www.speedcube.nl\/de\/wp-json\/wp\/v2\/product\/427448\/revisions"}],"wp:featuredmedia":[{"embeddable":true,"href":"https:\/\/www.speedcube.nl\/de\/wp-json\/wp\/v2\/media\/333959"}],"wp:attachment":[{"href":"https:\/\/www.speedcube.nl\/de\/wp-json\/wp\/v2\/media?parent=427448"}],"wp:term":[{"taxonomy":"product_brand","embeddable":true,"href":"https:\/\/www.speedcube.nl\/de\/wp-json\/wp\/v2\/product_brand?post=427448"},{"taxonomy":"product_cat","embeddable":true,"href":"https:\/\/www.speedcube.nl\/de\/wp-json\/wp\/v2\/product_cat?post=427448"},{"taxonomy":"product_tag","embeddable":true,"href":"https:\/\/www.speedcube.nl\/de\/wp-json\/wp\/v2\/product_tag?post=427448"}],"curies":[{"name":"wp","href":"https:\/\/api.w.org\/{rel}","templated":true}]}}