{"id":427436,"date":"2019-12-20T16:29:00","date_gmt":"2019-12-20T15:29:00","guid":{"rendered":"https:\/\/www.speedcube.nl\/unkategorisiert\/duncan-yoyo-trickbuch\/"},"modified":"2026-05-10T05:04:55","modified_gmt":"2026-05-10T03:04:55","slug":"duncan-yoyo-trickbuch","status":"publish","type":"product","link":"https:\/\/www.speedcube.nl\/de\/aanbieding-de\/duncan-yoyo-trickbuch\/","title":{"rendered":"Duncan YoYo Trickbuch"},"content":{"rendered":"<p>Das Duncan\u00ae Yo-Yo Trickbuch enth\u00e4lt mehr als 60, einschlie\u00dflich eines Bonusabschnitts \u00fcber Gegengewichtstricks! Folgen Sie den lustigen Schritt-f\u00fcr-Schritt-Beschreibungen und Illustrationen, die vom nationalen Meister Steve Brown geschrieben und vom Meisterk\u00fcnstler Li Shyu illustriert wurden!<\/p>\n","protected":false},"excerpt":{"rendered":"<p>DUNCAN<\/p>\n","protected":false},"featured_media":381944,"template":"","meta":{"_improvement_type_select":"improve_an_existing","_thumb_yes_seoaic":false,"_frame_yes_seoaic":false,"seoaic_generate_description":"","seoaic_improve_instructions_prompt":"","seoaic_rollback_content_improvement":"","seoaic_idea_thumbnail_generator":"","thumbnail_generated":false,"thumbnail_generate_prompt":"","seoaic_article_description":"","product-afmeting-lengte-mm":"114","product-afmeting-breedte-mm":"165","product-afmeting-hoogte-mm":"4"},"product_brand":[],"product_cat":[1242,2558,1238],"product_tag":[],"class_list":{"0":"post-427436","1":"product","2":"type-product","3":"status-publish","4":"has-post-thumbnail","6":"product_cat-duncan-de","7":"product_cat-aanbieding-de","8":"product_cat-yo-yos","9":"pa_merken-duncan-de","11":"first","12":"instock","13":"sale","14":"taxable","15":"shipping-taxable","16":"purchasable","17":"product-type-simple"},"df_price":4.79,"df_sale_price":4.79,"df_regular_price":7.99,"df_image_link":"https:\/\/www.speedcube.nl\/wp-content\/uploads\/2023\/06\/Productvisuals_yoyo-duncan-yoyo-trick-boek-1-285x300.jpg","_links":{"self":[{"href":"https:\/\/www.speedcube.nl\/de\/wp-json\/wp\/v2\/product\/427436","targetHints":{"allow":["GET"]}}],"collection":[{"href":"https:\/\/www.speedcube.nl\/de\/wp-json\/wp\/v2\/product"}],"about":[{"href":"https:\/\/www.speedcube.nl\/de\/wp-json\/wp\/v2\/types\/product"}],"version-history":[{"count":0,"href":"https:\/\/www.speedcube.nl\/de\/wp-json\/wp\/v2\/product\/427436\/revisions"}],"wp:featuredmedia":[{"embeddable":true,"href":"https:\/\/www.speedcube.nl\/de\/wp-json\/wp\/v2\/media\/381944"}],"wp:attachment":[{"href":"https:\/\/www.speedcube.nl\/de\/wp-json\/wp\/v2\/media?parent=427436"}],"wp:term":[{"taxonomy":"product_brand","embeddable":true,"href":"https:\/\/www.speedcube.nl\/de\/wp-json\/wp\/v2\/product_brand?post=427436"},{"taxonomy":"product_cat","embeddable":true,"href":"https:\/\/www.speedcube.nl\/de\/wp-json\/wp\/v2\/product_cat?post=427436"},{"taxonomy":"product_tag","embeddable":true,"href":"https:\/\/www.speedcube.nl\/de\/wp-json\/wp\/v2\/product_tag?post=427436"}],"curies":[{"name":"wp","href":"https:\/\/api.w.org\/{rel}","templated":true}]}}