{"id":427433,"date":"2019-12-18T09:10:20","date_gmt":"2019-12-18T08:10:20","guid":{"rendered":"https:\/\/www.speedcube.nl\/unkategorisiert\/yj-mgc-5x5-m-aufkleberlos\/"},"modified":"2026-05-02T05:04:52","modified_gmt":"2026-05-02T03:04:52","slug":"yj-mgc-5x5-m-aufkleberlos","status":"publish","type":"product","link":"https:\/\/www.speedcube.nl\/de\/speedcube-de\/yj-de\/yj-mgc-5x5-m-aufkleberlos\/","title":{"rendered":"YJ MGC 5&#215;5 M"},"content":{"rendered":"<p>Dies ist der neue magnetische MGC 5&#215;5 von YJ. Der Name steht f\u00fcr den Wert im Vergleich zu anderen W\u00fcrfeln und dieser 5&#215;5 ist keine Ausnahme. Mit mittelstarken Magneten und dreht sich sofort nach dem Auspacken leichtg\u00e4ngig. Dieser W\u00fcrfel bietet eine vergleichbare Leistung wie andere W\u00fcrfel, die doppelt so teuer sind. Dieser W\u00fcrfel wird die L\u00f6ser mit seinen umfangreichen Funktionen fesseln.<\/p>\n","protected":false},"excerpt":{"rendered":"<p>YJ<\/p>\n","protected":false},"featured_media":402285,"template":"","meta":{"_improvement_type_select":"improve_an_existing","_thumb_yes_seoaic":false,"_frame_yes_seoaic":false,"seoaic_generate_description":"","seoaic_improve_instructions_prompt":"","seoaic_rollback_content_improvement":"","seoaic_idea_thumbnail_generator":"","thumbnail_generated":false,"thumbnail_generate_prompt":"","seoaic_article_description":"","product-afmeting-lengte-mm":"62","product-afmeting-breedte-mm":"62","product-afmeting-hoogte-mm":"62"},"product_brand":[],"product_cat":[1872,2174,1211],"product_tag":[],"class_list":{"0":"post-427433","1":"product","2":"type-product","3":"status-publish","4":"has-post-thumbnail","6":"product_cat-5x5-de","7":"product_cat-yj-de","8":"product_cat-speedcube-de","9":"pa_merken-yj-de","11":"first","12":"instock","13":"taxable","14":"shipping-taxable","15":"purchasable","16":"product-type-variable"},"df_price":25.99,"df_sale_price":"","df_regular_price":25.99,"df_image_link":"https:\/\/www.speedcube.nl\/wp-content\/uploads\/2023\/06\/Productvisuals_Speedcubes-yj-mgc-5x5-m-1-285x300.jpg","_links":{"self":[{"href":"https:\/\/www.speedcube.nl\/de\/wp-json\/wp\/v2\/product\/427433","targetHints":{"allow":["GET"]}}],"collection":[{"href":"https:\/\/www.speedcube.nl\/de\/wp-json\/wp\/v2\/product"}],"about":[{"href":"https:\/\/www.speedcube.nl\/de\/wp-json\/wp\/v2\/types\/product"}],"version-history":[{"count":0,"href":"https:\/\/www.speedcube.nl\/de\/wp-json\/wp\/v2\/product\/427433\/revisions"}],"wp:featuredmedia":[{"embeddable":true,"href":"https:\/\/www.speedcube.nl\/de\/wp-json\/wp\/v2\/media\/402285"}],"wp:attachment":[{"href":"https:\/\/www.speedcube.nl\/de\/wp-json\/wp\/v2\/media?parent=427433"}],"wp:term":[{"taxonomy":"product_brand","embeddable":true,"href":"https:\/\/www.speedcube.nl\/de\/wp-json\/wp\/v2\/product_brand?post=427433"},{"taxonomy":"product_cat","embeddable":true,"href":"https:\/\/www.speedcube.nl\/de\/wp-json\/wp\/v2\/product_cat?post=427433"},{"taxonomy":"product_tag","embeddable":true,"href":"https:\/\/www.speedcube.nl\/de\/wp-json\/wp\/v2\/product_tag?post=427433"}],"curies":[{"name":"wp","href":"https:\/\/api.w.org\/{rel}","templated":true}]}}