{"id":427391,"date":"2020-01-02T20:55:00","date_gmt":"2020-01-02T19:55:00","guid":{"rendered":"https:\/\/www.speedcube.nl\/unkategorisiert\/gan-356-rs\/"},"modified":"2026-05-01T05:01:14","modified_gmt":"2026-05-01T03:01:14","slug":"gan-356-rs","status":"publish","type":"product","link":"https:\/\/www.speedcube.nl\/de\/speedcube-de\/gan-de\/gan-356-rs\/","title":{"rendered":"Gan 356 RS"},"content":{"rendered":"<p>Der GAN 356 RS 3&#215;3 ist als moderne Version des einst beliebten 356 S konzipiert. Der 356 RS enth\u00e4lt im Kern viele neue Verbesserungen durch die Systeme GES und IPG. Dar\u00fcber hinaus wurde ein neues Wabendesign eingef\u00fchrt, um sicherzustellen, dass das Schmiermittel gleichm\u00e4\u00dfig \u00fcber die Teile verteilt wird und ein glattes Gef\u00fchl vermittelt. Der RS wird mit gelben GES geliefert.<\/p>\n","protected":false},"excerpt":{"rendered":"<p>GAN<\/p>\n","protected":false},"featured_media":382310,"template":"","meta":{"_improvement_type_select":"improve_an_existing","_thumb_yes_seoaic":false,"_frame_yes_seoaic":false,"seoaic_generate_description":"","seoaic_improve_instructions_prompt":"","seoaic_rollback_content_improvement":"","seoaic_idea_thumbnail_generator":"","thumbnail_generated":false,"thumbnail_generate_prompt":"","seoaic_article_description":"","product-afmeting-lengte-mm":"","product-afmeting-breedte-mm":"","product-afmeting-hoogte-mm":""},"product_brand":[],"product_cat":[1221,1270,1211],"product_tag":[],"class_list":{"0":"post-427391","1":"product","2":"type-product","3":"status-publish","4":"has-post-thumbnail","6":"product_cat-3x3-de","7":"product_cat-gan-de","8":"product_cat-speedcube-de","9":"pa_merken-gan-de","11":"first","12":"instock","13":"taxable","14":"shipping-taxable","15":"purchasable","16":"product-type-simple"},"df_price":17.99,"df_sale_price":"","df_regular_price":17.99,"df_image_link":"https:\/\/www.speedcube.nl\/wp-content\/uploads\/2023\/06\/Productvisuals_Speedcubes-gan-356-rs-285x300.jpg","_links":{"self":[{"href":"https:\/\/www.speedcube.nl\/de\/wp-json\/wp\/v2\/product\/427391","targetHints":{"allow":["GET"]}}],"collection":[{"href":"https:\/\/www.speedcube.nl\/de\/wp-json\/wp\/v2\/product"}],"about":[{"href":"https:\/\/www.speedcube.nl\/de\/wp-json\/wp\/v2\/types\/product"}],"version-history":[{"count":0,"href":"https:\/\/www.speedcube.nl\/de\/wp-json\/wp\/v2\/product\/427391\/revisions"}],"wp:featuredmedia":[{"embeddable":true,"href":"https:\/\/www.speedcube.nl\/de\/wp-json\/wp\/v2\/media\/382310"}],"wp:attachment":[{"href":"https:\/\/www.speedcube.nl\/de\/wp-json\/wp\/v2\/media?parent=427391"}],"wp:term":[{"taxonomy":"product_brand","embeddable":true,"href":"https:\/\/www.speedcube.nl\/de\/wp-json\/wp\/v2\/product_brand?post=427391"},{"taxonomy":"product_cat","embeddable":true,"href":"https:\/\/www.speedcube.nl\/de\/wp-json\/wp\/v2\/product_cat?post=427391"},{"taxonomy":"product_tag","embeddable":true,"href":"https:\/\/www.speedcube.nl\/de\/wp-json\/wp\/v2\/product_tag?post=427391"}],"curies":[{"name":"wp","href":"https:\/\/api.w.org\/{rel}","templated":true}]}}