{"id":427390,"date":"2020-02-05T12:45:00","date_gmt":"2020-02-05T11:45:00","guid":{"rendered":"https:\/\/www.speedcube.nl\/unkategorisiert\/logik-die-kanone-von-malta\/"},"modified":"2026-05-13T05:11:01","modified_gmt":"2026-05-13T03:11:01","slug":"logik-die-kanone-von-malta","status":"publish","type":"product","link":"https:\/\/www.speedcube.nl\/de\/aanbieding-de\/logik-die-kanone-von-malta\/","title":{"rendered":"Logik Die Kanone von Malta"},"content":{"rendered":"<p>Finde heraus, wie du die Kanonenkugel aus der Kupferkanone befreien kannst. Sehr schwieriges R\u00e4tsel vom Typ Legierungsgussr\u00e4tsel: Die L\u00f6sung erfordert mehrere aufeinander folgende Schritte, um gel\u00f6st zu werden. Das R\u00e4tsel besteht darin, die Kanonenkugel aus der Kupferkanone zu entfernen. Ein sehr schwieriges progressives Verschiebungsr\u00e4tsel.<\/p>\n<p>Alter: 12+<br \/>\nSchwierigkeitsgrad: 5 Sterne<br \/>\nAbmessungen: 70 x 30 x 32 mm<\/p>\n","protected":false},"excerpt":{"rendered":"<p>LOGICA<\/p>\n","protected":false},"featured_media":382908,"template":"","meta":{"_improvement_type_select":"improve_an_existing","_thumb_yes_seoaic":false,"_frame_yes_seoaic":false,"seoaic_generate_description":"","seoaic_improve_instructions_prompt":"","seoaic_rollback_content_improvement":"","seoaic_idea_thumbnail_generator":"","thumbnail_generated":false,"thumbnail_generate_prompt":"","seoaic_article_description":"","product-afmeting-lengte-mm":"","product-afmeting-breedte-mm":"","product-afmeting-hoogte-mm":""},"product_brand":[],"product_cat":[1227,2558],"product_tag":[],"class_list":{"0":"post-427390","1":"product","2":"type-product","3":"status-publish","4":"has-post-thumbnail","6":"product_cat-knobelaufgaben","7":"product_cat-aanbieding-de","8":"pa_merken-logica-de","10":"first","11":"instock","12":"sale","13":"taxable","14":"shipping-taxable","15":"purchasable","16":"product-type-simple"},"df_price":11.39,"df_sale_price":11.39,"df_regular_price":18.99,"df_image_link":"https:\/\/www.speedcube.nl\/wp-content\/uploads\/2023\/06\/Productvisuals_Breinbrekers-Logica-Het-Kanon-of-Malta-4-1-285x300.jpg","_links":{"self":[{"href":"https:\/\/www.speedcube.nl\/de\/wp-json\/wp\/v2\/product\/427390","targetHints":{"allow":["GET"]}}],"collection":[{"href":"https:\/\/www.speedcube.nl\/de\/wp-json\/wp\/v2\/product"}],"about":[{"href":"https:\/\/www.speedcube.nl\/de\/wp-json\/wp\/v2\/types\/product"}],"version-history":[{"count":0,"href":"https:\/\/www.speedcube.nl\/de\/wp-json\/wp\/v2\/product\/427390\/revisions"}],"wp:featuredmedia":[{"embeddable":true,"href":"https:\/\/www.speedcube.nl\/de\/wp-json\/wp\/v2\/media\/382908"}],"wp:attachment":[{"href":"https:\/\/www.speedcube.nl\/de\/wp-json\/wp\/v2\/media?parent=427390"}],"wp:term":[{"taxonomy":"product_brand","embeddable":true,"href":"https:\/\/www.speedcube.nl\/de\/wp-json\/wp\/v2\/product_brand?post=427390"},{"taxonomy":"product_cat","embeddable":true,"href":"https:\/\/www.speedcube.nl\/de\/wp-json\/wp\/v2\/product_cat?post=427390"},{"taxonomy":"product_tag","embeddable":true,"href":"https:\/\/www.speedcube.nl\/de\/wp-json\/wp\/v2\/product_tag?post=427390"}],"curies":[{"name":"wp","href":"https:\/\/api.w.org\/{rel}","templated":true}]}}