{"id":427373,"date":"2020-02-05T12:56:00","date_gmt":"2020-02-05T11:56:00","guid":{"rendered":"https:\/\/www.speedcube.nl\/unkategorisiert\/wil-strijbos-erstes-kreuz\/"},"modified":"2026-05-10T05:03:51","modified_gmt":"2026-05-10T03:03:51","slug":"wil-strijbos-erstes-kreuz","status":"publish","type":"product","link":"https:\/\/www.speedcube.nl\/de\/knobelaufgaben\/strijbos-de\/wil-strijbos-erstes-kreuz\/","title":{"rendered":"Wil Strijbos Erstes Kreuz"},"content":{"rendered":"<p>Trennen Sie die beiden H\u00e4lften des Kreuzes. Ein einzigartiges und faszinierendes Werk, wie es Wil Strijbos vor mehr als 30 Jahren zum ersten Mal geschaffen hat. Ein hochwertiges und extrem schwer zu l\u00f6sendes R\u00e4tsel! Dieses R\u00e4tsel ist eine fortlaufende Adaption des Erfinders, der 1979 sein erstes h\u00f6lzernes Vorh\u00e4ngeschloss herstellte. Anders als das Sweta-Kreuz enth\u00e4lt es keine Murmel und keine Magnete. Die L\u00f6sung liegt genau in der elastischen Festigkeit der Aluminiumteile. Eine echte Herausforderung f\u00fcr R\u00e4tselfreunde!<\/p>\n<p>*Ausgenommen von der R\u00fcckgabe, siehe Allgemeine Gesch\u00e4ftsbedingungen.<\/p>\n","protected":false},"excerpt":{"rendered":"<p>WIL STRIBOS<\/p>\n","protected":false},"featured_media":382924,"template":"","meta":{"_improvement_type_select":"improve_an_existing","_thumb_yes_seoaic":false,"_frame_yes_seoaic":false,"seoaic_generate_description":"","seoaic_improve_instructions_prompt":"","seoaic_rollback_content_improvement":"","seoaic_idea_thumbnail_generator":"","thumbnail_generated":false,"thumbnail_generate_prompt":"","seoaic_article_description":"","product-afmeting-lengte-mm":"60","product-afmeting-breedte-mm":"60","product-afmeting-hoogte-mm":"35"},"product_brand":[],"product_cat":[1490,1244,1227,1233,1488,1831],"product_tag":[],"class_list":{"0":"post-427373","1":"product","2":"type-product","3":"status-publish","4":"has-post-thumbnail","6":"product_cat-5-sterne-oder-mehr-experte","7":"product_cat-knobelaufgaben-de","8":"product_cat-knobelaufgaben","9":"product_cat-knobelaufgaben-fur-erwachsene","10":"product_cat-metall","11":"product_cat-strijbos-de","12":"pa_merken-wil-stribos-de","14":"first","15":"outofstock","16":"taxable","17":"shipping-taxable","18":"purchasable","19":"product-type-simple"},"df_price":89.99,"df_sale_price":"","df_regular_price":89.99,"df_image_link":"https:\/\/www.speedcube.nl\/wp-content\/uploads\/2023\/06\/Productvisuals_Breinbrekers-Wil-Strijbos-First-Cross-285x300.jpg","_links":{"self":[{"href":"https:\/\/www.speedcube.nl\/de\/wp-json\/wp\/v2\/product\/427373","targetHints":{"allow":["GET"]}}],"collection":[{"href":"https:\/\/www.speedcube.nl\/de\/wp-json\/wp\/v2\/product"}],"about":[{"href":"https:\/\/www.speedcube.nl\/de\/wp-json\/wp\/v2\/types\/product"}],"version-history":[{"count":0,"href":"https:\/\/www.speedcube.nl\/de\/wp-json\/wp\/v2\/product\/427373\/revisions"}],"wp:featuredmedia":[{"embeddable":true,"href":"https:\/\/www.speedcube.nl\/de\/wp-json\/wp\/v2\/media\/382924"}],"wp:attachment":[{"href":"https:\/\/www.speedcube.nl\/de\/wp-json\/wp\/v2\/media?parent=427373"}],"wp:term":[{"taxonomy":"product_brand","embeddable":true,"href":"https:\/\/www.speedcube.nl\/de\/wp-json\/wp\/v2\/product_brand?post=427373"},{"taxonomy":"product_cat","embeddable":true,"href":"https:\/\/www.speedcube.nl\/de\/wp-json\/wp\/v2\/product_cat?post=427373"},{"taxonomy":"product_tag","embeddable":true,"href":"https:\/\/www.speedcube.nl\/de\/wp-json\/wp\/v2\/product_tag?post=427373"}],"curies":[{"name":"wp","href":"https:\/\/api.w.org\/{rel}","templated":true}]}}