{"id":427372,"date":"2020-01-17T13:48:00","date_gmt":"2020-01-17T12:48:00","guid":{"rendered":"https:\/\/www.speedcube.nl\/unkategorisiert\/robotime-mechanische-zahnraeder-vitascope-lk601\/"},"modified":"2026-05-09T05:00:40","modified_gmt":"2026-05-09T03:00:40","slug":"robotime-mechanische-zahnraeder-vitascope-lk601","status":"publish","type":"product","link":"https:\/\/www.speedcube.nl\/de\/modellbau\/sehenswurdigkeiten\/robotime-mechanische-zahnraeder-vitascope-lk601\/","title":{"rendered":"Robotime Mechanische Zahnr\u00e4der Vitascope LK601"},"content":{"rendered":"<p>Das Vitascope von Robotime ist f\u00fcr Jung und Alt gleicherma\u00dfen interessant. Auch diesem altmodischen Ger\u00e4t wurde ein moderner Anstrich verpasst. So, dass man sie auch in diesen Zeiten genie\u00dfen kann. Stellen Sie zun\u00e4chst sicher, dass Sie das Vitascope ordnungsgem\u00e4\u00df herstellen. Suchen Sie dann einen dunklen Raum auf, halten Sie Ihr Spielzeug etwa 30 cm vor die wei\u00dfe Leinwand, drehen Sie den Griff und Sie werden die Animation sehen. Wie fantastisch ist das denn?<\/p>\n<p>Gewicht: 0,8 kg<br \/>\nMaterial: Zubeh\u00f6r, Metall, Kunststoff, Folie und PlayWood<br \/>\nAlter: 14+<br \/>\nProdukt mm: 223 x 133 x 255<br \/>\nVerpackung mm: 320 x 235 x 51<br \/>\nAnzahl der St\u00fccke: 183<\/p>\n","protected":false},"excerpt":{"rendered":"<p>ROBOTIME<\/p>\n","protected":false},"featured_media":382350,"template":"","meta":{"_improvement_type_select":"improve_an_existing","_thumb_yes_seoaic":false,"_frame_yes_seoaic":false,"seoaic_generate_description":"","seoaic_improve_instructions_prompt":"","seoaic_rollback_content_improvement":"","seoaic_idea_thumbnail_generator":"","thumbnail_generated":false,"thumbnail_generate_prompt":"","seoaic_article_description":"","product-afmeting-lengte-mm":"","product-afmeting-breedte-mm":"","product-afmeting-hoogte-mm":""},"product_brand":[],"product_cat":[1617,1500,1636,1499,1619,1723],"product_tag":[],"class_list":{"0":"post-427372","1":"product","2":"type-product","3":"status-publish","4":"has-post-thumbnail","6":"product_cat-baukasten-aus-holz","7":"product_cat-baukasten-fur-erwachsene","8":"product_cat-baukasten-fur-kinder","9":"product_cat-modellbau","10":"product_cat-robotime-de","11":"product_cat-sehenswurdigkeiten","12":"pa_merken-robotime-de","14":"first","15":"instock","16":"taxable","17":"shipping-taxable","18":"purchasable","19":"product-type-simple"},"df_price":49.99,"df_sale_price":"","df_regular_price":49.99,"df_image_link":"https:\/\/www.speedcube.nl\/wp-content\/uploads\/2023\/06\/Productvisuals_Modelbouw-Robotime-mechanical-gears-vitascope-1-285x300.jpg","_links":{"self":[{"href":"https:\/\/www.speedcube.nl\/de\/wp-json\/wp\/v2\/product\/427372","targetHints":{"allow":["GET"]}}],"collection":[{"href":"https:\/\/www.speedcube.nl\/de\/wp-json\/wp\/v2\/product"}],"about":[{"href":"https:\/\/www.speedcube.nl\/de\/wp-json\/wp\/v2\/types\/product"}],"version-history":[{"count":0,"href":"https:\/\/www.speedcube.nl\/de\/wp-json\/wp\/v2\/product\/427372\/revisions"}],"wp:featuredmedia":[{"embeddable":true,"href":"https:\/\/www.speedcube.nl\/de\/wp-json\/wp\/v2\/media\/382350"}],"wp:attachment":[{"href":"https:\/\/www.speedcube.nl\/de\/wp-json\/wp\/v2\/media?parent=427372"}],"wp:term":[{"taxonomy":"product_brand","embeddable":true,"href":"https:\/\/www.speedcube.nl\/de\/wp-json\/wp\/v2\/product_brand?post=427372"},{"taxonomy":"product_cat","embeddable":true,"href":"https:\/\/www.speedcube.nl\/de\/wp-json\/wp\/v2\/product_cat?post=427372"},{"taxonomy":"product_tag","embeddable":true,"href":"https:\/\/www.speedcube.nl\/de\/wp-json\/wp\/v2\/product_tag?post=427372"}],"curies":[{"name":"wp","href":"https:\/\/api.w.org\/{rel}","templated":true}]}}