{"id":427370,"date":"2020-01-19T09:22:00","date_gmt":"2020-01-19T08:22:00","guid":{"rendered":"https:\/\/www.speedcube.nl\/unkategorisiert\/zeit-fuer-machine-hot-tractor\/"},"modified":"2026-05-02T05:00:37","modified_gmt":"2026-05-02T03:00:37","slug":"zeit-fuer-machine-hot-tractor","status":"publish","type":"product","link":"https:\/\/www.speedcube.nl\/de\/modellbau\/zeit-fur-maschine\/zeit-fuer-machine-hot-tractor\/","title":{"rendered":"Zeit f\u00fcr Machine Hot Tractor"},"content":{"rendered":"<p>Dieses robuste Metallmodell ist dem Industriedesign des echten Schwerlasttraktors K700 nachempfunden. Dieser Modellbausatz ist die perfekte Einstiegsvariante, da er aufgrund des fehlenden Federantriebs einfacher zu montieren ist. Der Bewegungsmechanismus dreht sich durch den Schwung der R\u00e4der. Der Traktor hat eine schwenkbare Hinterachse, genau wie sein echtes Vorbild. Die Kabinent\u00fcren und die Motorhaube lassen sich \u00f6ffnen und geben den Blick auf die Komponenten im Inneren frei.<\/p>\n<p>Material: polierter Edelstahl<br \/>\nAlter: 14+<br \/>\nProdukt mm : 112 x 55 x 44 mm<br \/>\nVerpackungsgr\u00f6\u00dfe: 170 x 170 x 7 mm<br \/>\nAnzahl der St\u00fccke : 90<\/p>\n","protected":false},"excerpt":{"rendered":"<p>ZEIT F\u00dcR MASCHINE<\/p>\n","protected":false},"featured_media":382714,"template":"","meta":{"_improvement_type_select":"improve_an_existing","_thumb_yes_seoaic":false,"_frame_yes_seoaic":false,"seoaic_generate_description":"","seoaic_improve_instructions_prompt":"","seoaic_rollback_content_improvement":"","seoaic_idea_thumbnail_generator":"","thumbnail_generated":false,"thumbnail_generate_prompt":"","seoaic_article_description":"","product-afmeting-lengte-mm":"","product-afmeting-breedte-mm":"","product-afmeting-hoogte-mm":""},"product_brand":[],"product_cat":[1499,2824,2558],"product_tag":[],"class_list":{"0":"post-427370","1":"product","2":"type-product","3":"status-publish","4":"has-post-thumbnail","6":"product_cat-modellbau","7":"product_cat-zeit-fur-maschine","8":"product_cat-aanbieding-de","9":"pa_merken-zeit-fur-maschine","11":"first","12":"instock","13":"sale","14":"taxable","15":"shipping-taxable","16":"purchasable","17":"product-type-simple"},"df_price":17.48,"df_sale_price":17.48,"df_regular_price":34.95,"df_image_link":"https:\/\/www.speedcube.nl\/wp-content\/uploads\/2023\/06\/Productvisuals_Modelbouw-Time-For-Machine-hot-tractor-1-285x300.jpg","_links":{"self":[{"href":"https:\/\/www.speedcube.nl\/de\/wp-json\/wp\/v2\/product\/427370","targetHints":{"allow":["GET"]}}],"collection":[{"href":"https:\/\/www.speedcube.nl\/de\/wp-json\/wp\/v2\/product"}],"about":[{"href":"https:\/\/www.speedcube.nl\/de\/wp-json\/wp\/v2\/types\/product"}],"version-history":[{"count":0,"href":"https:\/\/www.speedcube.nl\/de\/wp-json\/wp\/v2\/product\/427370\/revisions"}],"wp:featuredmedia":[{"embeddable":true,"href":"https:\/\/www.speedcube.nl\/de\/wp-json\/wp\/v2\/media\/382714"}],"wp:attachment":[{"href":"https:\/\/www.speedcube.nl\/de\/wp-json\/wp\/v2\/media?parent=427370"}],"wp:term":[{"taxonomy":"product_brand","embeddable":true,"href":"https:\/\/www.speedcube.nl\/de\/wp-json\/wp\/v2\/product_brand?post=427370"},{"taxonomy":"product_cat","embeddable":true,"href":"https:\/\/www.speedcube.nl\/de\/wp-json\/wp\/v2\/product_cat?post=427370"},{"taxonomy":"product_tag","embeddable":true,"href":"https:\/\/www.speedcube.nl\/de\/wp-json\/wp\/v2\/product_tag?post=427370"}],"curies":[{"name":"wp","href":"https:\/\/api.w.org\/{rel}","templated":true}]}}