{"id":427363,"date":"2019-12-28T14:10:00","date_gmt":"2019-12-28T13:10:00","guid":{"rendered":"https:\/\/www.speedcube.nl\/unkategorisiert\/metall-erde-stille\/"},"modified":"2026-05-01T05:00:21","modified_gmt":"2026-05-01T03:00:21","slug":"metall-erde-stille","status":"publish","type":"product","link":"https:\/\/www.speedcube.nl\/de\/aanbieding-de\/metall-erde-stille\/","title":{"rendered":"Metall Erde Stille"},"content":{"rendered":"<div class=\"slot slot--description slot--seperated js_slot-description\" data-group-name=\"ProductDescription\" data-bltgg=\"k9GKwf4MW9RA2rtuV1tOKg.2_26\">\n<div data-test=\"product-description\" data-bltgi=\"k9GKwf4MW9RA2rtuV1tOKg.2_26.27\">\n<div class=\"product-description\" data-test=\"description\">Stellen Sie sich einen Moment lang vor, Sie w\u00e4ren Euron Greyjoy mit einem wundersch\u00f6nen Modell des Flaggschiffs der Eisernen Flotte. Dieser sch\u00f6ne Metal Earth-Bausatz besteht aus 2,5 d\u00fcnnen Blechen, aus denen die Teile dieses Artikels lasergeschnitten wurden. Falte, drehe oder schneide die Teile aus dem Blech und puzzle dann weiter: Teil in die richtige Form falten, Lasche oder Stift durch einen Schlitz stecken, 2 Teile zusammenf\u00fcgen, Lasche falten, und so weiter! Kleber ist nicht notwendig, aber Sie k\u00f6nnen eine feine Spitze und einen Cutter verwenden. Schritt-f\u00fcr-Schritt-Montage; Anleitungen sind immer enthalten.<\/p>\n<p>Anleitung PDF: ICX126<br \/>\nAnzahl der Bl\u00e4tter: 2,5 Bl\u00e4tter<br \/>\nSchwierigkeitsgrad: Moderat<br \/>\nProduktabmessungen: 4,69&#8243; x 4,33&#8243; x 4,8&#8243;<\/p><\/div>\n<\/div>\n<\/div>\n","protected":false},"excerpt":{"rendered":"<p>METALLERDE<\/p>\n","protected":false},"featured_media":382022,"template":"","meta":{"_improvement_type_select":"improve_an_existing","_thumb_yes_seoaic":false,"_frame_yes_seoaic":false,"seoaic_generate_description":"","seoaic_improve_instructions_prompt":"","seoaic_rollback_content_improvement":"","seoaic_idea_thumbnail_generator":"","thumbnail_generated":false,"thumbnail_generate_prompt":"","seoaic_article_description":"","product-afmeting-lengte-mm":"","product-afmeting-breedte-mm":"","product-afmeting-hoogte-mm":""},"product_brand":[],"product_cat":[1714,1499,2558],"product_tag":[],"class_list":{"0":"post-427363","1":"product","2":"type-product","3":"status-publish","4":"has-post-thumbnail","6":"product_cat-metall-erde","7":"product_cat-modellbau","8":"product_cat-aanbieding-de","9":"pa_merken-metallerde","11":"first","12":"instock","13":"sale","14":"taxable","15":"shipping-taxable","16":"purchasable","17":"product-type-simple"},"df_price":19.98,"df_sale_price":19.98,"df_regular_price":39.95,"df_image_link":"https:\/\/www.speedcube.nl\/wp-content\/uploads\/2023\/06\/Productvisuals_Modelbouw-Metal-Earth-silence-1-285x300.jpg","_links":{"self":[{"href":"https:\/\/www.speedcube.nl\/de\/wp-json\/wp\/v2\/product\/427363","targetHints":{"allow":["GET"]}}],"collection":[{"href":"https:\/\/www.speedcube.nl\/de\/wp-json\/wp\/v2\/product"}],"about":[{"href":"https:\/\/www.speedcube.nl\/de\/wp-json\/wp\/v2\/types\/product"}],"version-history":[{"count":0,"href":"https:\/\/www.speedcube.nl\/de\/wp-json\/wp\/v2\/product\/427363\/revisions"}],"wp:featuredmedia":[{"embeddable":true,"href":"https:\/\/www.speedcube.nl\/de\/wp-json\/wp\/v2\/media\/382022"}],"wp:attachment":[{"href":"https:\/\/www.speedcube.nl\/de\/wp-json\/wp\/v2\/media?parent=427363"}],"wp:term":[{"taxonomy":"product_brand","embeddable":true,"href":"https:\/\/www.speedcube.nl\/de\/wp-json\/wp\/v2\/product_brand?post=427363"},{"taxonomy":"product_cat","embeddable":true,"href":"https:\/\/www.speedcube.nl\/de\/wp-json\/wp\/v2\/product_cat?post=427363"},{"taxonomy":"product_tag","embeddable":true,"href":"https:\/\/www.speedcube.nl\/de\/wp-json\/wp\/v2\/product_tag?post=427363"}],"curies":[{"name":"wp","href":"https:\/\/api.w.org\/{rel}","templated":true}]}}