{"id":427355,"date":"2020-05-17T07:08:00","date_gmt":"2020-05-17T05:08:00","guid":{"rendered":"https:\/\/www.speedcube.nl\/unkategorisiert\/inside-legend-die-krypten\/"},"modified":"2026-05-11T05:01:21","modified_gmt":"2026-05-11T03:01:21","slug":"inside-legend-die-krypten","status":"publish","type":"product","link":"https:\/\/www.speedcube.nl\/de\/stunt-bb-de\/inside-legend-die-krypten\/","title":{"rendered":"Inside Legend Die Krypten"},"content":{"rendered":"<p>&#8222;Die KRYPEN des letzten Vampirs&#8220; ist ein h\u00f6llisches Abenteuer auf einem verlorenen Friedhof am Fu\u00dfe der Karpaten. Du musst durch drei Krypten gehen, bevor du Zugang zur letzten Krypta bekommst, in der sich die letzten Vampire verstecken. Um bei der Suche erfolgreich zu sein, brauchen Sie Adressen, \u00dcberlegungen und viel Durchhalteverm\u00f6gen. Du musst in der Lage sein, deinen Holzstab durch das Herz des Vampirs zu treiben, aber &#8230; vor allem aus dem unheimlichen Friedhof heraus. Denn die Hinreise wird leichter sein als die R\u00fcckreise, und auf dem Weg, der Sie vielleicht zum Leben und zur Herrlichkeit zur\u00fcckf\u00fchrt, erwarten Sie Fallen und Fallstricke &#8230;<\/p>\n<p>Alter: 8+<br \/>\nSchwierigkeitsgrad: 3 Sterne<br \/>\nKann allein oder mit anderen gespielt werden<br \/>\nHergestellt in Frankreich<\/p>\n","protected":false},"excerpt":{"rendered":"<p>INNEN<\/p>\n","protected":false},"featured_media":384150,"template":"","meta":{"_improvement_type_select":"improve_an_existing","_thumb_yes_seoaic":false,"_frame_yes_seoaic":false,"seoaic_generate_description":"","seoaic_improve_instructions_prompt":"","seoaic_rollback_content_improvement":"","seoaic_idea_thumbnail_generator":"","thumbnail_generated":false,"thumbnail_generate_prompt":"","seoaic_article_description":"","product-afmeting-lengte-mm":"","product-afmeting-breedte-mm":"","product-afmeting-hoogte-mm":""},"product_brand":[],"product_cat":[1511,2183,1244,1227,1233,1237,1241,5227],"product_tag":[],"class_list":{"0":"post-427355","1":"product","2":"type-product","3":"status-publish","4":"has-post-thumbnail","6":"product_cat-3-sterne-normal","7":"product_cat-innen","8":"product_cat-knobelaufgaben-de","9":"product_cat-knobelaufgaben","10":"product_cat-knobelaufgaben-fur-erwachsene","11":"product_cat-knobelaufgaben-fur-kinder","12":"product_cat-plastik-ratsel","13":"product_cat-stunt-bb-de","14":"pa_merken-innen","16":"first","17":"outofstock","18":"taxable","19":"shipping-taxable","20":"purchasable","21":"product-type-simple"},"df_price":12.99,"df_sale_price":"","df_regular_price":12.99,"df_image_link":"https:\/\/www.speedcube.nl\/wp-content\/uploads\/2023\/06\/Productvisuals_Breinbrekers-Inside-Legend-The-Crypts-285x300.jpg","_links":{"self":[{"href":"https:\/\/www.speedcube.nl\/de\/wp-json\/wp\/v2\/product\/427355","targetHints":{"allow":["GET"]}}],"collection":[{"href":"https:\/\/www.speedcube.nl\/de\/wp-json\/wp\/v2\/product"}],"about":[{"href":"https:\/\/www.speedcube.nl\/de\/wp-json\/wp\/v2\/types\/product"}],"version-history":[{"count":0,"href":"https:\/\/www.speedcube.nl\/de\/wp-json\/wp\/v2\/product\/427355\/revisions"}],"wp:featuredmedia":[{"embeddable":true,"href":"https:\/\/www.speedcube.nl\/de\/wp-json\/wp\/v2\/media\/384150"}],"wp:attachment":[{"href":"https:\/\/www.speedcube.nl\/de\/wp-json\/wp\/v2\/media?parent=427355"}],"wp:term":[{"taxonomy":"product_brand","embeddable":true,"href":"https:\/\/www.speedcube.nl\/de\/wp-json\/wp\/v2\/product_brand?post=427355"},{"taxonomy":"product_cat","embeddable":true,"href":"https:\/\/www.speedcube.nl\/de\/wp-json\/wp\/v2\/product_cat?post=427355"},{"taxonomy":"product_tag","embeddable":true,"href":"https:\/\/www.speedcube.nl\/de\/wp-json\/wp\/v2\/product_tag?post=427355"}],"curies":[{"name":"wp","href":"https:\/\/api.w.org\/{rel}","templated":true}]}}