{"id":427354,"date":"2020-04-26T13:21:00","date_gmt":"2020-04-26T11:21:00","guid":{"rendered":"https:\/\/www.speedcube.nl\/unkategorisiert\/dayan-tengyun-v2-m-aufkleberlos\/"},"modified":"2026-05-12T05:02:06","modified_gmt":"2026-05-12T03:02:06","slug":"dayan-tengyun-v2-m-aufkleberlos","status":"publish","type":"product","link":"https:\/\/www.speedcube.nl\/de\/speedcube-de\/dayan-de\/dayan-tengyun-v2-m-aufkleberlos\/","title":{"rendered":"Dayan Tengyun v2 M aufkleberlos"},"content":{"rendered":"<p>Das DaYan TengYun Magnetic 3&#215;3 V2 ist eine sehr interessante Ver\u00f6ffentlichung! DaYan war f\u00fcr seine Weltklasse-Speedcubes bekannt, daher ist es gro\u00dfartig zu sehen, dass sie ihre neue Technologie und ihr Design in ihre Speedcubes einflie\u00dfen lassen. Das Tolle am TengYun V2 ist, dass Sie die Kernelastizit\u00e4t und die Federkompression mit dem mitgelieferten Werkzeug einstellen k\u00f6nnen. Eigentlich ganz einfach. Wenn Sie ein Fan der sanften Rotation des GuHong V3 sind, sollten Sie dieses Ger\u00e4t unbedingt ausprobieren!<\/p>\n","protected":false},"excerpt":{"rendered":"<p>DAYAN<\/p>\n","protected":false},"featured_media":383664,"template":"","meta":{"_improvement_type_select":"improve_an_existing","_thumb_yes_seoaic":false,"_frame_yes_seoaic":false,"seoaic_generate_description":"","seoaic_improve_instructions_prompt":"","seoaic_rollback_content_improvement":"","seoaic_idea_thumbnail_generator":"","thumbnail_generated":false,"thumbnail_generate_prompt":"","seoaic_article_description":"","product-afmeting-lengte-mm":"","product-afmeting-breedte-mm":"","product-afmeting-hoogte-mm":""},"product_brand":[],"product_cat":[1221,2392,1211],"product_tag":[],"class_list":{"0":"post-427354","1":"product","2":"type-product","3":"status-publish","4":"has-post-thumbnail","6":"product_cat-3x3-de","7":"product_cat-dayan-de","8":"product_cat-speedcube-de","9":"pa_merken-dayan-de","11":"first","12":"instock","13":"taxable","14":"shipping-taxable","15":"purchasable","16":"product-type-simple"},"df_price":34.95,"df_sale_price":"","df_regular_price":34.95,"df_image_link":"https:\/\/www.speedcube.nl\/wp-content\/uploads\/2023\/06\/Productvisuals_Speedcubes-dayan-tengyun-v2-m-stickerless-285x300.jpg","_links":{"self":[{"href":"https:\/\/www.speedcube.nl\/de\/wp-json\/wp\/v2\/product\/427354","targetHints":{"allow":["GET"]}}],"collection":[{"href":"https:\/\/www.speedcube.nl\/de\/wp-json\/wp\/v2\/product"}],"about":[{"href":"https:\/\/www.speedcube.nl\/de\/wp-json\/wp\/v2\/types\/product"}],"version-history":[{"count":0,"href":"https:\/\/www.speedcube.nl\/de\/wp-json\/wp\/v2\/product\/427354\/revisions"}],"wp:featuredmedia":[{"embeddable":true,"href":"https:\/\/www.speedcube.nl\/de\/wp-json\/wp\/v2\/media\/383664"}],"wp:attachment":[{"href":"https:\/\/www.speedcube.nl\/de\/wp-json\/wp\/v2\/media?parent=427354"}],"wp:term":[{"taxonomy":"product_brand","embeddable":true,"href":"https:\/\/www.speedcube.nl\/de\/wp-json\/wp\/v2\/product_brand?post=427354"},{"taxonomy":"product_cat","embeddable":true,"href":"https:\/\/www.speedcube.nl\/de\/wp-json\/wp\/v2\/product_cat?post=427354"},{"taxonomy":"product_tag","embeddable":true,"href":"https:\/\/www.speedcube.nl\/de\/wp-json\/wp\/v2\/product_tag?post=427354"}],"curies":[{"name":"wp","href":"https:\/\/api.w.org\/{rel}","templated":true}]}}