{"id":427344,"date":"2020-02-09T10:22:00","date_gmt":"2020-02-09T09:22:00","guid":{"rendered":"https:\/\/www.speedcube.nl\/unkategorisiert\/gan-356-x-v2\/"},"modified":"2026-05-15T05:13:57","modified_gmt":"2026-05-15T03:13:57","slug":"gan-356-x-v2","status":"publish","type":"product","link":"https:\/\/www.speedcube.nl\/de\/aanbieding-de\/gan-356-x-v2\/","title":{"rendered":"Gan 356 X v2"},"content":{"rendered":"<p>GAN hat den beliebten 356 X mit den Funktionen des k\u00fcrzlich erschienenen 356 XS aktualisiert. Der Gan 356X V2 ist vollgepackt mit neuen Technologien und verf\u00fcgt \u00fcber den gleichen Kern wie der 356 XS, einschlie\u00dflich eines doppelt einstellbaren Federkompressionssystems und eines Vollkunststoffkerns. Das Besondere am Gan 356X speedcube sind seine austauschbaren Magnetkapseln. So k\u00f6nnen Sie die Magnete des Gan 356X innerhalb von Sekunden austauschen.<\/p>\n","protected":false},"excerpt":{"rendered":"<p>GAN<\/p>\n","protected":false},"featured_media":382978,"template":"","meta":{"_improvement_type_select":"improve_an_existing","_thumb_yes_seoaic":false,"_frame_yes_seoaic":false,"seoaic_generate_description":"","seoaic_improve_instructions_prompt":"","seoaic_rollback_content_improvement":"","seoaic_idea_thumbnail_generator":"","thumbnail_generated":false,"thumbnail_generate_prompt":"","seoaic_article_description":"","product-afmeting-lengte-mm":"","product-afmeting-breedte-mm":"","product-afmeting-hoogte-mm":""},"product_brand":[],"product_cat":[1221,1270,2558,1211],"product_tag":[],"class_list":{"0":"post-427344","1":"product","2":"type-product","3":"status-publish","4":"has-post-thumbnail","6":"product_cat-3x3-de","7":"product_cat-gan-de","8":"product_cat-aanbieding-de","9":"product_cat-speedcube-de","10":"pa_merken-gan-de","12":"first","13":"instock","14":"sale","15":"taxable","16":"shipping-taxable","17":"purchasable","18":"product-type-variable"},"df_price":33,"df_sale_price":"","df_regular_price":33,"df_image_link":"https:\/\/www.speedcube.nl\/wp-content\/uploads\/2023\/06\/Productvisuals_Speedcubes-GAN-356-x-v2-285x300.jpg","_links":{"self":[{"href":"https:\/\/www.speedcube.nl\/de\/wp-json\/wp\/v2\/product\/427344","targetHints":{"allow":["GET"]}}],"collection":[{"href":"https:\/\/www.speedcube.nl\/de\/wp-json\/wp\/v2\/product"}],"about":[{"href":"https:\/\/www.speedcube.nl\/de\/wp-json\/wp\/v2\/types\/product"}],"version-history":[{"count":0,"href":"https:\/\/www.speedcube.nl\/de\/wp-json\/wp\/v2\/product\/427344\/revisions"}],"wp:featuredmedia":[{"embeddable":true,"href":"https:\/\/www.speedcube.nl\/de\/wp-json\/wp\/v2\/media\/382978"}],"wp:attachment":[{"href":"https:\/\/www.speedcube.nl\/de\/wp-json\/wp\/v2\/media?parent=427344"}],"wp:term":[{"taxonomy":"product_brand","embeddable":true,"href":"https:\/\/www.speedcube.nl\/de\/wp-json\/wp\/v2\/product_brand?post=427344"},{"taxonomy":"product_cat","embeddable":true,"href":"https:\/\/www.speedcube.nl\/de\/wp-json\/wp\/v2\/product_cat?post=427344"},{"taxonomy":"product_tag","embeddable":true,"href":"https:\/\/www.speedcube.nl\/de\/wp-json\/wp\/v2\/product_tag?post=427344"}],"curies":[{"name":"wp","href":"https:\/\/api.w.org\/{rel}","templated":true}]}}