{"id":427334,"date":"2020-05-03T19:04:00","date_gmt":"2020-05-03T17:04:00","guid":{"rendered":"https:\/\/www.speedcube.nl\/unkategorisiert\/yj-yuhu-megaminx-v2-m\/"},"modified":"2026-05-12T05:02:02","modified_gmt":"2026-05-12T03:02:02","slug":"yj-yuhu-megaminx-v2-m","status":"publish","type":"product","link":"https:\/\/www.speedcube.nl\/de\/speedcube-de\/yj-de\/yj-yuhu-megaminx-v2-m\/","title":{"rendered":"YJ Yuhu Megaminx v2 M"},"content":{"rendered":"<p>Der YJ YuHu V2 Magnet-Megaminx ist der erste Megaminx in dieser Preisklasse, der bereits ab Werk mit Magneten ausgestattet ist! Die mittelstarken Magnete verleihen dem W\u00fcrfel ein angenehmes Gewicht, das die Gesamtstabilit\u00e4t des W\u00fcrfels verbessert und ein sanfteres und genaueres Drehen erm\u00f6glicht.<\/p>\n<p>Ein markantes Merkmal des YuHu V2 Magnetic ist das runde Griffdesign auf der Oberseite der Oberfl\u00e4chen. Dieses Design ist erstaunlich bequem und liegt gut in der Hand.<\/p>\n","protected":false},"excerpt":{"rendered":"<p>YJ<\/p>\n","protected":false},"featured_media":383692,"template":"","meta":{"_improvement_type_select":"improve_an_existing","_thumb_yes_seoaic":false,"_frame_yes_seoaic":false,"seoaic_generate_description":"","seoaic_improve_instructions_prompt":"","seoaic_rollback_content_improvement":"","seoaic_idea_thumbnail_generator":"","thumbnail_generated":false,"thumbnail_generate_prompt":"","seoaic_article_description":"","product-afmeting-lengte-mm":"","product-afmeting-breedte-mm":"","product-afmeting-hoogte-mm":""},"product_brand":[],"product_cat":[1378,2174,1211],"product_tag":[],"class_list":{"0":"post-427334","1":"product","2":"type-product","3":"status-publish","4":"has-post-thumbnail","6":"product_cat-megaminx-de","7":"product_cat-yj-de","8":"product_cat-speedcube-de","9":"pa_merken-yj-de","11":"first","12":"instock","13":"taxable","14":"shipping-taxable","15":"purchasable","16":"product-type-simple"},"df_price":19.95,"df_sale_price":"","df_regular_price":19.95,"df_image_link":"https:\/\/www.speedcube.nl\/wp-content\/uploads\/2023\/06\/Productvisuals_Speedcubes-yj-yuhu-megaminx-v2-m-285x300.jpg","_links":{"self":[{"href":"https:\/\/www.speedcube.nl\/de\/wp-json\/wp\/v2\/product\/427334","targetHints":{"allow":["GET"]}}],"collection":[{"href":"https:\/\/www.speedcube.nl\/de\/wp-json\/wp\/v2\/product"}],"about":[{"href":"https:\/\/www.speedcube.nl\/de\/wp-json\/wp\/v2\/types\/product"}],"version-history":[{"count":0,"href":"https:\/\/www.speedcube.nl\/de\/wp-json\/wp\/v2\/product\/427334\/revisions"}],"wp:featuredmedia":[{"embeddable":true,"href":"https:\/\/www.speedcube.nl\/de\/wp-json\/wp\/v2\/media\/383692"}],"wp:attachment":[{"href":"https:\/\/www.speedcube.nl\/de\/wp-json\/wp\/v2\/media?parent=427334"}],"wp:term":[{"taxonomy":"product_brand","embeddable":true,"href":"https:\/\/www.speedcube.nl\/de\/wp-json\/wp\/v2\/product_brand?post=427334"},{"taxonomy":"product_cat","embeddable":true,"href":"https:\/\/www.speedcube.nl\/de\/wp-json\/wp\/v2\/product_cat?post=427334"},{"taxonomy":"product_tag","embeddable":true,"href":"https:\/\/www.speedcube.nl\/de\/wp-json\/wp\/v2\/product_tag?post=427334"}],"curies":[{"name":"wp","href":"https:\/\/api.w.org\/{rel}","templated":true}]}}