{"id":427312,"date":"2020-02-09T08:41:00","date_gmt":"2020-02-09T07:41:00","guid":{"rendered":"https:\/\/www.speedcube.nl\/unkategorisiert\/robotime-modern-3d-holz-mc501-prime-steam-express\/"},"modified":"2026-05-02T05:01:02","modified_gmt":"2026-05-02T03:01:02","slug":"robotime-modern-3d-holz-mc501-prime-steam-express","status":"publish","type":"product","link":"https:\/\/www.speedcube.nl\/de\/modellbau\/zuge\/robotime-modern-3d-holz-mc501-prime-steam-express\/","title":{"rendered":"Robotime Modern 3D Holz MC501 Prime Steam Express"},"content":{"rendered":"<p>Prime Steam Express, ein von Hand gefertigter Oldtimerzug. Einzigartige Replik eines Fahrzeugs mit feinen Details, wird es die beste Innenarchitektur und Geschenk f\u00fcr Sie sein. Der Modellbaukasten aus Holz ist sowohl f\u00fcr Erwachsene als auch f\u00fcr Kinder ab 14 Jahren geeignet. Alle Platten sind lasergeschnitten und lassen sich sehr leicht aus der Platte herausdr\u00fccken. Es ist ein leichtes Modell aus Sperrholz. Keine giftigen Chemikalien und umweltfreundlich.<\/p>\n<p>Gewicht: 0,3 kg<br \/>\nMaterial : Zubeh\u00f6r, PlayWood<br \/>\nAlter: 14+<br \/>\nProdukt mm : 307 x 67 x 82 mm<br \/>\nVerpackung mm : 229 x 155 x 11,6 mm<br \/>\nAnzahl der St\u00fccke : 308<\/p>\n","protected":false},"excerpt":{"rendered":"<p>ROBOTIME<\/p>\n","protected":false},"featured_media":382950,"template":"","meta":{"_improvement_type_select":"improve_an_existing","_thumb_yes_seoaic":false,"_frame_yes_seoaic":false,"seoaic_generate_description":"","seoaic_improve_instructions_prompt":"","seoaic_rollback_content_improvement":"","seoaic_idea_thumbnail_generator":"","thumbnail_generated":false,"thumbnail_generate_prompt":"","seoaic_article_description":"","product-afmeting-lengte-mm":"","product-afmeting-breedte-mm":"","product-afmeting-hoogte-mm":""},"product_brand":[],"product_cat":[1617,1500,1499,1709,1619,1731],"product_tag":[],"class_list":{"0":"post-427312","1":"product","2":"type-product","3":"status-publish","4":"has-post-thumbnail","6":"product_cat-baukasten-aus-holz","7":"product_cat-baukasten-fur-erwachsene","8":"product_cat-modellbau","9":"product_cat-modellfahrzeuge","10":"product_cat-robotime-de","11":"product_cat-zuge","12":"pa_merken-robotime-de","14":"first","15":"instock","16":"taxable","17":"shipping-taxable","18":"purchasable","19":"product-type-simple"},"df_price":24.99,"df_sale_price":"","df_regular_price":24.99,"df_image_link":"https:\/\/www.speedcube.nl\/wp-content\/uploads\/2023\/06\/Productvisuals_Modelbouw-Robotime-modern-3d-wooden-prime-steam-express-1-285x300.jpg","_links":{"self":[{"href":"https:\/\/www.speedcube.nl\/de\/wp-json\/wp\/v2\/product\/427312","targetHints":{"allow":["GET"]}}],"collection":[{"href":"https:\/\/www.speedcube.nl\/de\/wp-json\/wp\/v2\/product"}],"about":[{"href":"https:\/\/www.speedcube.nl\/de\/wp-json\/wp\/v2\/types\/product"}],"version-history":[{"count":0,"href":"https:\/\/www.speedcube.nl\/de\/wp-json\/wp\/v2\/product\/427312\/revisions"}],"wp:featuredmedia":[{"embeddable":true,"href":"https:\/\/www.speedcube.nl\/de\/wp-json\/wp\/v2\/media\/382950"}],"wp:attachment":[{"href":"https:\/\/www.speedcube.nl\/de\/wp-json\/wp\/v2\/media?parent=427312"}],"wp:term":[{"taxonomy":"product_brand","embeddable":true,"href":"https:\/\/www.speedcube.nl\/de\/wp-json\/wp\/v2\/product_brand?post=427312"},{"taxonomy":"product_cat","embeddable":true,"href":"https:\/\/www.speedcube.nl\/de\/wp-json\/wp\/v2\/product_cat?post=427312"},{"taxonomy":"product_tag","embeddable":true,"href":"https:\/\/www.speedcube.nl\/de\/wp-json\/wp\/v2\/product_tag?post=427312"}],"curies":[{"name":"wp","href":"https:\/\/api.w.org\/{rel}","templated":true}]}}