{"id":427307,"date":"2020-03-26T15:05:00","date_gmt":"2020-03-26T14:05:00","guid":{"rendered":"https:\/\/www.speedcube.nl\/unkategorisiert\/gan-356-m-standardausfuehrung\/"},"modified":"2026-05-11T05:01:04","modified_gmt":"2026-05-11T03:01:04","slug":"gan-356-m-standardausfuehrung","status":"publish","type":"product","link":"https:\/\/www.speedcube.nl\/de\/speedcube-de\/gan-de\/gan-356-m-standardausfuehrung\/","title":{"rendered":"GAN 356 M Standardausf\u00fchrung"},"content":{"rendered":"<p>Der GAN 356 M ist ein moderner magnetischer 3&#215;3 Speedcube des bekannten Herstellers GAN. Diese Version wird mit dem einzigartigen, von Hand einstellbaren numerischen IPG-Kern von GAN und einem Satz GES-Ersatzmuttern geliefert. Direkt nach dem Auspacken f\u00fchlt sich das GAN 356 M schnell und stabil an und erinnert stark an eine Mischung aus dem GAN XS und dem GAN X V2, zwei der Flaggschiff-Modelle von GAN. Der GAN 356 M erf\u00fcllt alle Bed\u00fcrfnisse von Speedcubern mit einem sch\u00f6nen magnetischen 3&#215;3 und ist ein guter W\u00fcrfel der Wahl f\u00fcr alle, die GAN-Technik mit einer Portion Einfachheit m\u00f6gen.<\/p>\n<p>GAN 356 M 3&#215;3 speedcube kommt mit;<br \/>\n&#8211; Zus\u00e4tzliches GES-Paket<br \/>\n&#8211; GAN-W\u00fcrfel-Tasche<br \/>\n&#8211; GAN-Brosch\u00fcre<\/p>\n","protected":false},"excerpt":{"rendered":"<p>GAN<\/p>\n","protected":false},"featured_media":383112,"template":"","meta":{"_improvement_type_select":"improve_an_existing","_thumb_yes_seoaic":false,"_frame_yes_seoaic":false,"seoaic_generate_description":"","seoaic_improve_instructions_prompt":"","seoaic_rollback_content_improvement":"","seoaic_idea_thumbnail_generator":"","thumbnail_generated":false,"thumbnail_generate_prompt":"","seoaic_article_description":"","product-afmeting-lengte-mm":"","product-afmeting-breedte-mm":"","product-afmeting-hoogte-mm":""},"product_brand":[],"product_cat":[1221,1270,1211],"product_tag":[],"class_list":{"0":"post-427307","1":"product","2":"type-product","3":"status-publish","4":"has-post-thumbnail","6":"product_cat-3x3-de","7":"product_cat-gan-de","8":"product_cat-speedcube-de","9":"pa_merken-gan-de","11":"first","12":"instock","13":"taxable","14":"shipping-taxable","15":"purchasable","16":"product-type-simple"},"df_price":29.99,"df_sale_price":"","df_regular_price":29.99,"df_image_link":"https:\/\/www.speedcube.nl\/wp-content\/uploads\/2023\/06\/Productvisuals_Speedcubes-gan-356-m-standard-edition-285x300.jpg","_links":{"self":[{"href":"https:\/\/www.speedcube.nl\/de\/wp-json\/wp\/v2\/product\/427307","targetHints":{"allow":["GET"]}}],"collection":[{"href":"https:\/\/www.speedcube.nl\/de\/wp-json\/wp\/v2\/product"}],"about":[{"href":"https:\/\/www.speedcube.nl\/de\/wp-json\/wp\/v2\/types\/product"}],"version-history":[{"count":0,"href":"https:\/\/www.speedcube.nl\/de\/wp-json\/wp\/v2\/product\/427307\/revisions"}],"wp:featuredmedia":[{"embeddable":true,"href":"https:\/\/www.speedcube.nl\/de\/wp-json\/wp\/v2\/media\/383112"}],"wp:attachment":[{"href":"https:\/\/www.speedcube.nl\/de\/wp-json\/wp\/v2\/media?parent=427307"}],"wp:term":[{"taxonomy":"product_brand","embeddable":true,"href":"https:\/\/www.speedcube.nl\/de\/wp-json\/wp\/v2\/product_brand?post=427307"},{"taxonomy":"product_cat","embeddable":true,"href":"https:\/\/www.speedcube.nl\/de\/wp-json\/wp\/v2\/product_cat?post=427307"},{"taxonomy":"product_tag","embeddable":true,"href":"https:\/\/www.speedcube.nl\/de\/wp-json\/wp\/v2\/product_tag?post=427307"}],"curies":[{"name":"wp","href":"https:\/\/api.w.org\/{rel}","templated":true}]}}