{"id":427270,"date":"2020-05-17T08:07:00","date_gmt":"2020-05-17T06:07:00","guid":{"rendered":"https:\/\/www.speedcube.nl\/unkategorisiert\/im-inneren-von-mortal-phantom-cthulhu\/"},"modified":"2026-05-09T05:00:39","modified_gmt":"2026-05-09T03:00:39","slug":"im-inneren-von-mortal-phantom-cthulhu","status":"publish","type":"product","link":"https:\/\/www.speedcube.nl\/de\/aanbieding-de\/im-inneren-von-mortal-phantom-cthulhu\/","title":{"rendered":"Im Inneren von Mortal Phantom Cthulhu"},"content":{"rendered":"<p>Dieser W\u00fcrfel enth\u00e4lt eine zweite Murmel (le phantom). Das ist kein einfacher W\u00fcrfel. Wenn Sie mit den INSIDE-R\u00e4tseln noch nicht vertraut sind, beginnen Sie zun\u00e4chst mit der noVICE-Reihe oder der 0-Serie. The Mean&#8220; und &#8222;The Awful&#8220; sind schwierig, aber sie k\u00f6nnen ge\u00f6ffnet werden. Das Cthulhu ist extrem schwierig und l\u00e4sst sich nicht \u00f6ffnen. Mit sieben Labyrinthen, die es zu durchqueren gilt, enthalten sie andererseits eine zweite Murmel, die lebendig in einem vergessenen Raum des Labyrinths eingemauert ist&#8230;. Dieser Geist sucht den W\u00fcrfel heim und macht dem Spieler das Leben sehr schwer. Es ist jedoch m\u00f6glich, sie zum Trainieren zu entfernen, aber das ist Betrug&#8230;<\/p>\n<p>Alter: 12+<br \/>\nSchwierigkeitsgrad: 5 Sterne<br \/>\nAbmessungen: 60 x 60 x 60 mm<br \/>\nGewicht: 150 Gramm<\/p>\n","protected":false},"excerpt":{"rendered":"<p>INNEN<\/p>\n","protected":false},"featured_media":384170,"template":"","meta":{"_improvement_type_select":"improve_an_existing","_thumb_yes_seoaic":false,"_frame_yes_seoaic":false,"seoaic_generate_description":"","seoaic_improve_instructions_prompt":"","seoaic_rollback_content_improvement":"","seoaic_idea_thumbnail_generator":"","thumbnail_generated":false,"thumbnail_generate_prompt":"","seoaic_article_description":"","product-afmeting-lengte-mm":"","product-afmeting-breedte-mm":"","product-afmeting-hoogte-mm":""},"product_brand":[],"product_cat":[2183,1227,2558],"product_tag":[],"class_list":{"0":"post-427270","1":"product","2":"type-product","3":"status-publish","4":"has-post-thumbnail","6":"product_cat-innen","7":"product_cat-knobelaufgaben","8":"product_cat-aanbieding-de","9":"pa_merken-innen","11":"first","12":"instock","13":"sale","14":"taxable","15":"shipping-taxable","16":"purchasable","17":"product-type-simple"},"df_price":11.99,"df_sale_price":11.99,"df_regular_price":19.99,"df_image_link":"https:\/\/www.speedcube.nl\/wp-content\/uploads\/2023\/06\/Productvisuals_Breinbrekers-Inside-Mortal-Phantom-Cthulhu-285x300.jpg","_links":{"self":[{"href":"https:\/\/www.speedcube.nl\/de\/wp-json\/wp\/v2\/product\/427270","targetHints":{"allow":["GET"]}}],"collection":[{"href":"https:\/\/www.speedcube.nl\/de\/wp-json\/wp\/v2\/product"}],"about":[{"href":"https:\/\/www.speedcube.nl\/de\/wp-json\/wp\/v2\/types\/product"}],"version-history":[{"count":0,"href":"https:\/\/www.speedcube.nl\/de\/wp-json\/wp\/v2\/product\/427270\/revisions"}],"wp:featuredmedia":[{"embeddable":true,"href":"https:\/\/www.speedcube.nl\/de\/wp-json\/wp\/v2\/media\/384170"}],"wp:attachment":[{"href":"https:\/\/www.speedcube.nl\/de\/wp-json\/wp\/v2\/media?parent=427270"}],"wp:term":[{"taxonomy":"product_brand","embeddable":true,"href":"https:\/\/www.speedcube.nl\/de\/wp-json\/wp\/v2\/product_brand?post=427270"},{"taxonomy":"product_cat","embeddable":true,"href":"https:\/\/www.speedcube.nl\/de\/wp-json\/wp\/v2\/product_cat?post=427270"},{"taxonomy":"product_tag","embeddable":true,"href":"https:\/\/www.speedcube.nl\/de\/wp-json\/wp\/v2\/product_tag?post=427270"}],"curies":[{"name":"wp","href":"https:\/\/api.w.org\/{rel}","templated":true}]}}