{"id":427259,"date":"2020-05-24T11:26:00","date_gmt":"2020-05-24T09:26:00","guid":{"rendered":"https:\/\/www.speedcube.nl\/unkategorisiert\/teching-dampfeisenbahn-modell-dm21\/"},"modified":"2026-05-01T05:00:12","modified_gmt":"2026-05-01T03:00:12","slug":"teching-dampfeisenbahn-modell-dm21","status":"publish","type":"product","link":"https:\/\/www.speedcube.nl\/de\/aanbieding-de\/teching-dampfeisenbahn-modell-dm21\/","title":{"rendered":"Teching Dampfeisenbahn Modell DM21"},"content":{"rendered":"<p>Im Jahr 1765 wurde in England die Dampfmaschine f\u00fcr den Einsatz in Fabriken erfunden. 1804 setzte ein englischer Erfinder zum ersten Mal R\u00e4der unter die Dampfmaschine. Das war eigentlich der erste Zug. Die erste Eisenbahn der Welt wurde 1830 er\u00f6ffnet. Das war auch in England. Dar\u00fcber fuhr die Rakete mit einer Geschwindigkeit von 50 km. pro Stunde. Der Bausatz enth\u00e4lt 1x Dampfzugmodell, Schienen, Akku, Ladeger\u00e4t, englische Anleitung und eine Metallbox.<\/p>\n<p>Gewicht: 1,5 kg<br \/>\nMaterial: rostfreier Stahl + Aluminiumlegierung<br \/>\nAlter: 10+<br \/>\nProdukt mm : 300 x 77 x 120<br \/>\nAnzahl der St\u00fccke : 387<br \/>\nMontagezeit: ca. 4 Stunden nach Anleitung<br \/>\nSchwierigkeitsgrad: 4,5 Sterne<br \/>\nAufladezeit: 120 Minuten<br \/>\nHandbuch : Englische Dampfeisenbahn<\/p>\n","protected":false},"excerpt":{"rendered":"<p>TECHING<\/p>\n","protected":false},"featured_media":384448,"template":"","meta":{"_improvement_type_select":"improve_an_existing","_thumb_yes_seoaic":false,"_frame_yes_seoaic":false,"seoaic_generate_description":"","seoaic_improve_instructions_prompt":"","seoaic_rollback_content_improvement":"","seoaic_idea_thumbnail_generator":"","thumbnail_generated":false,"thumbnail_generate_prompt":"","seoaic_article_description":"","product-afmeting-lengte-mm":"","product-afmeting-breedte-mm":"","product-afmeting-hoogte-mm":""},"product_brand":[],"product_cat":[1499,2324,2558],"product_tag":[],"class_list":{"0":"post-427259","1":"product","2":"type-product","3":"status-publish","4":"has-post-thumbnail","6":"product_cat-modellbau","7":"product_cat-teching-de","8":"product_cat-aanbieding-de","9":"pa_merken-teching-de","11":"first","12":"instock","13":"sale","14":"taxable","15":"shipping-taxable","16":"purchasable","17":"product-type-simple"},"df_price":184.98,"df_sale_price":184.98,"df_regular_price":369.95,"df_image_link":"https:\/\/www.speedcube.nl\/wp-content\/uploads\/2023\/06\/Productvisuals_Modelbouw-Teching-stoomtreinmodel-dm21-1-285x300.jpg","_links":{"self":[{"href":"https:\/\/www.speedcube.nl\/de\/wp-json\/wp\/v2\/product\/427259","targetHints":{"allow":["GET"]}}],"collection":[{"href":"https:\/\/www.speedcube.nl\/de\/wp-json\/wp\/v2\/product"}],"about":[{"href":"https:\/\/www.speedcube.nl\/de\/wp-json\/wp\/v2\/types\/product"}],"version-history":[{"count":0,"href":"https:\/\/www.speedcube.nl\/de\/wp-json\/wp\/v2\/product\/427259\/revisions"}],"wp:featuredmedia":[{"embeddable":true,"href":"https:\/\/www.speedcube.nl\/de\/wp-json\/wp\/v2\/media\/384448"}],"wp:attachment":[{"href":"https:\/\/www.speedcube.nl\/de\/wp-json\/wp\/v2\/media?parent=427259"}],"wp:term":[{"taxonomy":"product_brand","embeddable":true,"href":"https:\/\/www.speedcube.nl\/de\/wp-json\/wp\/v2\/product_brand?post=427259"},{"taxonomy":"product_cat","embeddable":true,"href":"https:\/\/www.speedcube.nl\/de\/wp-json\/wp\/v2\/product_cat?post=427259"},{"taxonomy":"product_tag","embeddable":true,"href":"https:\/\/www.speedcube.nl\/de\/wp-json\/wp\/v2\/product_tag?post=427259"}],"curies":[{"name":"wp","href":"https:\/\/api.w.org\/{rel}","templated":true}]}}