{"id":427240,"date":"2020-05-24T09:38:00","date_gmt":"2020-05-24T07:38:00","guid":{"rendered":"https:\/\/www.speedcube.nl\/unkategorisiert\/teching-einzylindermotor-modell-dm17\/"},"modified":"2026-05-01T05:00:11","modified_gmt":"2026-05-01T03:00:11","slug":"teching-einzylindermotor-modell-dm17","status":"publish","type":"product","link":"https:\/\/www.speedcube.nl\/de\/modellbau\/teching-de\/teching-einzylindermotor-modell-dm17\/","title":{"rendered":"Teching Einzylindermotor Modell DM17"},"content":{"rendered":"<p>Einzylindermotoren sind einfach und kompakt und liefern oft die maximal m\u00f6gliche Leistung innerhalb eines bestimmten Bereichs. Die K\u00fchlung ist einfacher als bei mehreren Zylindern, was zu weiteren Gewichtseinsparungen f\u00fchren kann, insbesondere wenn Luftk\u00fchlung verwendet wird. Einzylindermotoren ben\u00f6tigen mehr Schwungmasse als Mehrzylindermotoren, und die rotierende Masse ist relativ gro\u00df, was die Beschleunigung und starke Geschwindigkeits\u00e4nderungen einschr\u00e4nkt. In der Grundeinstellung sind sie schwingungsempfindlich &#8211; auch wenn es in manchen F\u00e4llen m\u00f6glich ist, sie mit Ausgleichswellen zu kontrollieren. Bei der Split-Single genannten Variante teilen sich zwei Kolben einen Brennraum. Der Bausatz enth\u00e4lt 1x Einzylindermotormodell, Akku, Ladeger\u00e4t, englische Anleitung und eine Metallbox.<\/p>\n<p>Gewicht: 1,5 kg<br \/>\nMaterial: rostfreier Stahl + Aluminiumlegierung<br \/>\nAlter: 10+<br \/>\nProdukt mm : 201 x 120 x 81<br \/>\nAnzahl der St\u00fccke : 130<br \/>\nMontagezeit: ca. 4 Stunden nach Anleitung<br \/>\nSchwierigkeitsgrad: 4,5 Sterne<br \/>\nAufladezeit: 120 Minuten<br \/>\nHandbuch : Englisch Single Cylinder Engine<\/p>\n","protected":false},"excerpt":{"rendered":"<p>TECHING<\/p>\n","protected":false},"featured_media":384364,"template":"","meta":{"_improvement_type_select":"improve_an_existing","_thumb_yes_seoaic":false,"_frame_yes_seoaic":false,"seoaic_generate_description":"","seoaic_improve_instructions_prompt":"","seoaic_rollback_content_improvement":"","seoaic_idea_thumbnail_generator":"","thumbnail_generated":false,"thumbnail_generate_prompt":"","seoaic_article_description":"","product-afmeting-lengte-mm":"","product-afmeting-breedte-mm":"","product-afmeting-hoogte-mm":""},"product_brand":[],"product_cat":[1500,1720,1499,1501,2324],"product_tag":[],"class_list":{"0":"post-427240","1":"product","2":"type-product","3":"status-publish","4":"has-post-thumbnail","6":"product_cat-baukasten-fur-erwachsene","7":"product_cat-metallbaukasten","8":"product_cat-modellbau","9":"product_cat-modellmotoren","10":"product_cat-teching-de","11":"pa_merken-teching-de","13":"first","14":"instock","15":"taxable","16":"shipping-taxable","17":"purchasable","18":"product-type-simple"},"df_price":319.95,"df_sale_price":"","df_regular_price":319.95,"df_image_link":"https:\/\/www.speedcube.nl\/wp-content\/uploads\/2023\/06\/Productvisuals_Modelbouw-Teching-single-cylinder-motor-model-dm17-1-285x300.jpg","_links":{"self":[{"href":"https:\/\/www.speedcube.nl\/de\/wp-json\/wp\/v2\/product\/427240","targetHints":{"allow":["GET"]}}],"collection":[{"href":"https:\/\/www.speedcube.nl\/de\/wp-json\/wp\/v2\/product"}],"about":[{"href":"https:\/\/www.speedcube.nl\/de\/wp-json\/wp\/v2\/types\/product"}],"version-history":[{"count":0,"href":"https:\/\/www.speedcube.nl\/de\/wp-json\/wp\/v2\/product\/427240\/revisions"}],"wp:featuredmedia":[{"embeddable":true,"href":"https:\/\/www.speedcube.nl\/de\/wp-json\/wp\/v2\/media\/384364"}],"wp:attachment":[{"href":"https:\/\/www.speedcube.nl\/de\/wp-json\/wp\/v2\/media?parent=427240"}],"wp:term":[{"taxonomy":"product_brand","embeddable":true,"href":"https:\/\/www.speedcube.nl\/de\/wp-json\/wp\/v2\/product_brand?post=427240"},{"taxonomy":"product_cat","embeddable":true,"href":"https:\/\/www.speedcube.nl\/de\/wp-json\/wp\/v2\/product_cat?post=427240"},{"taxonomy":"product_tag","embeddable":true,"href":"https:\/\/www.speedcube.nl\/de\/wp-json\/wp\/v2\/product_tag?post=427240"}],"curies":[{"name":"wp","href":"https:\/\/api.w.org\/{rel}","templated":true}]}}