{"id":427224,"date":"2020-05-22T13:10:00","date_gmt":"2020-05-22T11:10:00","guid":{"rendered":"https:\/\/www.speedcube.nl\/unkategorisiert\/gan-330-schluesselanhaenger\/"},"modified":"2026-04-22T05:03:12","modified_gmt":"2026-04-22T03:03:12","slug":"gan-330-schluesselanhaenger","status":"publish","type":"product","link":"https:\/\/www.speedcube.nl\/de\/speedcube-de\/schlusselanhanger\/gan-330-schluesselanhaenger\/","title":{"rendered":"Gan 330 Schl\u00fcsselanh\u00e4nger"},"content":{"rendered":"<p><span class=\"Q4iAWc\">Der GAN 330 3&#215;3 Schl\u00fcsselring ist bei weitem der beste derzeit erh\u00e4ltliche Schl\u00fcsselring speedcube.<\/span> <span class=\"Q4iAWc\">Stellen Sie sich vor, Sie nehmen eine kleine Version des 356 XS und das ist das Endergebnis (ohne GES und Magnete).<\/span> <span class=\"Q4iAWc\">Die Tatsache, dass die St\u00fccke sogar die charakteristische GAN-Wabe haben, sagt viel \u00fcber die Liebe zum Detail und die Leistung des GAN 330 aus. Die mitgelieferte Silikonschnur der GANCUBE ist sehr haltbar und garantiert, dass Ihr 330er sicher und an Ihrer Seite bleibt!<\/span><\/p>\n","protected":false},"excerpt":{"rendered":"<p>GAN<\/p>\n","protected":false},"featured_media":384204,"template":"","meta":{"_improvement_type_select":"improve_an_existing","_thumb_yes_seoaic":false,"_frame_yes_seoaic":false,"seoaic_generate_description":"","seoaic_improve_instructions_prompt":"","seoaic_rollback_content_improvement":"","seoaic_idea_thumbnail_generator":"","thumbnail_generated":false,"thumbnail_generate_prompt":"","seoaic_article_description":"","product-afmeting-lengte-mm":"","product-afmeting-breedte-mm":"","product-afmeting-hoogte-mm":""},"product_brand":[],"product_cat":[1221,1270,2015,1211],"product_tag":[],"class_list":{"0":"post-427224","1":"product","2":"type-product","3":"status-publish","4":"has-post-thumbnail","6":"product_cat-3x3-de","7":"product_cat-gan-de","8":"product_cat-schlusselanhanger","9":"product_cat-speedcube-de","10":"pa_merken-gan-de","12":"first","13":"outofstock","14":"taxable","15":"shipping-taxable","16":"purchasable","17":"product-type-simple"},"df_price":7.99,"df_sale_price":"","df_regular_price":7.99,"df_image_link":"https:\/\/www.speedcube.nl\/wp-content\/uploads\/2023\/06\/Productvisuals_Speedcubes-GAN-330-sleutelhanger-1-285x300.jpg","_links":{"self":[{"href":"https:\/\/www.speedcube.nl\/de\/wp-json\/wp\/v2\/product\/427224","targetHints":{"allow":["GET"]}}],"collection":[{"href":"https:\/\/www.speedcube.nl\/de\/wp-json\/wp\/v2\/product"}],"about":[{"href":"https:\/\/www.speedcube.nl\/de\/wp-json\/wp\/v2\/types\/product"}],"version-history":[{"count":0,"href":"https:\/\/www.speedcube.nl\/de\/wp-json\/wp\/v2\/product\/427224\/revisions"}],"wp:featuredmedia":[{"embeddable":true,"href":"https:\/\/www.speedcube.nl\/de\/wp-json\/wp\/v2\/media\/384204"}],"wp:attachment":[{"href":"https:\/\/www.speedcube.nl\/de\/wp-json\/wp\/v2\/media?parent=427224"}],"wp:term":[{"taxonomy":"product_brand","embeddable":true,"href":"https:\/\/www.speedcube.nl\/de\/wp-json\/wp\/v2\/product_brand?post=427224"},{"taxonomy":"product_cat","embeddable":true,"href":"https:\/\/www.speedcube.nl\/de\/wp-json\/wp\/v2\/product_cat?post=427224"},{"taxonomy":"product_tag","embeddable":true,"href":"https:\/\/www.speedcube.nl\/de\/wp-json\/wp\/v2\/product_tag?post=427224"}],"curies":[{"name":"wp","href":"https:\/\/api.w.org\/{rel}","templated":true}]}}