{"id":427217,"date":"2020-05-12T14:45:00","date_gmt":"2020-05-12T12:45:00","guid":{"rendered":"https:\/\/www.speedcube.nl\/unkategorisiert\/robotime-modern-corsac-m60-lq401\/"},"modified":"2026-05-10T05:03:38","modified_gmt":"2026-05-10T03:03:38","slug":"robotime-modern-corsac-m60-lq401","status":"publish","type":"product","link":"https:\/\/www.speedcube.nl\/de\/modellbau\/robotime-de\/robotime-modern-corsac-m60-lq401\/","title":{"rendered":"Robotime Modern Corsac M60 LQ401"},"content":{"rendered":"<p>Justice Guard ist eine interaktivere Serie, die den Menschen Spa\u00df macht. Die Corsac M60 ist in Form eines Revolvers konzipiert, mit Real-Action-Ausl\u00f6sung und sichereren Kugeln. Seine leicht zu montierende Struktur macht ihn zu einer perfekten Wahl f\u00fcr Ihre Spielzeit. Schritt f\u00fcr Schritt erleben Sie eine zufriedenstellende Modelliererfahrung mit dem klassischen Gef\u00fchl des Wilden Westens.<\/p>\n<ul>\n<li>Hammer und Abzug eines Revolvers mit echter Wirkung<\/li>\n<li>Herausnehmbares Magazin zur Aufbewahrung von Patronen<\/li>\n<li>100 Gummib\u00e4nder als B\u00e4lle<\/li>\n<li>6 Sch\u00fcsse pro Runde<\/li>\n<li>Kein Klebstoff erforderlich, 2 Sterne auf Geb\u00e4udeebene<\/li>\n<\/ul>\n<p>Gewicht: 0,33 kg<br \/>\nMaterial : Zubeh\u00f6r, PlayWood<br \/>\nAlter: 14+<br \/>\nProdukt mm : 220 x 38 x 125 mm<br \/>\nVerpackungsgr\u00f6\u00dfe: 228,5 x 153,5 x 35 mm<br \/>\nAnzahl der St\u00fccke : 102<\/p>\n","protected":false},"excerpt":{"rendered":"<p>ROBOTIME<\/p>\n","protected":false},"featured_media":384034,"template":"","meta":{"_improvement_type_select":"improve_an_existing","_thumb_yes_seoaic":false,"_frame_yes_seoaic":false,"seoaic_generate_description":"","seoaic_improve_instructions_prompt":"","seoaic_rollback_content_improvement":"","seoaic_idea_thumbnail_generator":"","thumbnail_generated":false,"thumbnail_generate_prompt":"","seoaic_article_description":"","product-afmeting-lengte-mm":"","product-afmeting-breedte-mm":"","product-afmeting-hoogte-mm":""},"product_brand":[],"product_cat":[1617,1500,1499,1619,1615],"product_tag":[],"class_list":{"0":"post-427217","1":"product","2":"type-product","3":"status-publish","4":"has-post-thumbnail","6":"product_cat-baukasten-aus-holz","7":"product_cat-baukasten-fur-erwachsene","8":"product_cat-modellbau","9":"product_cat-robotime-de","10":"product_cat-waffen","11":"pa_merken-robotime-de","13":"first","14":"outofstock","15":"taxable","16":"shipping-taxable","17":"purchasable","18":"product-type-simple"},"df_price":26.99,"df_sale_price":"","df_regular_price":26.99,"df_image_link":"https:\/\/www.speedcube.nl\/wp-content\/uploads\/2023\/06\/Productvisuals_Modelbouw-Robotime-modern-corsac-m60-1-285x300.jpg","_links":{"self":[{"href":"https:\/\/www.speedcube.nl\/de\/wp-json\/wp\/v2\/product\/427217","targetHints":{"allow":["GET"]}}],"collection":[{"href":"https:\/\/www.speedcube.nl\/de\/wp-json\/wp\/v2\/product"}],"about":[{"href":"https:\/\/www.speedcube.nl\/de\/wp-json\/wp\/v2\/types\/product"}],"version-history":[{"count":0,"href":"https:\/\/www.speedcube.nl\/de\/wp-json\/wp\/v2\/product\/427217\/revisions"}],"wp:featuredmedia":[{"embeddable":true,"href":"https:\/\/www.speedcube.nl\/de\/wp-json\/wp\/v2\/media\/384034"}],"wp:attachment":[{"href":"https:\/\/www.speedcube.nl\/de\/wp-json\/wp\/v2\/media?parent=427217"}],"wp:term":[{"taxonomy":"product_brand","embeddable":true,"href":"https:\/\/www.speedcube.nl\/de\/wp-json\/wp\/v2\/product_brand?post=427217"},{"taxonomy":"product_cat","embeddable":true,"href":"https:\/\/www.speedcube.nl\/de\/wp-json\/wp\/v2\/product_cat?post=427217"},{"taxonomy":"product_tag","embeddable":true,"href":"https:\/\/www.speedcube.nl\/de\/wp-json\/wp\/v2\/product_tag?post=427217"}],"curies":[{"name":"wp","href":"https:\/\/api.w.org\/{rel}","templated":true}]}}