{"id":427197,"date":"2020-06-10T17:36:00","date_gmt":"2020-06-10T15:36:00","guid":{"rendered":"https:\/\/www.speedcube.nl\/unkategorisiert\/moyu-meilong-2x2-und-3x3\/"},"modified":"2026-05-13T05:11:49","modified_gmt":"2026-05-13T03:11:49","slug":"moyu-meilong-2x2-und-3x3","status":"publish","type":"product","link":"https:\/\/www.speedcube.nl\/de\/speedcube-de\/moyu-de\/moyu-meilong-2x2-und-3x3\/","title":{"rendered":"Moyu Meilong 2&#215;2 und 3&#215;3"},"content":{"rendered":"<p>Die MoYu Meilong 2&#215;2 und 3&#215;3 sind zwei sehr komplette Speedcubes, trotz ihres g\u00fcnstigen Preises. Das Niveau dieses MoYu Meilong 2&#215;2, 3&#215;3 ist sehr hoch und ist robust konstruiert. Man kann mit Sicherheit sagen, dass dieses Buch sowohl f\u00fcr Anf\u00e4nger als auch f\u00fcr Experten geeignet ist. Jetzt in einem Rabattpaket erh\u00e4ltlich.<\/p>\n","protected":false},"excerpt":{"rendered":"<p>MOYU<\/p>\n","protected":false},"featured_media":384821,"template":"","meta":{"_improvement_type_select":"improve_an_existing","_thumb_yes_seoaic":false,"_frame_yes_seoaic":false,"seoaic_generate_description":"","seoaic_improve_instructions_prompt":"","seoaic_rollback_content_improvement":"","seoaic_idea_thumbnail_generator":"","thumbnail_generated":false,"thumbnail_generate_prompt":"","seoaic_article_description":"","product-afmeting-lengte-mm":"","product-afmeting-breedte-mm":"","product-afmeting-hoogte-mm":""},"product_brand":[],"product_cat":[1267,1221,1332,1211],"product_tag":[],"class_list":{"0":"post-427197","1":"product","2":"type-product","3":"status-publish","4":"has-post-thumbnail","6":"product_cat-2x2-de","7":"product_cat-3x3-de","8":"product_cat-moyu-de","9":"product_cat-speedcube-de","10":"pa_merken-moyu-de","12":"first","13":"instock","14":"taxable","15":"shipping-taxable","16":"purchasable","17":"product-type-simple"},"df_price":12.95,"df_sale_price":"","df_regular_price":12.95,"df_image_link":"https:\/\/www.speedcube.nl\/wp-content\/uploads\/2023\/06\/Productvisuals_Speedcubes-moyu-meilong-2x2-en-3x3-1-285x300.jpg","_links":{"self":[{"href":"https:\/\/www.speedcube.nl\/de\/wp-json\/wp\/v2\/product\/427197","targetHints":{"allow":["GET"]}}],"collection":[{"href":"https:\/\/www.speedcube.nl\/de\/wp-json\/wp\/v2\/product"}],"about":[{"href":"https:\/\/www.speedcube.nl\/de\/wp-json\/wp\/v2\/types\/product"}],"version-history":[{"count":0,"href":"https:\/\/www.speedcube.nl\/de\/wp-json\/wp\/v2\/product\/427197\/revisions"}],"wp:featuredmedia":[{"embeddable":true,"href":"https:\/\/www.speedcube.nl\/de\/wp-json\/wp\/v2\/media\/384821"}],"wp:attachment":[{"href":"https:\/\/www.speedcube.nl\/de\/wp-json\/wp\/v2\/media?parent=427197"}],"wp:term":[{"taxonomy":"product_brand","embeddable":true,"href":"https:\/\/www.speedcube.nl\/de\/wp-json\/wp\/v2\/product_brand?post=427197"},{"taxonomy":"product_cat","embeddable":true,"href":"https:\/\/www.speedcube.nl\/de\/wp-json\/wp\/v2\/product_cat?post=427197"},{"taxonomy":"product_tag","embeddable":true,"href":"https:\/\/www.speedcube.nl\/de\/wp-json\/wp\/v2\/product_tag?post=427197"}],"curies":[{"name":"wp","href":"https:\/\/api.w.org\/{rel}","templated":true}]}}