{"id":427180,"date":"2020-06-07T08:09:00","date_gmt":"2020-06-07T06:09:00","guid":{"rendered":"https:\/\/www.speedcube.nl\/unkategorisiert\/time-for-machine-mini-tool-kit\/"},"modified":"2026-04-29T05:04:06","modified_gmt":"2026-04-29T03:04:06","slug":"time-for-machine-mini-tool-kit","status":"publish","type":"product","link":"https:\/\/www.speedcube.nl\/de\/modellbau\/zeit-fur-maschine\/time-for-machine-mini-tool-kit\/","title":{"rendered":"Time For Machine Mini Tool Kit"},"content":{"rendered":"<p>Dieses Set aus Mini-Zangen und Feilen aus Stahl eignet sich perfekt f\u00fcr kleine Heimwerkerarbeiten: Modellbaus\u00e4tze, Automodelle, kleine Reparaturen, Bastelarbeiten. Sie sind einfach zu handhaben, leicht und tragbar und k\u00f6nnen \u00fcberallhin mitgenommen werden, um kleine Reparaturen vorzunehmen oder Zeit mit dem Bau von Modellbaus\u00e4tzen, der Befestigung kleiner Mechanismen oder Spielzeugen zu verbringen. Der Griff besteht aus Kunststoff und ist so konzipiert, dass er auch \u00fcber l\u00e4ngere Zeitr\u00e4ume hinweg leicht zu benutzen ist. Die Metallteile bestehen aus Stahl und sind langlebig und strapazierf\u00e4hig.<\/p>\n","protected":false},"excerpt":{"rendered":"<p>ZEIT F\u00dcR MASCHINE<\/p>\n","protected":false},"featured_media":384801,"template":"","meta":{"_improvement_type_select":"improve_an_existing","_thumb_yes_seoaic":false,"_frame_yes_seoaic":false,"seoaic_generate_description":"","seoaic_improve_instructions_prompt":"","seoaic_rollback_content_improvement":"","seoaic_idea_thumbnail_generator":"","thumbnail_generated":false,"thumbnail_generate_prompt":"","seoaic_article_description":"","product-afmeting-lengte-mm":"","product-afmeting-breedte-mm":"","product-afmeting-hoogte-mm":""},"product_brand":[],"product_cat":[1499,2824,2558],"product_tag":[],"class_list":{"0":"post-427180","1":"product","2":"type-product","3":"status-publish","4":"has-post-thumbnail","6":"product_cat-modellbau","7":"product_cat-zeit-fur-maschine","8":"product_cat-aanbieding-de","9":"pa_merken-zeit-fur-maschine","11":"first","12":"instock","13":"sale","14":"taxable","15":"shipping-taxable","16":"purchasable","17":"product-type-simple"},"df_price":5.975,"df_sale_price":5.975,"df_regular_price":11.95,"df_image_link":"https:\/\/www.speedcube.nl\/wp-content\/uploads\/2023\/06\/Productvisuals_Modelbouw-Time-For-Machine-mini-tool-kit-1-285x300.jpg","_links":{"self":[{"href":"https:\/\/www.speedcube.nl\/de\/wp-json\/wp\/v2\/product\/427180","targetHints":{"allow":["GET"]}}],"collection":[{"href":"https:\/\/www.speedcube.nl\/de\/wp-json\/wp\/v2\/product"}],"about":[{"href":"https:\/\/www.speedcube.nl\/de\/wp-json\/wp\/v2\/types\/product"}],"version-history":[{"count":0,"href":"https:\/\/www.speedcube.nl\/de\/wp-json\/wp\/v2\/product\/427180\/revisions"}],"wp:featuredmedia":[{"embeddable":true,"href":"https:\/\/www.speedcube.nl\/de\/wp-json\/wp\/v2\/media\/384801"}],"wp:attachment":[{"href":"https:\/\/www.speedcube.nl\/de\/wp-json\/wp\/v2\/media?parent=427180"}],"wp:term":[{"taxonomy":"product_brand","embeddable":true,"href":"https:\/\/www.speedcube.nl\/de\/wp-json\/wp\/v2\/product_brand?post=427180"},{"taxonomy":"product_cat","embeddable":true,"href":"https:\/\/www.speedcube.nl\/de\/wp-json\/wp\/v2\/product_cat?post=427180"},{"taxonomy":"product_tag","embeddable":true,"href":"https:\/\/www.speedcube.nl\/de\/wp-json\/wp\/v2\/product_tag?post=427180"}],"curies":[{"name":"wp","href":"https:\/\/api.w.org\/{rel}","templated":true}]}}