{"id":427172,"date":"2020-05-31T12:20:00","date_gmt":"2020-05-31T10:20:00","guid":{"rendered":"https:\/\/www.speedcube.nl\/unkategorisiert\/moyu-meilong-vierblaettriges-kleeblatt\/"},"modified":"2026-05-03T05:25:55","modified_gmt":"2026-05-03T03:25:55","slug":"moyu-meilong-vierblaettriges-kleeblatt","status":"publish","type":"product","link":"https:\/\/www.speedcube.nl\/de\/speedcube-de\/moyu-de\/moyu-meilong-vierblaettriges-kleeblatt\/","title":{"rendered":"Moyu Meilong Vierbl\u00e4ttriges Kleeblatt"},"content":{"rendered":"<p>Der Vier-Klee-W\u00fcrfel wird mit flie\u00dfenden Linien kombiniert, um dem W\u00fcrfel ein neues Aussehen zu verleihen und den Spielern die M\u00f6glichkeit zu geben, verschiedene Performances zu erleben. Der magische W\u00fcrfel verwendet das Designkonzept eines kleinen inneren Kreises, der sich reibungslos drehen l\u00e4sst und sich besser anf\u00fchlt.<\/p>\n","protected":false},"excerpt":{"rendered":"<p>MOYU<\/p>\n","protected":false},"featured_media":384725,"template":"","meta":{"_improvement_type_select":"improve_an_existing","_thumb_yes_seoaic":false,"_frame_yes_seoaic":false,"seoaic_generate_description":"","seoaic_improve_instructions_prompt":"","seoaic_rollback_content_improvement":"","seoaic_idea_thumbnail_generator":"","thumbnail_generated":false,"thumbnail_generate_prompt":"","seoaic_article_description":"","product-afmeting-lengte-mm":"","product-afmeting-breedte-mm":"","product-afmeting-hoogte-mm":""},"product_brand":[],"product_cat":[1332,1279,1211],"product_tag":[],"class_list":{"0":"post-427172","1":"product","2":"type-product","3":"status-publish","4":"has-post-thumbnail","6":"product_cat-moyu-de","7":"product_cat-twist-wurfel","8":"product_cat-speedcube-de","9":"pa_merken-moyu-de","11":"first","12":"instock","13":"taxable","14":"shipping-taxable","15":"purchasable","16":"product-type-simple"},"df_price":13.95,"df_sale_price":"","df_regular_price":13.95,"df_image_link":"https:\/\/www.speedcube.nl\/wp-content\/uploads\/2023\/06\/Productvisuals_Speedcubes-moyu-meilong-four-leaf-clover-1-285x300.jpg","_links":{"self":[{"href":"https:\/\/www.speedcube.nl\/de\/wp-json\/wp\/v2\/product\/427172","targetHints":{"allow":["GET"]}}],"collection":[{"href":"https:\/\/www.speedcube.nl\/de\/wp-json\/wp\/v2\/product"}],"about":[{"href":"https:\/\/www.speedcube.nl\/de\/wp-json\/wp\/v2\/types\/product"}],"version-history":[{"count":0,"href":"https:\/\/www.speedcube.nl\/de\/wp-json\/wp\/v2\/product\/427172\/revisions"}],"wp:featuredmedia":[{"embeddable":true,"href":"https:\/\/www.speedcube.nl\/de\/wp-json\/wp\/v2\/media\/384725"}],"wp:attachment":[{"href":"https:\/\/www.speedcube.nl\/de\/wp-json\/wp\/v2\/media?parent=427172"}],"wp:term":[{"taxonomy":"product_brand","embeddable":true,"href":"https:\/\/www.speedcube.nl\/de\/wp-json\/wp\/v2\/product_brand?post=427172"},{"taxonomy":"product_cat","embeddable":true,"href":"https:\/\/www.speedcube.nl\/de\/wp-json\/wp\/v2\/product_cat?post=427172"},{"taxonomy":"product_tag","embeddable":true,"href":"https:\/\/www.speedcube.nl\/de\/wp-json\/wp\/v2\/product_tag?post=427172"}],"curies":[{"name":"wp","href":"https:\/\/api.w.org\/{rel}","templated":true}]}}