{"id":427162,"date":"2020-05-27T09:07:00","date_gmt":"2020-05-27T07:07:00","guid":{"rendered":"https:\/\/www.speedcube.nl\/unkategorisiert\/technischer-vierzylindermotor-dm13a\/"},"modified":"2026-04-30T05:12:47","modified_gmt":"2026-04-30T03:12:47","slug":"technischer-vierzylindermotor-dm13a","status":"publish","type":"product","link":"https:\/\/www.speedcube.nl\/de\/modellbau\/teching-de\/technischer-vierzylindermotor-dm13a\/","title":{"rendered":"Technischer Vierzylindermotor DM13A"},"content":{"rendered":"<p>Dieser Motor baut ma\u00dfstabsgetreue Modellbaus\u00e4tze, die nicht mit Benzin funktionieren. Nach der Montage kann der Motor mit den mitgelieferten Batterien langsam laufen. Dies ist besser f\u00fcr das Erlernen der grundlegenden Technologie der Maschine. Dieser Baukasten enth\u00e4lt 1x Vierzylinder-Motormodell, Akku, Ladeger\u00e4t, englische Anleitung und eine Metallbox.<\/p>\n<p>Gewicht: 4,0 kg<br \/>\nMaterial: rostfreier Stahl + Aluminiumlegierung<br \/>\nAlter: 10+<br \/>\nProdukt mm : 182 \u00d7 150 \u00d7 120<br \/>\nAnzahl der St\u00fccke : 357<br \/>\nMontagezeit: ca. 4 Stunden nach Anleitung<br \/>\nSchwierigkeitsgrad : 4 Sterne<br \/>\nHandbuch : Englisch Vierzylinder-Motormodell<\/p>\n","protected":false},"excerpt":{"rendered":"<p>TECHING<\/p>\n","protected":false},"featured_media":384282,"template":"","meta":{"_improvement_type_select":"improve_an_existing","_thumb_yes_seoaic":false,"_frame_yes_seoaic":false,"seoaic_generate_description":"","seoaic_improve_instructions_prompt":"","seoaic_rollback_content_improvement":"","seoaic_idea_thumbnail_generator":"","thumbnail_generated":false,"thumbnail_generate_prompt":"","seoaic_article_description":"","product-afmeting-lengte-mm":"","product-afmeting-breedte-mm":"","product-afmeting-hoogte-mm":""},"product_brand":[],"product_cat":[1500,1720,1499,1501,2324],"product_tag":[],"class_list":{"0":"post-427162","1":"product","2":"type-product","3":"status-publish","4":"has-post-thumbnail","6":"product_cat-baukasten-fur-erwachsene","7":"product_cat-metallbaukasten","8":"product_cat-modellbau","9":"product_cat-modellmotoren","10":"product_cat-teching-de","11":"pa_merken-teching-de","13":"first","14":"instock","15":"taxable","16":"shipping-taxable","17":"purchasable","18":"product-type-simple"},"df_price":449.95,"df_sale_price":"","df_regular_price":449.95,"df_image_link":"https:\/\/www.speedcube.nl\/wp-content\/uploads\/2023\/06\/Productvisuals_Modelbouw-Teching-viercilinder-motor-dm13a-1-285x300.jpg","_links":{"self":[{"href":"https:\/\/www.speedcube.nl\/de\/wp-json\/wp\/v2\/product\/427162","targetHints":{"allow":["GET"]}}],"collection":[{"href":"https:\/\/www.speedcube.nl\/de\/wp-json\/wp\/v2\/product"}],"about":[{"href":"https:\/\/www.speedcube.nl\/de\/wp-json\/wp\/v2\/types\/product"}],"version-history":[{"count":0,"href":"https:\/\/www.speedcube.nl\/de\/wp-json\/wp\/v2\/product\/427162\/revisions"}],"wp:featuredmedia":[{"embeddable":true,"href":"https:\/\/www.speedcube.nl\/de\/wp-json\/wp\/v2\/media\/384282"}],"wp:attachment":[{"href":"https:\/\/www.speedcube.nl\/de\/wp-json\/wp\/v2\/media?parent=427162"}],"wp:term":[{"taxonomy":"product_brand","embeddable":true,"href":"https:\/\/www.speedcube.nl\/de\/wp-json\/wp\/v2\/product_brand?post=427162"},{"taxonomy":"product_cat","embeddable":true,"href":"https:\/\/www.speedcube.nl\/de\/wp-json\/wp\/v2\/product_cat?post=427162"},{"taxonomy":"product_tag","embeddable":true,"href":"https:\/\/www.speedcube.nl\/de\/wp-json\/wp\/v2\/product_tag?post=427162"}],"curies":[{"name":"wp","href":"https:\/\/api.w.org\/{rel}","templated":true}]}}