{"id":427153,"date":"2024-01-20T13:05:00","date_gmt":"2024-01-20T12:05:00","guid":{"rendered":"https:\/\/www.speedcube.nl\/unkategorisiert\/yj-speedcube-zeitschaltuhr\/"},"modified":"2026-05-12T05:04:03","modified_gmt":"2026-05-12T03:04:03","slug":"yj-speedcube-zeitschaltuhr","status":"publish","type":"product","link":"https:\/\/www.speedcube.nl\/de\/speedcube-de\/yj-de\/yj-speedcube-zeitschaltuhr\/","title":{"rendered":"YJ Speedcube Zeitschaltuhr"},"content":{"rendered":"<p>Der YJ Speedcubing Timer ist ein Timer, der speziell f\u00fcr Speedcubing entwickelt wurde! Das Sch\u00f6ne daran ist, dass sich der Knopf zum Zur\u00fccksetzen des Timers nicht auf der Vorderseite des Timers befindet, so dass es unm\u00f6glich ist, den Timer durch versehentliches Fallenlassen des W\u00fcrfels zur\u00fcckzusetzen! Dieser Timer hat auch die M\u00f6glichkeit, pers\u00f6nliche Bestzeiten zu speichern und einen Durchschnitt von 12 oder einen Durchschnitt aller gespeicherten L\u00f6sungen anzuzeigen. Die Au\u00dfenseite des Timers ist mit einer glatten, weichen Silikonoberfl\u00e4che umh\u00fcllt, die toll aussieht und sich auch so anf\u00fchlt!<\/p>\n<p>Er hat auf der R\u00fcckseite L\u00f6cher zur Befestigung an Matten mit Timer-Aufs\u00e4tzen und kann \u00fcber ein Zusatzkabel an Ihren Computer angeschlossen werden. (AAA-Batterien NICHT enthalten)<\/p>\n<p>HINWEIS: Der YJ Speedcube Timer kann aufgrund der Kompatibilit\u00e4t mit bestimmten Modellen und Marken nicht f\u00fcr alle Matten verwendet werden.<\/p>\n","protected":false},"excerpt":{"rendered":"<p>YJ<\/p>\n","protected":false},"featured_media":384769,"template":"","meta":{"_improvement_type_select":"improve_an_existing","_thumb_yes_seoaic":false,"_frame_yes_seoaic":false,"seoaic_generate_description":"","seoaic_improve_instructions_prompt":"","seoaic_rollback_content_improvement":"","seoaic_idea_thumbnail_generator":"","thumbnail_generated":false,"thumbnail_generate_prompt":"","seoaic_article_description":"","product-afmeting-lengte-mm":"","product-afmeting-breedte-mm":"","product-afmeting-hoogte-mm":""},"product_brand":[],"product_cat":[2174,1211,1987],"product_tag":[],"class_list":{"0":"post-427153","1":"product","2":"type-product","3":"status-publish","4":"has-post-thumbnail","6":"product_cat-yj-de","7":"product_cat-speedcube-de","8":"product_cat-zeitschaltuhren","9":"pa_merken-yj-de","11":"first","12":"instock","13":"taxable","14":"shipping-taxable","15":"purchasable","16":"product-type-variable"},"df_price":18.95,"df_sale_price":"","df_regular_price":18.95,"df_image_link":"https:\/\/www.speedcube.nl\/wp-content\/uploads\/2023\/06\/Productvisuals_Speedcubes-yj-speedcube-timer-1-285x300.jpg","_links":{"self":[{"href":"https:\/\/www.speedcube.nl\/de\/wp-json\/wp\/v2\/product\/427153","targetHints":{"allow":["GET"]}}],"collection":[{"href":"https:\/\/www.speedcube.nl\/de\/wp-json\/wp\/v2\/product"}],"about":[{"href":"https:\/\/www.speedcube.nl\/de\/wp-json\/wp\/v2\/types\/product"}],"version-history":[{"count":0,"href":"https:\/\/www.speedcube.nl\/de\/wp-json\/wp\/v2\/product\/427153\/revisions"}],"wp:featuredmedia":[{"embeddable":true,"href":"https:\/\/www.speedcube.nl\/de\/wp-json\/wp\/v2\/media\/384769"}],"wp:attachment":[{"href":"https:\/\/www.speedcube.nl\/de\/wp-json\/wp\/v2\/media?parent=427153"}],"wp:term":[{"taxonomy":"product_brand","embeddable":true,"href":"https:\/\/www.speedcube.nl\/de\/wp-json\/wp\/v2\/product_brand?post=427153"},{"taxonomy":"product_cat","embeddable":true,"href":"https:\/\/www.speedcube.nl\/de\/wp-json\/wp\/v2\/product_cat?post=427153"},{"taxonomy":"product_tag","embeddable":true,"href":"https:\/\/www.speedcube.nl\/de\/wp-json\/wp\/v2\/product_tag?post=427153"}],"curies":[{"name":"wp","href":"https:\/\/api.w.org\/{rel}","templated":true}]}}