{"id":427143,"date":"2020-05-29T14:09:00","date_gmt":"2020-05-29T12:09:00","guid":{"rendered":"https:\/\/www.speedcube.nl\/unkategorisiert\/yuxin-kleine-magie-6x6-m\/"},"modified":"2026-05-14T05:16:37","modified_gmt":"2026-05-14T03:16:37","slug":"yuxin-kleine-magie-6x6-m","status":"publish","type":"product","link":"https:\/\/www.speedcube.nl\/de\/speedcube-de\/6x6-de\/yuxin-kleine-magie-6x6-m\/","title":{"rendered":"Yuxin Kleine Magie 6&#215;6 M"},"content":{"rendered":"<p>Die Little Magic M Serie hat einen weiteren Neuzugang, den YuXin Little Magic 6&#215;6 M. Wie die anderen Modelle der Serie f\u00fchlt sich auch der 6&#215;6 sehr leicht an und l\u00e4uft super geschmeidig. Dieser Speed Cube ist mit Kugellagern und Magneten ausgestattet, um ein reibungsloses Spielgef\u00fchl zu gew\u00e4hrleisten. Man muss sie erst einschrauben, denn nach dem Auspacken f\u00fchlt sie sich ein wenig steif an.<\/p>\n","protected":false},"excerpt":{"rendered":"<p>YUXIN<\/p>\n","protected":false},"featured_media":384632,"template":"","meta":{"_improvement_type_select":"improve_an_existing","_thumb_yes_seoaic":false,"_frame_yes_seoaic":false,"seoaic_generate_description":"","seoaic_improve_instructions_prompt":"","seoaic_rollback_content_improvement":"","seoaic_idea_thumbnail_generator":"","thumbnail_generated":false,"thumbnail_generate_prompt":"","seoaic_article_description":"","product-afmeting-lengte-mm":"","product-afmeting-breedte-mm":"","product-afmeting-hoogte-mm":""},"product_brand":[],"product_cat":[2143,1377,1211],"product_tag":[],"class_list":{"0":"post-427143","1":"product","2":"type-product","3":"status-publish","4":"has-post-thumbnail","6":"product_cat-6x6-de","7":"product_cat-yuxin-de","8":"product_cat-speedcube-de","9":"pa_merken-yuxin-de","11":"first","12":"outofstock","13":"taxable","14":"shipping-taxable","15":"purchasable","16":"product-type-simple"},"df_price":21.95,"df_sale_price":"","df_regular_price":21.95,"df_image_link":"https:\/\/www.speedcube.nl\/wp-content\/uploads\/2023\/06\/Productvisuals_Speedcubes-yuxin-little-magic-6x6-m-1-285x300.jpg","_links":{"self":[{"href":"https:\/\/www.speedcube.nl\/de\/wp-json\/wp\/v2\/product\/427143","targetHints":{"allow":["GET"]}}],"collection":[{"href":"https:\/\/www.speedcube.nl\/de\/wp-json\/wp\/v2\/product"}],"about":[{"href":"https:\/\/www.speedcube.nl\/de\/wp-json\/wp\/v2\/types\/product"}],"version-history":[{"count":0,"href":"https:\/\/www.speedcube.nl\/de\/wp-json\/wp\/v2\/product\/427143\/revisions"}],"wp:featuredmedia":[{"embeddable":true,"href":"https:\/\/www.speedcube.nl\/de\/wp-json\/wp\/v2\/media\/384632"}],"wp:attachment":[{"href":"https:\/\/www.speedcube.nl\/de\/wp-json\/wp\/v2\/media?parent=427143"}],"wp:term":[{"taxonomy":"product_brand","embeddable":true,"href":"https:\/\/www.speedcube.nl\/de\/wp-json\/wp\/v2\/product_brand?post=427143"},{"taxonomy":"product_cat","embeddable":true,"href":"https:\/\/www.speedcube.nl\/de\/wp-json\/wp\/v2\/product_cat?post=427143"},{"taxonomy":"product_tag","embeddable":true,"href":"https:\/\/www.speedcube.nl\/de\/wp-json\/wp\/v2\/product_tag?post=427143"}],"curies":[{"name":"wp","href":"https:\/\/api.w.org\/{rel}","templated":true}]}}