{"id":427136,"date":"2020-06-28T08:53:00","date_gmt":"2020-06-28T06:53:00","guid":{"rendered":"https:\/\/www.speedcube.nl\/unkategorisiert\/magicyoyo-n6\/"},"modified":"2026-04-30T05:14:51","modified_gmt":"2026-04-30T03:14:51","slug":"magicyoyo-n6","status":"publish","type":"product","link":"https:\/\/www.speedcube.nl\/de\/aanbieding-de\/magicyoyo-n6\/","title":{"rendered":"MagicYoYo N6"},"content":{"rendered":"<p>Das Magic YoYo N6 &#8222;Magistrate&#8220; ist ein weiteres super breites Aluminium-YoYo, das den Nachfolger des N5 Desperado darstellt! Der N6 ist nicht so breit wie der Desperado und hat eine abgesetzte Form. W\u00e4hrend das N5 wie ein Mini-Diabolo aussah, sieht das N6 eher wie ein normales Yo-Yo aus. Es ist auch ziemlich schwer, was beim Spielen \u00fcberraschen mag, aber das sorgt f\u00fcr kraftvolle Drehungen und ein anspruchsvolles Training. Dieses Yo-Yo ist f\u00fcr mittlere und fortgeschrittene Spieler gedacht. Wie alle Magic YoYo&#8217;s hat das N6 gewichtete Au\u00dfenkanten, die lange Spins garantieren. Das Yo-Yo ist aus fantastisch aussehendem, hochwertigem 6061er Aluminium gefertigt.<\/p>\n<p>Lager: Gr\u00f6\u00dfe C<br \/>\nGewicht: 66,5 Gramm<br \/>\nDurchmesser: 51,3 mm<br \/>\nBreite 41,3 mm<br \/>\n(Un)ansprechbar<\/p>\n","protected":false},"excerpt":{"rendered":"<p>MAGICYOYO<\/p>\n","protected":false},"featured_media":385477,"template":"","meta":{"_improvement_type_select":"improve_an_existing","_thumb_yes_seoaic":false,"_frame_yes_seoaic":false,"seoaic_generate_description":"","seoaic_improve_instructions_prompt":"","seoaic_rollback_content_improvement":"","seoaic_idea_thumbnail_generator":"","thumbnail_generated":false,"thumbnail_generate_prompt":"","seoaic_article_description":"","product-afmeting-lengte-mm":"","product-afmeting-breedte-mm":"","product-afmeting-hoogte-mm":""},"product_brand":[],"product_cat":[1705,1238,2558],"product_tag":[],"class_list":{"0":"post-427136","1":"product","2":"type-product","3":"status-publish","4":"has-post-thumbnail","6":"product_cat-magicyoyo-de","7":"product_cat-yo-yos","8":"product_cat-aanbieding-de","9":"pa_merken-magicyoyo-de","11":"first","12":"onbackorder","13":"sale","14":"taxable","15":"shipping-taxable","16":"purchasable","17":"product-type-variable"},"df_price":10,"df_sale_price":"","df_regular_price":10,"df_image_link":"https:\/\/www.speedcube.nl\/wp-content\/uploads\/2023\/06\/Productvisuals_yoyo-magicyoyo-n6-1-285x300.jpg","_links":{"self":[{"href":"https:\/\/www.speedcube.nl\/de\/wp-json\/wp\/v2\/product\/427136","targetHints":{"allow":["GET"]}}],"collection":[{"href":"https:\/\/www.speedcube.nl\/de\/wp-json\/wp\/v2\/product"}],"about":[{"href":"https:\/\/www.speedcube.nl\/de\/wp-json\/wp\/v2\/types\/product"}],"version-history":[{"count":0,"href":"https:\/\/www.speedcube.nl\/de\/wp-json\/wp\/v2\/product\/427136\/revisions"}],"wp:featuredmedia":[{"embeddable":true,"href":"https:\/\/www.speedcube.nl\/de\/wp-json\/wp\/v2\/media\/385477"}],"wp:attachment":[{"href":"https:\/\/www.speedcube.nl\/de\/wp-json\/wp\/v2\/media?parent=427136"}],"wp:term":[{"taxonomy":"product_brand","embeddable":true,"href":"https:\/\/www.speedcube.nl\/de\/wp-json\/wp\/v2\/product_brand?post=427136"},{"taxonomy":"product_cat","embeddable":true,"href":"https:\/\/www.speedcube.nl\/de\/wp-json\/wp\/v2\/product_cat?post=427136"},{"taxonomy":"product_tag","embeddable":true,"href":"https:\/\/www.speedcube.nl\/de\/wp-json\/wp\/v2\/product_tag?post=427136"}],"curies":[{"name":"wp","href":"https:\/\/api.w.org\/{rel}","templated":true}]}}