{"id":427108,"date":"2020-06-28T08:04:00","date_gmt":"2020-06-28T06:04:00","guid":{"rendered":"https:\/\/www.speedcube.nl\/unkategorisiert\/magicyoyo-ein-drittel\/"},"modified":"2026-05-12T05:04:05","modified_gmt":"2026-05-12T03:04:05","slug":"magicyoyo-ein-drittel","status":"publish","type":"product","link":"https:\/\/www.speedcube.nl\/de\/yo-yos\/magicyoyo-de\/magicyoyo-ein-drittel\/","title":{"rendered":"MagicYoYo Ein Drittel"},"content":{"rendered":"<p>Magic YoYo&#8217;s neues Einsteiger-YoYo ist das One Third (1\/3)! Aus haltbarem Kunststoff mit einer einfachen, breiten Schmetterlingsform und einem d\u00fcnnen, reaktionsschnellen Lager. Das One Third ist ideal f\u00fcr alle, die gerade erst mit dem Jo-Jo-Spielen beginnen. Es dreht sich schnell, dreht sich lange und kommt in die Hand zur\u00fcck, wenn man an der Schnur zieht. Das Beste von allem ist, dass es leicht mit jedem Standard C-Lower aufger\u00fcstet werden kann, um es zu einem lustigen kleinen nicht-responsiven Yo-Yo zu machen!<\/p>\n<p>HINWEIS: Die d\u00fcnnen, durchsichtigen Kunststoffkappen k\u00f6nnen sich w\u00e4hrend des Spiels abl\u00f6sen, sind aber f\u00fcr das Spiel nicht unbedingt erforderlich. Sie k\u00f6nnen sie einfach zur\u00fcckklicken, wenn Sie wollen, ansonsten k\u00f6nnen Sie sie ganz l\u00f6schen.<\/p>\n<p>Lager: Gr\u00f6\u00dfe C (schmales Lager)<br \/>\nGewicht: 54 Gramm<br \/>\nDurchmesser: 56,5 mm<br \/>\nBreite: 42,4 mm<br \/>\n(Un)ansprechbar<\/p>\n","protected":false},"excerpt":{"rendered":"<p>MAGICYOYO<\/p>\n","protected":false},"featured_media":385381,"template":"","meta":{"_improvement_type_select":"improve_an_existing","_thumb_yes_seoaic":false,"_frame_yes_seoaic":false,"seoaic_generate_description":"","seoaic_improve_instructions_prompt":"","seoaic_rollback_content_improvement":"","seoaic_idea_thumbnail_generator":"","thumbnail_generated":false,"thumbnail_generate_prompt":"","seoaic_article_description":"","product-afmeting-lengte-mm":"","product-afmeting-breedte-mm":"","product-afmeting-hoogte-mm":""},"product_brand":[],"product_cat":[1419,1418,1705,1238],"product_tag":[],"class_list":{"0":"post-427108","1":"product","2":"type-product","3":"status-publish","4":"has-post-thumbnail","6":"product_cat-ansprechbar","7":"product_cat-kunststoff","8":"product_cat-magicyoyo-de","9":"product_cat-yo-yos","10":"pa_merken-magicyoyo-de","12":"first","13":"instock","14":"sale","15":"taxable","16":"shipping-taxable","17":"purchasable","18":"product-type-variable"},"df_price":5,"df_sale_price":"","df_regular_price":5,"df_image_link":"https:\/\/www.speedcube.nl\/wp-content\/uploads\/2023\/06\/Productvisuals_yoyo-magicyoyo-one-third-285x300.jpg","_links":{"self":[{"href":"https:\/\/www.speedcube.nl\/de\/wp-json\/wp\/v2\/product\/427108","targetHints":{"allow":["GET"]}}],"collection":[{"href":"https:\/\/www.speedcube.nl\/de\/wp-json\/wp\/v2\/product"}],"about":[{"href":"https:\/\/www.speedcube.nl\/de\/wp-json\/wp\/v2\/types\/product"}],"version-history":[{"count":0,"href":"https:\/\/www.speedcube.nl\/de\/wp-json\/wp\/v2\/product\/427108\/revisions"}],"wp:featuredmedia":[{"embeddable":true,"href":"https:\/\/www.speedcube.nl\/de\/wp-json\/wp\/v2\/media\/385381"}],"wp:attachment":[{"href":"https:\/\/www.speedcube.nl\/de\/wp-json\/wp\/v2\/media?parent=427108"}],"wp:term":[{"taxonomy":"product_brand","embeddable":true,"href":"https:\/\/www.speedcube.nl\/de\/wp-json\/wp\/v2\/product_brand?post=427108"},{"taxonomy":"product_cat","embeddable":true,"href":"https:\/\/www.speedcube.nl\/de\/wp-json\/wp\/v2\/product_cat?post=427108"},{"taxonomy":"product_tag","embeddable":true,"href":"https:\/\/www.speedcube.nl\/de\/wp-json\/wp\/v2\/product_tag?post=427108"}],"curies":[{"name":"wp","href":"https:\/\/api.w.org\/{rel}","templated":true}]}}