{"id":427082,"date":"2020-07-30T08:04:00","date_gmt":"2020-07-30T06:04:00","guid":{"rendered":"https:\/\/www.speedcube.nl\/unkategorisiert\/sengso-mr-m-megaminx\/"},"modified":"2026-05-12T05:01:58","modified_gmt":"2026-05-12T03:01:58","slug":"sengso-mr-m-megaminx","status":"publish","type":"product","link":"https:\/\/www.speedcube.nl\/de\/speedcube-de\/sengso-de\/sengso-mr-m-megaminx\/","title":{"rendered":"Sengso MR.M Megaminx"},"content":{"rendered":"<p>Der Shengshou Mr.M Megaminx ist ein gutes Beispiel f\u00fcr einen guten Mittelklasse-Megaminx, auch f\u00fcr Anf\u00e4nger und fortgeschrittene Cuber. Er dreht sich reibungslos direkt aus der Verpackung heraus und enth\u00e4lt leichte bis mittelstarke Magnete.<\/p>\n","protected":false},"excerpt":{"rendered":"<p>SENGSO<\/p>\n","protected":false},"featured_media":386365,"template":"","meta":{"_improvement_type_select":"improve_an_existing","_thumb_yes_seoaic":false,"_frame_yes_seoaic":false,"seoaic_generate_description":"","seoaic_improve_instructions_prompt":"","seoaic_rollback_content_improvement":"","seoaic_idea_thumbnail_generator":"","thumbnail_generated":false,"thumbnail_generate_prompt":"","seoaic_article_description":"","product-afmeting-lengte-mm":"","product-afmeting-breedte-mm":"","product-afmeting-hoogte-mm":""},"product_brand":[],"product_cat":[1378,1778,1211],"product_tag":[],"class_list":{"0":"post-427082","1":"product","2":"type-product","3":"status-publish","4":"has-post-thumbnail","6":"product_cat-megaminx-de","7":"product_cat-sengso-de","8":"product_cat-speedcube-de","9":"pa_merken-sengso-de","11":"first","12":"instock","13":"taxable","14":"shipping-taxable","15":"purchasable","16":"product-type-simple"},"df_price":18.95,"df_sale_price":"","df_regular_price":18.95,"df_image_link":"https:\/\/www.speedcube.nl\/wp-content\/uploads\/2023\/06\/Productvisuals_Speedcubes-sengso-mr.m-megaminx-1-285x300.jpg","_links":{"self":[{"href":"https:\/\/www.speedcube.nl\/de\/wp-json\/wp\/v2\/product\/427082","targetHints":{"allow":["GET"]}}],"collection":[{"href":"https:\/\/www.speedcube.nl\/de\/wp-json\/wp\/v2\/product"}],"about":[{"href":"https:\/\/www.speedcube.nl\/de\/wp-json\/wp\/v2\/types\/product"}],"version-history":[{"count":0,"href":"https:\/\/www.speedcube.nl\/de\/wp-json\/wp\/v2\/product\/427082\/revisions"}],"wp:featuredmedia":[{"embeddable":true,"href":"https:\/\/www.speedcube.nl\/de\/wp-json\/wp\/v2\/media\/386365"}],"wp:attachment":[{"href":"https:\/\/www.speedcube.nl\/de\/wp-json\/wp\/v2\/media?parent=427082"}],"wp:term":[{"taxonomy":"product_brand","embeddable":true,"href":"https:\/\/www.speedcube.nl\/de\/wp-json\/wp\/v2\/product_brand?post=427082"},{"taxonomy":"product_cat","embeddable":true,"href":"https:\/\/www.speedcube.nl\/de\/wp-json\/wp\/v2\/product_cat?post=427082"},{"taxonomy":"product_tag","embeddable":true,"href":"https:\/\/www.speedcube.nl\/de\/wp-json\/wp\/v2\/product_tag?post=427082"}],"curies":[{"name":"wp","href":"https:\/\/api.w.org\/{rel}","templated":true}]}}