{"id":427055,"date":"2020-07-09T15:56:00","date_gmt":"2020-07-09T13:56:00","guid":{"rendered":"https:\/\/www.speedcube.nl\/unkategorisiert\/hoelzerne-stadt-hoelzerner-express\/"},"modified":"2026-05-02T05:01:52","modified_gmt":"2026-05-02T03:01:52","slug":"hoelzerne-stadt-hoelzerner-express","status":"publish","type":"product","link":"https:\/\/www.speedcube.nl\/de\/modellbau\/holzerne-stadt\/hoelzerne-stadt-hoelzerner-express\/","title":{"rendered":"H\u00f6lzerne Stadt H\u00f6lzerner Express"},"content":{"rendered":"<p>Der Modellbausatz Wooden City Express versetzt Sie in die Vergangenheit. Mit all den perfekt gestalteten realistischen Details werden Sie Ihre Augen erfreuen. Wer hat noch nie mit einer Spielzeugeisenbahn auf einer Schiene gespielt? Mit dem Wooden Express 3D-Puzzle kannst du es selbst zusammenbauen.<\/p>\n<p>Vervollst\u00e4ndigen Sie Ihre Wooden City Zugsammlung mit dem Wooden Express mit Tender und Bahnhofsbahnsteig. Die wundersch\u00f6n detaillierten 3D-Puzzles aus Holz lassen die Herzen vieler Eisenbahnliebhaber h\u00f6her schlagen. Die Zugmodelle sind ein echtes Muss f\u00fcr Fans von allem, was mit Z\u00fcgen zu tun hat. Alle Teile sind wundersch\u00f6n detailliert. Ein Laserbrenner wurde eingesetzt, um die Elemente weiter zu versch\u00f6nern und sch\u00f6ne Details hinzuzuf\u00fcgen. Die Zugmodelle machen Sie und\/oder Ihre Kinder mit den verschiedenen Teilen vertraut. Dieses 3D-Puzzle ist ein tolles Geschenk f\u00fcr alle, die sich f\u00fcr Z\u00fcge begeistern.<\/p>\n<p>Anzahl der Teile: 400<br \/>\nAbmessungen in cm: 35 x 11 x 12 cm<br \/>\nHergestellt in: Polen<br \/>\nAlter: 14+<br \/>\nMaterial: Birkensperrholz<br \/>\nMontagezeit: 8 Stunden<\/p>\n","protected":false},"excerpt":{"rendered":"<p>HOLZSTADT<\/p>\n","protected":false},"featured_media":385897,"template":"","meta":{"_improvement_type_select":"improve_an_existing","_thumb_yes_seoaic":false,"_frame_yes_seoaic":false,"seoaic_generate_description":"","seoaic_improve_instructions_prompt":"","seoaic_rollback_content_improvement":"","seoaic_idea_thumbnail_generator":"","thumbnail_generated":false,"thumbnail_generate_prompt":"","seoaic_article_description":"","product-afmeting-lengte-mm":"","product-afmeting-breedte-mm":"","product-afmeting-hoogte-mm":""},"product_brand":[],"product_cat":[2851,1499,2558],"product_tag":[],"class_list":{"0":"post-427055","1":"product","2":"type-product","3":"status-publish","4":"has-post-thumbnail","6":"product_cat-holzerne-stadt","7":"product_cat-modellbau","8":"product_cat-aanbieding-de","9":"pa_merken-holzstadt","11":"first","12":"instock","13":"sale","14":"taxable","15":"shipping-taxable","16":"purchasable","17":"product-type-simple"},"df_price":39.98,"df_sale_price":39.98,"df_regular_price":79.95,"df_image_link":"https:\/\/www.speedcube.nl\/wp-content\/uploads\/2023\/06\/Productvisuals_Modelbouw-Wooden-City-wooden-express-1-285x300.jpg","_links":{"self":[{"href":"https:\/\/www.speedcube.nl\/de\/wp-json\/wp\/v2\/product\/427055","targetHints":{"allow":["GET"]}}],"collection":[{"href":"https:\/\/www.speedcube.nl\/de\/wp-json\/wp\/v2\/product"}],"about":[{"href":"https:\/\/www.speedcube.nl\/de\/wp-json\/wp\/v2\/types\/product"}],"version-history":[{"count":0,"href":"https:\/\/www.speedcube.nl\/de\/wp-json\/wp\/v2\/product\/427055\/revisions"}],"wp:featuredmedia":[{"embeddable":true,"href":"https:\/\/www.speedcube.nl\/de\/wp-json\/wp\/v2\/media\/385897"}],"wp:attachment":[{"href":"https:\/\/www.speedcube.nl\/de\/wp-json\/wp\/v2\/media?parent=427055"}],"wp:term":[{"taxonomy":"product_brand","embeddable":true,"href":"https:\/\/www.speedcube.nl\/de\/wp-json\/wp\/v2\/product_brand?post=427055"},{"taxonomy":"product_cat","embeddable":true,"href":"https:\/\/www.speedcube.nl\/de\/wp-json\/wp\/v2\/product_cat?post=427055"},{"taxonomy":"product_tag","embeddable":true,"href":"https:\/\/www.speedcube.nl\/de\/wp-json\/wp\/v2\/product_tag?post=427055"}],"curies":[{"name":"wp","href":"https:\/\/api.w.org\/{rel}","templated":true}]}}